{"id":5537,"date":"2023-06-09T10:59:33","date_gmt":"2023-06-09T15:59:33","guid":{"rendered":"https:\/\/www.celec.gob.ec\/transelectric\/?page_id=5537"},"modified":"2023-06-09T11:00:54","modified_gmt":"2023-06-09T16:00:54","slug":"esia-pgas-de-la-interconexion-electrica-ecuador-peru-a-500-kv","status":"publish","type":"page","link":"https:\/\/www.celec.gob.ec\/transelectric\/esia-pgas-de-la-interconexion-electrica-ecuador-peru-a-500-kv\/","title":{"rendered":"ESIA\/PGAS de la interconexi\u00f3n el\u00e9ctrica Ecuador &#8211; Per\u00fa a 500 kV"},"content":{"rendered":"\n<p><a href=\"https:\/\/www.celec.gob.ec\/transelectric\/images\/stories\/noticias\/2021WEB\/DOCU2021\/ECUPER2021\/docs500kV\/RG-L1140%20ESIA_PGAS%20marzo%202021.pdf\" target=\"_blank\" rel=\"noreferrer noopener\">RG-L1140 ESIA_PGAS marzo 2021<\/a><br><a href=\"https:\/\/www.celec.gob.ec\/transelectric\/images\/stories\/noticias\/2021WEB\/DOCU2021\/ECUPER2021\/docs500kV\/RG-L1140%20ESIA_PGAS%20Anexos%20marzo%202021%20(1).pdf\" target=\"_blank\" rel=\"noreferrer noopener\">RG-L1140 ESIA_PGAS Anexos marzo 2021 (1)<\/a><br><a href=\"https:\/\/www.celec.gob.ec\/transelectric\/images\/stories\/noticias\/2021WEB\/DOCU2021\/ECUPER2021\/docs500kV\/RG-L1140%20ESIA_PGAS%20Anexos%20marzo%202021%20(2).pdf\" target=\"_blank\" rel=\"noreferrer noopener\">RG-L1140 ESIA_PGAS Anexos marzo 2021 (2)<\/a><br><a href=\"https:\/\/www.celec.gob.ec\/transelectric\/images\/stories\/noticias\/2021WEB\/DOCU2021\/ECUPER2021\/docs500kV\/RG-L1140%20ESIA_PGAS%20Anexos%20marzo%202021%20(3).pdf\" target=\"_blank\" rel=\"noreferrer noopener\">RG-L1140 ESIA_PGAS Anexos marzo 2021 (3)<\/a><\/p>\n","protected":false},"excerpt":{"rendered":"<p>RG-L1140 ESIA_PGAS marzo 2021RG-L1140 ESIA_PGAS Anexos marzo 2021 (1)RG-L1140 ESIA_PGAS Anexos marzo 2021 (2)RG-L1140 ESIA_PGAS Anexos marzo 2021 (3)<\/p>\n","protected":false},"author":1,"featured_media":0,"parent":0,"menu_order":0,"comment_status":"closed","ping_status":"closed","template":"","meta":{"_acf_changed":false,"inline_featured_image":false,"_themeisle_gutenberg_block_has_review":false,"footnotes":""},"categories":[],"tags":[],"class_list":["post-5537","page","type-page","status-publish","hentry"],"acf":[],"_links":{"self":[{"href":"https:\/\/www.celec.gob.ec\/transelectric\/wp-json\/wp\/v2\/pages\/5537","targetHints":{"allow":["GET"]}}],"collection":[{"href":"https:\/\/www.celec.gob.ec\/transelectric\/wp-json\/wp\/v2\/pages"}],"about":[{"href":"https:\/\/www.celec.gob.ec\/transelectric\/wp-json\/wp\/v2\/types\/page"}],"author":[{"embeddable":true,"href":"https:\/\/www.celec.gob.ec\/transelectric\/wp-json\/wp\/v2\/users\/1"}],"replies":[{"embeddable":true,"href":"https:\/\/www.celec.gob.ec\/transelectric\/wp-json\/wp\/v2\/comments?post=5537"}],"version-history":[{"count":3,"href":"https:\/\/www.celec.gob.ec\/transelectric\/wp-json\/wp\/v2\/pages\/5537\/revisions"}],"predecessor-version":[{"id":5541,"href":"https:\/\/www.celec.gob.ec\/transelectric\/wp-json\/wp\/v2\/pages\/5537\/revisions\/5541"}],"wp:attachment":[{"href":"https:\/\/www.celec.gob.ec\/transelectric\/wp-json\/wp\/v2\/media?parent=5537"}],"wp:term":[{"taxonomy":"category","embeddable":true,"href":"https:\/\/www.celec.gob.ec\/transelectric\/wp-json\/wp\/v2\/categories?post=5537"},{"taxonomy":"post_tag","embeddable":true,"href":"https:\/\/www.celec.gob.ec\/transelectric\/wp-json\/wp\/v2\/tags?post=5537"}],"curies":[{"name":"wp","href":"https:\/\/api.w.org\/{rel}","templated":true}]}}