{"id":5542,"date":"2023-06-09T11:17:18","date_gmt":"2023-06-09T16:17:18","guid":{"rendered":"https:\/\/www.celec.gob.ec\/transelectric\/?page_id=5542"},"modified":"2023-06-09T11:17:19","modified_gmt":"2023-06-09T16:17:19","slug":"productos-informativos-del-sistema-de-interconexion-electrica-ecuador-peru-a-500-kv-realizados","status":"publish","type":"page","link":"https:\/\/www.celec.gob.ec\/transelectric\/productos-informativos-del-sistema-de-interconexion-electrica-ecuador-peru-a-500-kv-realizados\/","title":{"rendered":"Productos informativos del sistema de interconexi\u00f3n el\u00e9ctrica Ecuador &#8211; Per\u00fa a 500 kV (realizados)"},"content":{"rendered":"\n<p><a href=\"https:\/\/nodanielfx.wistia.com\/projects\/yiccjtuqtv\" target=\"_blank\" rel=\"noreferrer noopener\">VIDEO INTERCONEXI\u00d3N ECUADOR &#8211; PER\u00da A 500 kV<\/a><br><a href=\"https:\/\/www.celec.gob.ec\/transelectric\/images\/stories\/noticias\/2021WEB\/DOCU2021\/ECUPER2021\/productosecuperu\/Brochure_Celec_EP_Transelectric.pdf\" target=\"_blank\" rel=\"noreferrer noopener\">BROCHURE<\/a><br><a href=\"https:\/\/www.celec.gob.ec\/transelectric\/images\/stories\/noticias\/2021WEB\/DOCU2021\/ECUPER2021\/productosecuperu\/Infografia_Reasentamiento%20y%20restablecimiento%20Medios%20de%20Vida(1).pdf\" target=\"_blank\" rel=\"noreferrer noopener\">INFOGRAF\u00cdA<\/a><\/p>\n","protected":false},"excerpt":{"rendered":"<p>VIDEO INTERCONEXI\u00d3N ECUADOR &#8211; PER\u00da A 500 kVBROCHUREINFOGRAF\u00cdA<\/p>\n","protected":false},"author":1,"featured_media":0,"parent":0,"menu_order":0,"comment_status":"closed","ping_status":"closed","template":"","meta":{"_acf_changed":false,"inline_featured_image":false,"_themeisle_gutenberg_block_has_review":false,"footnotes":""},"categories":[],"tags":[],"class_list":["post-5542","page","type-page","status-publish","hentry"],"acf":[],"_links":{"self":[{"href":"https:\/\/www.celec.gob.ec\/transelectric\/wp-json\/wp\/v2\/pages\/5542","targetHints":{"allow":["GET"]}}],"collection":[{"href":"https:\/\/www.celec.gob.ec\/transelectric\/wp-json\/wp\/v2\/pages"}],"about":[{"href":"https:\/\/www.celec.gob.ec\/transelectric\/wp-json\/wp\/v2\/types\/page"}],"author":[{"embeddable":true,"href":"https:\/\/www.celec.gob.ec\/transelectric\/wp-json\/wp\/v2\/users\/1"}],"replies":[{"embeddable":true,"href":"https:\/\/www.celec.gob.ec\/transelectric\/wp-json\/wp\/v2\/comments?post=5542"}],"version-history":[{"count":1,"href":"https:\/\/www.celec.gob.ec\/transelectric\/wp-json\/wp\/v2\/pages\/5542\/revisions"}],"predecessor-version":[{"id":5547,"href":"https:\/\/www.celec.gob.ec\/transelectric\/wp-json\/wp\/v2\/pages\/5542\/revisions\/5547"}],"wp:attachment":[{"href":"https:\/\/www.celec.gob.ec\/transelectric\/wp-json\/wp\/v2\/media?parent=5542"}],"wp:term":[{"taxonomy":"category","embeddable":true,"href":"https:\/\/www.celec.gob.ec\/transelectric\/wp-json\/wp\/v2\/categories?post=5542"},{"taxonomy":"post_tag","embeddable":true,"href":"https:\/\/www.celec.gob.ec\/transelectric\/wp-json\/wp\/v2\/tags?post=5542"}],"curies":[{"name":"wp","href":"https:\/\/api.w.org\/{rel}","templated":true}]}}