{"id":5556,"date":"2023-06-09T11:24:59","date_gmt":"2023-06-09T16:24:59","guid":{"rendered":"https:\/\/www.celec.gob.ec\/transelectric\/?page_id=5556"},"modified":"2023-06-09T11:30:28","modified_gmt":"2023-06-09T16:30:28","slug":"estudios-de-impacto-ambiental-sistema-de-transmision-tanicuchi-a-230-138-69-kv","status":"publish","type":"page","link":"https:\/\/www.celec.gob.ec\/transelectric\/estudios-de-impacto-ambiental-sistema-de-transmision-tanicuchi-a-230-138-69-kv\/","title":{"rendered":"Estudios de impacto ambiental sistema de transmisi\u00f3n Tanicuchi a 230\/138\/69 kV"},"content":{"rendered":"\n<ol class=\"wp-block-list\" start=\"0\">\n<li><a href=\"https:\/\/www.celec.gob.ec\/transelectric\/images\/stories\/noticias\/2021WEB\/Tanicuhiweb\/d\/c\/01.%20Cap%C3%ADtulos%201%20al%205%20-%20EIA.pdf\" target=\"_blank\" rel=\"noreferrer noopener\">Resumen Ejecutivo<\/a><\/li>\n\n\n\n<li><a href=\"https:\/\/www.celec.gob.ec\/transelectric\/images\/stories\/noticias\/2021WEB\/Tanicuhiweb\/d\/c\/01.%20Cap%C3%ADtulos%201%20al%205%20-%20EIA.pdf\" target=\"_blank\" rel=\"noreferrer noopener\">Cap\u00edtulos 1 al 5 &#8211; EIA<\/a><\/li>\n\n\n\n<li><a href=\"https:\/\/www.celec.gob.ec\/transelectric\/images\/stories\/noticias\/2021WEB\/Tanicuhiweb\/d\/c\/02.%20Cap%C3%ADtulo%206%20-%20EIA%20%20-%20L%C3%ADnea%20Base.pdf\" target=\"_blank\" rel=\"noreferrer noopener\">Cap\u00edtulo 6 &#8211; EIA &#8211; L\u00ednea Base<\/a><\/li>\n\n\n\n<li><a href=\"https:\/\/www.celec.gob.ec\/transelectric\/images\/stories\/noticias\/2021WEB\/Tanicuhiweb\/d\/c\/03.%20Cap%C3%ADtulo%207%20-%20EIA%20-%20Descripci%C3%B3n%20del%20Proyecto.pdf\" target=\"_blank\" rel=\"noreferrer noopener\">Cap\u00edtulo 7 &#8211; EIA &#8211; Descripci\u00f3n del Proyecto<\/a><\/li>\n\n\n\n<li><a href=\"https:\/\/www.celec.gob.ec\/transelectric\/images\/stories\/noticias\/2021WEB\/Tanicuhiweb\/d\/c\/04.%20Cap%C3%ADtulo%208%20-%20EIA%20-%20An%C3%A1lisis%20de%20Alternativas.pdf\" target=\"_blank\" rel=\"noreferrer noopener\">Cap\u00edtulo 8 &#8211; EIA &#8211; An\u00e1lisis de Alternativas<\/a><\/li>\n\n\n\n<li><a href=\"https:\/\/www.celec.gob.ec\/transelectric\/images\/stories\/noticias\/2021WEB\/Tanicuhiweb\/d\/c\/05.%20Cap%C3%ADtulo%209%20-%20EIA%20-%20%C3%81rea%20de%20Influencia%20y%20%C3%81reas%20Sensibles.pdf\" target=\"_blank\" rel=\"noreferrer noopener\">Cap\u00edtulo 9 &#8211; EIA &#8211; \u00c1rea de Influencia y \u00c1reas Sensibles<\/a><\/li>\n\n\n\n<li><a href=\"https:\/\/www.celec.gob.ec\/transelectric\/images\/stories\/noticias\/2021WEB\/Tanicuhiweb\/d\/c\/06.%20Cap%C3%ADtulo%2010%20%20-%20EIA%20-%20Inventario%20Forestal%20y%20Valoraci%C3%B3n%20Econ%C3%B3mica.pdf\" target=\"_blank\" rel=\"noreferrer noopener\">Cap\u00edtulo 10 &#8211; EIA &#8211; Inventario Forestal y Valoraci\u00f3n Econ\u00f3mica<\/a><\/li>\n\n\n\n<li><a href=\"https:\/\/www.celec.gob.ec\/transelectric\/images\/stories\/noticias\/2021WEB\/Tanicuhiweb\/d\/c\/07.%20Cap%C3%ADtulo%2011-%20EIA%20-%20Identificaci%C3%B3n%20y%20Evaluaci%C3%B3n%20de%20Impactos.pdf\" target=\"_blank\" rel=\"noreferrer noopener\">Cap\u00edtulo 11- EIA &#8211; Identificaci\u00f3n y Evaluaci\u00f3n de Impactos<\/a><\/li>\n\n\n\n<li><a rel=\"noreferrer noopener\" href=\"https:\/\/www.celec.gob.ec\/transelectric\/images\/stories\/noticias\/2021WEB\/Tanicuhiweb\/d\/c\/08.%20Cap%C3%ADtulo%2012%20-%20EIA%20%20-%20An%C3%A1lisis%20de%20Riesgos.pdf\" target=\"_blank\">Cap\u00edtulo 12 &#8211; EIA &#8211; An\u00e1lisis de Riesgos<\/a><\/li>\n\n\n\n<li><a rel=\"noreferrer noopener\" href=\"https:\/\/www.celec.gob.ec\/transelectric\/images\/stories\/noticias\/2021WEB\/Tanicuhiweb\/d\/c\/09.Cap%C3%ADtulo%2013%20-%20EIA%20-%20PMA.pdf\" target=\"_blank\">Cap\u00edtulo 13 &#8211; EIA &#8211; PMA<\/a><\/li>\n\n\n\n<li><a href=\"https:\/\/www.celec.gob.ec\/transelectric\/images\/stories\/noticias\/2021WEB\/Tanicuhiweb\/d\/c\/10.%20Cap%C3%ADtulo%2014%20-%20EIA-%20Bibliograf%C3%ADa.pdf\" target=\"_blank\" rel=\"noreferrer noopener\">Cap\u00edtulo 14 &#8211; EIA- Bibliograf\u00eda<\/a><\/li>\n\n\n\n<li><a href=\"https:\/\/www.celec.gob.ec\/transelectric\/11.%20Matriz%20de%20Evaluaci%C3%B3n%20Tanicuch%C3%AD.pdf\" target=\"_blank\" rel=\"noreferrer noopener\">Matriz de Evaluaci\u00f3n Tanicuch\u00ed<\/a><br><a href=\"https:\/\/www.celec.gob.ec\/transelectric\/anexos-sistema-de-transmision-tanicuchi-a-230-138-69-kv\/\">ANEXOS<\/a><\/li>\n<\/ol>\n","protected":false},"excerpt":{"rendered":"","protected":false},"author":1,"featured_media":0,"parent":0,"menu_order":0,"comment_status":"closed","ping_status":"closed","template":"","meta":{"_acf_changed":false,"inline_featured_image":false,"_themeisle_gutenberg_block_has_review":false,"footnotes":""},"categories":[],"tags":[],"class_list":["post-5556","page","type-page","status-publish","hentry"],"acf":[],"_links":{"self":[{"href":"https:\/\/www.celec.gob.ec\/transelectric\/wp-json\/wp\/v2\/pages\/5556","targetHints":{"allow":["GET"]}}],"collection":[{"href":"https:\/\/www.celec.gob.ec\/transelectric\/wp-json\/wp\/v2\/pages"}],"about":[{"href":"https:\/\/www.celec.gob.ec\/transelectric\/wp-json\/wp\/v2\/types\/page"}],"author":[{"embeddable":true,"href":"https:\/\/www.celec.gob.ec\/transelectric\/wp-json\/wp\/v2\/users\/1"}],"replies":[{"embeddable":true,"href":"https:\/\/www.celec.gob.ec\/transelectric\/wp-json\/wp\/v2\/comments?post=5556"}],"version-history":[{"count":7,"href":"https:\/\/www.celec.gob.ec\/transelectric\/wp-json\/wp\/v2\/pages\/5556\/revisions"}],"predecessor-version":[{"id":5571,"href":"https:\/\/www.celec.gob.ec\/transelectric\/wp-json\/wp\/v2\/pages\/5556\/revisions\/5571"}],"wp:attachment":[{"href":"https:\/\/www.celec.gob.ec\/transelectric\/wp-json\/wp\/v2\/media?parent=5556"}],"wp:term":[{"taxonomy":"category","embeddable":true,"href":"https:\/\/www.celec.gob.ec\/transelectric\/wp-json\/wp\/v2\/categories?post=5556"},{"taxonomy":"post_tag","embeddable":true,"href":"https:\/\/www.celec.gob.ec\/transelectric\/wp-json\/wp\/v2\/tags?post=5556"}],"curies":[{"name":"wp","href":"https:\/\/api.w.org\/{rel}","templated":true}]}}