{"id":5569,"date":"2023-06-09T11:30:12","date_gmt":"2023-06-09T16:30:12","guid":{"rendered":"https:\/\/www.celec.gob.ec\/transelectric\/?page_id=5569"},"modified":"2023-06-09T11:43:18","modified_gmt":"2023-06-09T16:43:18","slug":"anexos-sistema-de-transmision-tanicuchi-a-230-138-69-kv","status":"publish","type":"page","link":"https:\/\/www.celec.gob.ec\/transelectric\/anexos-sistema-de-transmision-tanicuchi-a-230-138-69-kv\/","title":{"rendered":"Anexos sistema de transmisi\u00f3n Tanicuchi a 230\/138\/69 kV"},"content":{"rendered":"\n<p><a href=\"https:\/\/www.celec.gob.ec\/transelectric\/images\/stories\/noticias\/2021WEB\/Tanicuhiweb\/d\/c\/ANEXOS\/ACREDITACI%C3%93N%20DE%20LABORATORIO\/Certificado%20de%20Acreditaci%C3%B3n%20SAE.pdf\" target=\"_blank\" rel=\"noreferrer noopener\">ACREDITACI\u00d3N DE LABORATORIO<\/a><br><a href=\"https:\/\/www.celec.gob.ec\/transelectric\/reportes-de-laboratorio-del-sistema-de-transmision-tanicuchi-a-230-138-69-kv\/\">REPORTES DE LABORATORIO<\/a><br><a href=\"https:\/\/www.celec.gob.ec\/transelectric\/cartografia-del-sistema-de-transmision-tanicuchi-a-230-138-69-kv\/\">CARTOGRAF\u00cdA<\/a><br><a href=\"https:\/\/www.celec.gob.ec\/transelectric\/formulario-de-campo-del-sistema-de-transmision-tanicuchi-a-230-138-69-kv\/\">SOCIAL<\/a><br><a href=\"https:\/\/www.celec.gob.ec\/transelectric\/images\/stories\/noticias\/2021WEB\/Tanicuhiweb\/d\/c\/ANEXOS\/BIOTICO\/1.%20Anexo%20Fotogr%C3%A1fico%20Bi%C3%B3tico.pdf\" target=\"_blank\" rel=\"noreferrer noopener\">BI\u00d3TICO<\/a><\/p>\n","protected":false},"excerpt":{"rendered":"<p>ACREDITACI\u00d3N DE LABORATORIOREPORTES DE LABORATORIOCARTOGRAF\u00cdASOCIALBI\u00d3TICO<\/p>\n","protected":false},"author":1,"featured_media":0,"parent":0,"menu_order":0,"comment_status":"closed","ping_status":"closed","template":"","meta":{"_acf_changed":false,"inline_featured_image":false,"_themeisle_gutenberg_block_has_review":false,"footnotes":""},"categories":[],"tags":[],"class_list":["post-5569","page","type-page","status-publish","hentry"],"acf":[],"_links":{"self":[{"href":"https:\/\/www.celec.gob.ec\/transelectric\/wp-json\/wp\/v2\/pages\/5569","targetHints":{"allow":["GET"]}}],"collection":[{"href":"https:\/\/www.celec.gob.ec\/transelectric\/wp-json\/wp\/v2\/pages"}],"about":[{"href":"https:\/\/www.celec.gob.ec\/transelectric\/wp-json\/wp\/v2\/types\/page"}],"author":[{"embeddable":true,"href":"https:\/\/www.celec.gob.ec\/transelectric\/wp-json\/wp\/v2\/users\/1"}],"replies":[{"embeddable":true,"href":"https:\/\/www.celec.gob.ec\/transelectric\/wp-json\/wp\/v2\/comments?post=5569"}],"version-history":[{"count":5,"href":"https:\/\/www.celec.gob.ec\/transelectric\/wp-json\/wp\/v2\/pages\/5569\/revisions"}],"predecessor-version":[{"id":5591,"href":"https:\/\/www.celec.gob.ec\/transelectric\/wp-json\/wp\/v2\/pages\/5569\/revisions\/5591"}],"wp:attachment":[{"href":"https:\/\/www.celec.gob.ec\/transelectric\/wp-json\/wp\/v2\/media?parent=5569"}],"wp:term":[{"taxonomy":"category","embeddable":true,"href":"https:\/\/www.celec.gob.ec\/transelectric\/wp-json\/wp\/v2\/categories?post=5569"},{"taxonomy":"post_tag","embeddable":true,"href":"https:\/\/www.celec.gob.ec\/transelectric\/wp-json\/wp\/v2\/tags?post=5569"}],"curies":[{"name":"wp","href":"https:\/\/api.w.org\/{rel}","templated":true}]}}