{"id":5607,"date":"2023-06-09T14:02:47","date_gmt":"2023-06-09T19:02:47","guid":{"rendered":"https:\/\/www.celec.gob.ec\/transelectric\/?page_id=5607"},"modified":"2023-06-09T14:06:23","modified_gmt":"2023-06-09T19:06:23","slug":"pdots-del-sistema-tanicuchi-a-230-138-69-kv","status":"publish","type":"page","link":"https:\/\/www.celec.gob.ec\/transelectric\/pdots-del-sistema-tanicuchi-a-230-138-69-kv\/","title":{"rendered":"PDOTs del sistema Tanicuchi a 230\/138\/69 kV"},"content":{"rendered":"\n<p><a href=\"https:\/\/www.celec.gob.ec\/transelectric\/provincia-cotopaxi-del-sistema-transmision-de-tanicuchi-a-230-138-69-kv\/\">Provincia Cotopaxi<\/a><br><a href=\"https:\/\/www.celec.gob.ec\/transelectric\/images\/stories\/noticias\/2021WEB\/Tanicuhiweb\/d\/c\/ANEXOS\/SOCIAL\/PDOTs\/Parroquia%20Tanicuchi\/PDOT_GADP_Tanicuchi.pdf\">Parroquia Tanicuch\u00ed<\/a><br><a href=\"https:\/\/www.celec.gob.ec\/transelectric\/PDOT_GADP_S.%20J.%20DE%20PASTOCALLE.pdf\">Parroquia San Jos\u00e9 de Pastocalle<\/a><br><a href=\"https:\/\/www.celec.gob.ec\/transelectric\/images\/stories\/noticias\/2021WEB\/Tanicuhiweb\/d\/c\/ANEXOS\/SOCIAL\/PDOTs\/Parroquia%20Guaytacama\/PDOT_GADP_Guaytacama.pdf\">Parroquia Guaytacama<\/a><br><a href=\"https:\/\/www.celec.gob.ec\/transelectric\/images\/stories\/noticias\/2021WEB\/Tanicuhiweb\/d\/c\/ANEXOS\/SOCIAL\/PDOTs\/Parroquia%20Alaquez\/PDOT_GADP_AL%C2%A6QUEZ.pdf\">Parroquia Al\u00e1quez<\/a><br><a href=\"https:\/\/www.celec.gob.ec\/transelectric\/canton-latacunga-del-sistema-transmision-de-tanicuchi-a-230-138-69-kv\/\">Cant\u00f3n Latacunga<\/a><\/p>\n","protected":false},"excerpt":{"rendered":"<p>Provincia CotopaxiParroquia Tanicuch\u00edParroquia San Jos\u00e9 de PastocalleParroquia GuaytacamaParroquia Al\u00e1quezCant\u00f3n Latacunga<\/p>\n","protected":false},"author":1,"featured_media":0,"parent":0,"menu_order":0,"comment_status":"closed","ping_status":"closed","template":"","meta":{"_acf_changed":false,"inline_featured_image":false,"_themeisle_gutenberg_block_has_review":false,"footnotes":""},"categories":[30],"tags":[],"class_list":["post-5607","page","type-page","status-publish","hentry","category-responsabilidad-social"],"acf":[],"_links":{"self":[{"href":"https:\/\/www.celec.gob.ec\/transelectric\/wp-json\/wp\/v2\/pages\/5607","targetHints":{"allow":["GET"]}}],"collection":[{"href":"https:\/\/www.celec.gob.ec\/transelectric\/wp-json\/wp\/v2\/pages"}],"about":[{"href":"https:\/\/www.celec.gob.ec\/transelectric\/wp-json\/wp\/v2\/types\/page"}],"author":[{"embeddable":true,"href":"https:\/\/www.celec.gob.ec\/transelectric\/wp-json\/wp\/v2\/users\/1"}],"replies":[{"embeddable":true,"href":"https:\/\/www.celec.gob.ec\/transelectric\/wp-json\/wp\/v2\/comments?post=5607"}],"version-history":[{"count":6,"href":"https:\/\/www.celec.gob.ec\/transelectric\/wp-json\/wp\/v2\/pages\/5607\/revisions"}],"predecessor-version":[{"id":5620,"href":"https:\/\/www.celec.gob.ec\/transelectric\/wp-json\/wp\/v2\/pages\/5607\/revisions\/5620"}],"wp:attachment":[{"href":"https:\/\/www.celec.gob.ec\/transelectric\/wp-json\/wp\/v2\/media?parent=5607"}],"wp:term":[{"taxonomy":"category","embeddable":true,"href":"https:\/\/www.celec.gob.ec\/transelectric\/wp-json\/wp\/v2\/categories?post=5607"},{"taxonomy":"post_tag","embeddable":true,"href":"https:\/\/www.celec.gob.ec\/transelectric\/wp-json\/wp\/v2\/tags?post=5607"}],"curies":[{"name":"wp","href":"https:\/\/api.w.org\/{rel}","templated":true}]}}