{"id":5618,"date":"2023-06-09T14:06:09","date_gmt":"2023-06-09T19:06:09","guid":{"rendered":"https:\/\/www.celec.gob.ec\/transelectric\/?page_id=5618"},"modified":"2023-06-09T14:06:52","modified_gmt":"2023-06-09T19:06:52","slug":"canton-latacunga-del-sistema-transmision-de-tanicuchi-a-230-138-69-kv","status":"publish","type":"page","link":"https:\/\/www.celec.gob.ec\/transelectric\/canton-latacunga-del-sistema-transmision-de-tanicuchi-a-230-138-69-kv\/","title":{"rendered":"Cant\u00f3n Latacunga del sistema transmisi\u00f3n de Tanicuch\u00ed a 230\/138\/69 kV"},"content":{"rendered":"\n<p><a href=\"https:\/\/www.celec.gob.ec\/transelectric\/images\/stories\/noticias\/2021WEB\/Tanicuhiweb\/d\/c\/ANEXOS\/SOCIAL\/PDOTs\/Cant%C3%B3n%20Latacunga\/2%20Plan%20de%20Ordenamiento%20Territorial.pdf\" target=\"_blank\" rel=\"noreferrer noopener\">2 Plan de Ordenamiento Territorial<\/a><br><a href=\"https:\/\/www.celec.gob.ec\/transelectric\/images\/stories\/noticias\/2021WEB\/Tanicuhiweb\/d\/c\/ANEXOS\/SOCIAL\/PDOTs\/Cant%C3%B3n%20Latacunga\/1%20Plan%20de%20Desarrollo.pdf\" target=\"_blank\" rel=\"noreferrer noopener\">1 Plan de Desarrollo<\/a><\/p>\n","protected":false},"excerpt":{"rendered":"<p>2 Plan de Ordenamiento Territorial1 Plan de Desarrollo<\/p>\n","protected":false},"author":1,"featured_media":0,"parent":0,"menu_order":0,"comment_status":"closed","ping_status":"closed","template":"","meta":{"_acf_changed":false,"inline_featured_image":false,"_themeisle_gutenberg_block_has_review":false,"footnotes":""},"categories":[30],"tags":[],"class_list":["post-5618","page","type-page","status-publish","hentry","category-responsabilidad-social"],"acf":[],"_links":{"self":[{"href":"https:\/\/www.celec.gob.ec\/transelectric\/wp-json\/wp\/v2\/pages\/5618","targetHints":{"allow":["GET"]}}],"collection":[{"href":"https:\/\/www.celec.gob.ec\/transelectric\/wp-json\/wp\/v2\/pages"}],"about":[{"href":"https:\/\/www.celec.gob.ec\/transelectric\/wp-json\/wp\/v2\/types\/page"}],"author":[{"embeddable":true,"href":"https:\/\/www.celec.gob.ec\/transelectric\/wp-json\/wp\/v2\/users\/1"}],"replies":[{"embeddable":true,"href":"https:\/\/www.celec.gob.ec\/transelectric\/wp-json\/wp\/v2\/comments?post=5618"}],"version-history":[{"count":2,"href":"https:\/\/www.celec.gob.ec\/transelectric\/wp-json\/wp\/v2\/pages\/5618\/revisions"}],"predecessor-version":[{"id":5621,"href":"https:\/\/www.celec.gob.ec\/transelectric\/wp-json\/wp\/v2\/pages\/5618\/revisions\/5621"}],"wp:attachment":[{"href":"https:\/\/www.celec.gob.ec\/transelectric\/wp-json\/wp\/v2\/media?parent=5618"}],"wp:term":[{"taxonomy":"category","embeddable":true,"href":"https:\/\/www.celec.gob.ec\/transelectric\/wp-json\/wp\/v2\/categories?post=5618"},{"taxonomy":"post_tag","embeddable":true,"href":"https:\/\/www.celec.gob.ec\/transelectric\/wp-json\/wp\/v2\/tags?post=5618"}],"curies":[{"name":"wp","href":"https:\/\/api.w.org\/{rel}","templated":true}]}}