{"id":5650,"date":"2023-06-09T14:28:11","date_gmt":"2023-06-09T19:28:11","guid":{"rendered":"https:\/\/www.celec.gob.ec\/transelectric\/?page_id=5650"},"modified":"2023-06-09T14:33:12","modified_gmt":"2023-06-09T19:33:12","slug":"cartografia-del-sistema-de-transmision-la-avanzada-230-138-kv-2","status":"publish","type":"page","link":"https:\/\/www.celec.gob.ec\/transelectric\/cartografia-del-sistema-de-transmision-la-avanzada-230-138-kv-2\/","title":{"rendered":"Cartograf\u00eda del sistema de transmisi\u00f3n La Avanzada 230\/138 kV"},"content":{"rendered":"\n<p><a rel=\"noreferrer noopener\" href=\"http:\/\/www.celec.gob.ec\/transelectric\/images\/stories\/noticias\/2021WEB\/STLaAvanzada\/ANEXOS\/3.%20CARTOGRAF%C3%8DA\/01)%20Mapa%20Pol%C3%ADtico%20Administrativo.pdf\" target=\"_blank\">Mapa Pol\u00edtico Administrativo<\/a><br><a rel=\"noreferrer noopener\" href=\"http:\/\/www.celec.gob.ec\/transelectric\/images\/stories\/noticias\/2021WEB\/STLaAvanzada\/ANEXOS\/3.%20CARTOGRAF%C3%8DA\/02)%20Mapa%20Base.pdf\" target=\"_blank\">Mapa Base<\/a><br><a href=\"http:\/\/www.celec.gob.ec\/transelectric\/images\/stories\/noticias\/2021WEB\/STLaAvanzada\/ANEXOS\/3.%20CARTOGRAF%C3%8DA\/03)%20Mapa%20de%20Infraestructura%20del%20Proyecto.pdf\" target=\"_blank\" rel=\"noreferrer noopener\">Mapa de Infraestructura del Proyecto<\/a><br><a href=\"http:\/\/www.celec.gob.ec\/transelectric\/images\/stories\/noticias\/2021WEB\/STLaAvanzada\/ANEXOS\/3.%20CARTOGRAF%C3%8DA\/04)%20Mapa%20de%20%C3%81reas%20Potegidas.pdf\" target=\"_blank\" rel=\"noreferrer noopener\">Mapa de \u00c1reas Potegidas<\/a><br><a href=\"http:\/\/www.celec.gob.ec\/transelectric\/images\/stories\/noticias\/2021WEB\/STLaAvanzada\/ANEXOS\/3.%20CARTOGRAF%C3%8DA\/05)%20Mapa%20Geol%C3%B3gico.pdf\" target=\"_blank\" rel=\"noreferrer noopener\">Mapa Geol\u00f3gico<\/a><br><a href=\"http:\/\/www.celec.gob.ec\/transelectric\/images\/stories\/noticias\/2021WEB\/STLaAvanzada\/ANEXOS\/3.%20CARTOGRAF%C3%8DA\/06)%20Mapa%20Geomorfol%C3%B3gico.pdf\" target=\"_blank\" rel=\"noreferrer noopener\">Mapa Geomorfol\u00f3gico<\/a><br><a href=\"http:\/\/www.celec.gob.ec\/transelectric\/images\/stories\/noticias\/2021WEB\/STLaAvanzada\/ANEXOS\/3.%20CARTOGRAF%C3%8DA\/07)%20Mapa%20de%20Pendientes.pdf\" target=\"_blank\" rel=\"noreferrer noopener\">Mapa de Pendientes<\/a><br><a href=\"http:\/\/www.celec.gob.ec\/transelectric\/images\/stories\/noticias\/2021WEB\/STLaAvanzada\/ANEXOS\/3.%20CARTOGRAF%C3%8DA\/08)%20Mapa%20Sismotect%C3%B3nico.pdf\" target=\"_blank\" rel=\"noreferrer noopener\">Mapa Sismotect\u00f3nico<\/a><br><a href=\"http:\/\/www.celec.gob.ec\/transelectric\/images\/stories\/noticias\/2021WEB\/STLaAvanzada\/ANEXOS\/3.%20CARTOGRAF%C3%8DA\/09)%20Mapa%20de%20Suelos.pdf\" target=\"_blank\" rel=\"noreferrer noopener\">Mapa de Suelos<\/a><br><a href=\"http:\/\/www.celec.gob.ec\/transelectric\/images\/stories\/noticias\/2021WEB\/STLaAvanzada\/ANEXOS\/3.%20CARTOGRAF%C3%8DA\/10)%20Mapa%20de%20Clima.pdf\" target=\"_blank\" rel=\"noreferrer noopener\">Mapa de Clima<\/a><br><a href=\"http:\/\/www.celec.gob.ec\/transelectric\/images\/stories\/noticias\/2021WEB\/STLaAvanzada\/ANEXOS\/3.%20CARTOGRAF%C3%8DA\/11)%20Mapa%20de%20Cuencas%20Hidrogr%C3%A1ficas.pdf\" target=\"_blank\" rel=\"noreferrer noopener\">Mapa de Cuencas Hidrogr\u00e1ficas<\/a><br><a href=\"http:\/\/www.celec.gob.ec\/transelectric\/images\/stories\/noticias\/2021WEB\/STLaAvanzada\/ANEXOS\/3.%20CARTOGRAF%C3%8DA\/12)%20Mapa%20Hidrogeol%C3%B3gico.pdf\" target=\"_blank\" rel=\"noreferrer noopener\">Mapa Hidrogeol\u00f3gico<\/a><br><a href=\"http:\/\/www.celec.gob.ec\/transelectric\/images\/stories\/noticias\/2021WEB\/STLaAvanzada\/ANEXOS\/3.%20CARTOGRAF%C3%8DA\/13)%20Mapa%20de%20Cobertura%20Vegetal.pdf\" target=\"_blank\" rel=\"noreferrer noopener\">Mapa de Cobertura Vegetal<\/a><br><a href=\"http:\/\/www.celec.gob.ec\/transelectric\/images\/stories\/noticias\/2021WEB\/STLaAvanzada\/ANEXOS\/3.%20CARTOGRAF%C3%8DA\/14)%20Mapa%20de%20Ecosistemas.pdf\" target=\"_blank\" rel=\"noreferrer noopener\">Mapa de Ecosistemas<\/a><br><a href=\"http:\/\/www.celec.gob.ec\/transelectric\/images\/stories\/noticias\/2021WEB\/STLaAvanzada\/ANEXOS\/3.%20CARTOGRAF%C3%8DA\/15)%20Mapa%20de%20Alternativas.pdf\" target=\"_blank\" rel=\"noreferrer noopener\">Mapa de Alternativas<\/a><br><a href=\"http:\/\/www.celec.gob.ec\/transelectric\/images\/stories\/noticias\/2021WEB\/STLaAvanzada\/ANEXOS\/3.%20CARTOGRAF%C3%8DA\/16)%20Mapa%20de%20%C3%81reas%20de%20Influencia%20General.pdf\" target=\"_blank\" rel=\"noreferrer noopener\">Mapa de \u00c1reas de Influencia General<\/a><br><a href=\"http:\/\/www.celec.gob.ec\/transelectric\/images\/stories\/noticias\/2021WEB\/STLaAvanzada\/ANEXOS\/3.%20CARTOGRAF%C3%8DA\/17.1)%20Mapa%20de%20%C3%81reas%20de%20Influencia%20Directa%20F%C3%ADsica.pdf\" target=\"_blank\" rel=\"noreferrer noopener\">Mapa de \u00c1reas de Influencia Directa F\u00edsica<\/a><br><a href=\"http:\/\/www.celec.gob.ec\/transelectric\/images\/stories\/noticias\/2021WEB\/STLaAvanzada\/ANEXOS\/3.%20CARTOGRAF%C3%8DA\/17.2)%20Mapa%20de%20%C3%81reas%20de%20Influencia%20Indirecta%20F%C3%ADsica.pdf\" target=\"_blank\" rel=\"noreferrer noopener\">Mapa de \u00c1reas de Influencia Indirecta F\u00edsica<\/a><br><a href=\"http:\/\/www.celec.gob.ec\/transelectric\/images\/stories\/noticias\/2021WEB\/STLaAvanzada\/ANEXOS\/3.%20CARTOGRAF%C3%8DA\/17.3)%20Mapa%20de%20%C3%81reas%20de%20Influencia%20Directa%20Bi%C3%B3tica.pdf\" target=\"_blank\" rel=\"noreferrer noopener\">Mapa de \u00c1reas de Influencia Directa Bi\u00f3tica<\/a><br><a href=\"http:\/\/www.celec.gob.ec\/transelectric\/images\/stories\/noticias\/2021WEB\/STLaAvanzada\/ANEXOS\/3.%20CARTOGRAF%C3%8DA\/17.4)%20Mapa%20de%20%C3%81reas%20de%20Influencia%20Indirecta%20Bi%C3%B3tica.pdf\" target=\"_blank\" rel=\"noreferrer noopener\">Mapa de \u00c1reas de Influencia Indirecta Bi\u00f3tica<\/a><br><a href=\"http:\/\/www.celec.gob.ec\/transelectric\/images\/stories\/noticias\/2021WEB\/STLaAvanzada\/ANEXOS\/3.%20CARTOGRAF%C3%8DA\/17.5)%20Mapa%20de%20%C3%81reas%20de%20Influencia%20Directa%20Social.pdf\" target=\"_blank\" rel=\"noreferrer noopener\">Mapa de \u00c1reas de Influencia Directa Social<\/a><br><a href=\"http:\/\/www.celec.gob.ec\/transelectric\/images\/stories\/noticias\/2021WEB\/STLaAvanzada\/ANEXOS\/3.%20CARTOGRAF%C3%8DA\/17.6)%20Mapa%20de%20%C3%81reas%20de%20Influencia%20Indirecta%20Social.pdf\" target=\"_blank\" rel=\"noreferrer noopener\">Mapa de \u00c1reas de Influencia Indirecta Social<\/a><\/p>\n","protected":false},"excerpt":{"rendered":"<p>Mapa Pol\u00edtico AdministrativoMapa BaseMapa de Infraestructura del ProyectoMapa de \u00c1reas PotegidasMapa Geol\u00f3gicoMapa Geomorfol\u00f3gicoMapa de PendientesMapa Sismotect\u00f3nicoMapa de SuelosMapa de ClimaMapa de Cuencas Hidrogr\u00e1ficasMapa Hidrogeol\u00f3gicoMapa de Cobertura VegetalMapa de EcosistemasMapa de AlternativasMapa de \u00c1reas de Influencia GeneralMapa de \u00c1reas de Influencia Directa F\u00edsicaMapa de \u00c1reas de Influencia Indirecta F\u00edsicaMapa de \u00c1reas de Influencia Directa Bi\u00f3ticaMapa de [&hellip;]<\/p>\n","protected":false},"author":1,"featured_media":0,"parent":0,"menu_order":0,"comment_status":"closed","ping_status":"closed","template":"","meta":{"_acf_changed":false,"inline_featured_image":false,"_themeisle_gutenberg_block_has_review":false,"footnotes":""},"categories":[],"tags":[],"class_list":["post-5650","page","type-page","status-publish","hentry"],"acf":[],"_links":{"self":[{"href":"https:\/\/www.celec.gob.ec\/transelectric\/wp-json\/wp\/v2\/pages\/5650","targetHints":{"allow":["GET"]}}],"collection":[{"href":"https:\/\/www.celec.gob.ec\/transelectric\/wp-json\/wp\/v2\/pages"}],"about":[{"href":"https:\/\/www.celec.gob.ec\/transelectric\/wp-json\/wp\/v2\/types\/page"}],"author":[{"embeddable":true,"href":"https:\/\/www.celec.gob.ec\/transelectric\/wp-json\/wp\/v2\/users\/1"}],"replies":[{"embeddable":true,"href":"https:\/\/www.celec.gob.ec\/transelectric\/wp-json\/wp\/v2\/comments?post=5650"}],"version-history":[{"count":2,"href":"https:\/\/www.celec.gob.ec\/transelectric\/wp-json\/wp\/v2\/pages\/5650\/revisions"}],"predecessor-version":[{"id":5654,"href":"https:\/\/www.celec.gob.ec\/transelectric\/wp-json\/wp\/v2\/pages\/5650\/revisions\/5654"}],"wp:attachment":[{"href":"https:\/\/www.celec.gob.ec\/transelectric\/wp-json\/wp\/v2\/media?parent=5650"}],"wp:term":[{"taxonomy":"category","embeddable":true,"href":"https:\/\/www.celec.gob.ec\/transelectric\/wp-json\/wp\/v2\/categories?post=5650"},{"taxonomy":"post_tag","embeddable":true,"href":"https:\/\/www.celec.gob.ec\/transelectric\/wp-json\/wp\/v2\/tags?post=5650"}],"curies":[{"name":"wp","href":"https:\/\/api.w.org\/{rel}","templated":true}]}}