{"id":5678,"date":"2023-06-09T14:48:05","date_gmt":"2023-06-09T19:48:05","guid":{"rendered":"https:\/\/www.celec.gob.ec\/transelectric\/?page_id=5678"},"modified":"2023-06-09T15:14:39","modified_gmt":"2023-06-09T20:14:39","slug":"documentos-de-la-linea-de-transmision-santa-rosa-pomasqui-i-en-operacion","status":"publish","type":"page","link":"https:\/\/www.celec.gob.ec\/transelectric\/documentos-de-la-linea-de-transmision-santa-rosa-pomasqui-i-en-operacion\/","title":{"rendered":"Documentos de la l\u00ednea de transmisi\u00f3n Santa Rosa Pomasqui I &#8211; en operaci\u00f3n"},"content":{"rendered":"\n<p><a href=\"https:\/\/www.celec.gob.ec\/transelectric\/estudio-de-impacto-ambiental-de-la-linea-de-transmision-santa-rosa-pomasqui-i-en-operacion\/\">ESTUDIOS DE IMPACTO AMBIENTAL Y SOCIAL<\/a><br><a href=\"https:\/\/www.celec.gob.ec\/transelectric\/productos-informativos-de-la-linea-de-transmision-santa-rosa-pomasqui-i-en-operacion\/\">PRODUCTOS INFORMATIVOS<\/a><\/p>\n","protected":false},"excerpt":{"rendered":"<p>ESTUDIOS DE IMPACTO AMBIENTAL Y SOCIALPRODUCTOS INFORMATIVOS<\/p>\n","protected":false},"author":1,"featured_media":0,"parent":0,"menu_order":0,"comment_status":"closed","ping_status":"closed","template":"","meta":{"_acf_changed":false,"inline_featured_image":false,"_themeisle_gutenberg_block_has_review":false,"footnotes":""},"categories":[30],"tags":[],"class_list":["post-5678","page","type-page","status-publish","hentry","category-responsabilidad-social"],"acf":[],"_links":{"self":[{"href":"https:\/\/www.celec.gob.ec\/transelectric\/wp-json\/wp\/v2\/pages\/5678","targetHints":{"allow":["GET"]}}],"collection":[{"href":"https:\/\/www.celec.gob.ec\/transelectric\/wp-json\/wp\/v2\/pages"}],"about":[{"href":"https:\/\/www.celec.gob.ec\/transelectric\/wp-json\/wp\/v2\/types\/page"}],"author":[{"embeddable":true,"href":"https:\/\/www.celec.gob.ec\/transelectric\/wp-json\/wp\/v2\/users\/1"}],"replies":[{"embeddable":true,"href":"https:\/\/www.celec.gob.ec\/transelectric\/wp-json\/wp\/v2\/comments?post=5678"}],"version-history":[{"count":4,"href":"https:\/\/www.celec.gob.ec\/transelectric\/wp-json\/wp\/v2\/pages\/5678\/revisions"}],"predecessor-version":[{"id":5713,"href":"https:\/\/www.celec.gob.ec\/transelectric\/wp-json\/wp\/v2\/pages\/5678\/revisions\/5713"}],"wp:attachment":[{"href":"https:\/\/www.celec.gob.ec\/transelectric\/wp-json\/wp\/v2\/media?parent=5678"}],"wp:term":[{"taxonomy":"category","embeddable":true,"href":"https:\/\/www.celec.gob.ec\/transelectric\/wp-json\/wp\/v2\/categories?post=5678"},{"taxonomy":"post_tag","embeddable":true,"href":"https:\/\/www.celec.gob.ec\/transelectric\/wp-json\/wp\/v2\/tags?post=5678"}],"curies":[{"name":"wp","href":"https:\/\/api.w.org\/{rel}","templated":true}]}}