{"id":5684,"date":"2023-06-09T14:49:41","date_gmt":"2023-06-09T19:49:41","guid":{"rendered":"https:\/\/www.celec.gob.ec\/transelectric\/?page_id=5684"},"modified":"2023-06-09T14:52:46","modified_gmt":"2023-06-09T19:52:46","slug":"documentos-estudio-de-impacto-ambiental-de-la-linea-de-transmision-santa-rosa-pomasqui-i-en-operacion","status":"publish","type":"page","link":"https:\/\/www.celec.gob.ec\/transelectric\/documentos-estudio-de-impacto-ambiental-de-la-linea-de-transmision-santa-rosa-pomasqui-i-en-operacion\/","title":{"rendered":"Documentos estudio de impacto ambiental de la l\u00ednea de transmisi\u00f3n Santa Rosa Pomasqui I &#8211; en operaci\u00f3n"},"content":{"rendered":"\n<p><a href=\"https:\/\/www.celec.gob.ec\/transelectric\/images\/stories\/noticias\/2021WEB\/DOCU2021\/LTSantaRosaPomasqui1\/EIAD%20expost%20LT%20Sta%20Rosa%20Pomasqui.pdf\" target=\"_blank\" rel=\"noreferrer noopener\">Estudio de impacto ambiental<\/a><br><a href=\"https:\/\/www.celec.gob.ec\/transelectric\/images\/stories\/noticias\/2021WEB\/DOCU2021\/LTSantaRosaPomasqui1\/ANEXO%201%20CERTIFICADO%20INTERSECCION-%20SANTA%20ROSA%20POMASQUI%201.pdf\" target=\"_blank\" rel=\"noreferrer noopener\">Anexo 1 certificado intersicci\u00f3n<\/a><br><a href=\"https:\/\/www.celec.gob.ec\/transelectric\/images\/stories\/noticias\/2021WEB\/DOCU2021\/LTSantaRosaPomasqui1\/ANEXO%202%20DOCUMENTOS%20HABILITANTES.pdf\" target=\"_blank\" rel=\"noreferrer noopener\">Anexo2 documentos habilitantes<\/a><br><a href=\"https:\/\/www.celec.gob.ec\/transelectric\/images\/stories\/noticias\/2021WEB\/DOCU2021\/LTSantaRosaPomasqui1\/ANEXO%204%20Matriz%20de%20Obligaciones%20Ambientales%20(CONTRALORIA).pdf\" target=\"_blank\" rel=\"noreferrer noopener\">Anexo 4 matriz de obligaciones ambientales (CONTRALORIA)<\/a><br><a href=\"https:\/\/www.celec.gob.ec\/transelectric\/images\/stories\/noticias\/2021WEB\/DOCU2021\/LTSantaRosaPomasqui1\/ANEXO%205%20Evaluaci%C3%B3n%20de%20Impactos%20Ambientales%20(Extensi%C3%B3n).pdf\" target=\"_blank\" rel=\"noreferrer noopener\">Anexo 5 evaluaci\u00f3n de impactos ambientales (car\u00e1cter)<\/a><br><a href=\"https:\/\/www.celec.gob.ec\/transelectric\/images\/stories\/noticias\/2021WEB\/DOCU2021\/LTSantaRosaPomasqui1\/ANEXO%205%20Evaluaci%C3%B3n%20de%20Impactos%20Ambientales%20(impacto).pdf\" target=\"_blank\" rel=\"noreferrer noopener\">Anexo 5 evaluaci\u00f3n de impactos ambientales (extensi\u00f3n)<\/a><br><a href=\"https:\/\/www.celec.gob.ec\/transelectric\/images\/stories\/noticias\/2021WEB\/DOCU2021\/LTSantaRosaPomasqui1\/ANEXO%205%20Evaluaci%C3%B3n%20de%20Impactos%20Ambientales%20(impacto).pdf\" target=\"_blank\" rel=\"noreferrer noopener\">Anexo 5 evaluaci\u00f3n de impactos ambientales (impacto)<\/a><br><a href=\"https:\/\/www.celec.gob.ec\/transelectric\/images\/stories\/noticias\/2021WEB\/DOCU2021\/LTSantaRosaPomasqui1\/ANEXO%205%20Evaluaci%C3%B3n%20de%20Impactos%20Ambientales%20(Importacia%20Total).pdf\" target=\"_blank\" rel=\"noreferrer noopener\">Anexo 5 evaluaci\u00f3n de impactos ambientales (importacia total)<\/a><br><a href=\"https:\/\/www.celec.gob.ec\/transelectric\/images\/stories\/noticias\/2021WEB\/DOCU2021\/LTSantaRosaPomasqui1\/ANEXO%205%20Evaluaci%C3%B3n%20de%20Impactos%20Ambientales%20(importancia).pdf\" target=\"_blank\" rel=\"noreferrer noopener\">Anexo 5 evaluaci\u00f3n de impactos ambientales (importancia)<\/a><br><a href=\"https:\/\/www.celec.gob.ec\/transelectric\/images\/stories\/noticias\/2021WEB\/DOCU2021\/LTSantaRosaPomasqui1\/ANEXO%205%20Evaluaci%C3%B3n%20de%20Impactos%20Ambientales%20(magnitud).pdf\" target=\"_blank\" rel=\"noreferrer noopener\">Anexo 5 evaluaci\u00f3n de impactos Aambientales (magnitud)<\/a><br><a href=\"https:\/\/www.celec.gob.ec\/transelectric\/images\/stories\/noticias\/2021WEB\/DOCU2021\/LTSantaRosaPomasqui1\/ANEXO%206%20REGISTROS%20DE%20MANTENIMIENTO.pdf\" target=\"_blank\" rel=\"noreferrer noopener\">Anexo 6 registros de mantenimiento<\/a><br><a href=\"https:\/\/www.celec.gob.ec\/transelectric\/images\/stories\/noticias\/2021WEB\/DOCU2021\/LTSantaRosaPomasqui1\/ANEXO%208%20Cronograma%20valorado%20PMA%2013.05.2015.pdf\" target=\"_blank\" rel=\"noreferrer noopener\">Anexo 8 cronograma valorado PMA<\/a><br><a href=\"https:\/\/www.celec.gob.ec\/transelectric\/images\/stories\/noticias\/2021WEB\/DOCU2021\/LTSantaRosaPomasqui1\/ANEXO%2010%20OFICIO%20DE%20PREDIOS.pd\" target=\"_blank\" rel=\"noreferrer noopener\">Anexo 10 oficio de predios<\/a><\/p>\n","protected":false},"excerpt":{"rendered":"<p>Estudio de impacto ambientalAnexo 1 certificado intersicci\u00f3nAnexo2 documentos habilitantesAnexo 4 matriz de obligaciones ambientales (CONTRALORIA)Anexo 5 evaluaci\u00f3n de impactos ambientales (car\u00e1cter)Anexo 5 evaluaci\u00f3n de impactos ambientales (extensi\u00f3n)Anexo 5 evaluaci\u00f3n de impactos ambientales (impacto)Anexo 5 evaluaci\u00f3n de impactos ambientales (importacia total)Anexo 5 evaluaci\u00f3n de impactos ambientales (importancia)Anexo 5 evaluaci\u00f3n de impactos Aambientales (magnitud)Anexo 6 registros de [&hellip;]<\/p>\n","protected":false},"author":1,"featured_media":0,"parent":0,"menu_order":0,"comment_status":"closed","ping_status":"closed","template":"","meta":{"_acf_changed":false,"inline_featured_image":false,"_themeisle_gutenberg_block_has_review":false,"footnotes":""},"categories":[],"tags":[],"class_list":["post-5684","page","type-page","status-publish","hentry"],"acf":[],"_links":{"self":[{"href":"https:\/\/www.celec.gob.ec\/transelectric\/wp-json\/wp\/v2\/pages\/5684","targetHints":{"allow":["GET"]}}],"collection":[{"href":"https:\/\/www.celec.gob.ec\/transelectric\/wp-json\/wp\/v2\/pages"}],"about":[{"href":"https:\/\/www.celec.gob.ec\/transelectric\/wp-json\/wp\/v2\/types\/page"}],"author":[{"embeddable":true,"href":"https:\/\/www.celec.gob.ec\/transelectric\/wp-json\/wp\/v2\/users\/1"}],"replies":[{"embeddable":true,"href":"https:\/\/www.celec.gob.ec\/transelectric\/wp-json\/wp\/v2\/comments?post=5684"}],"version-history":[{"count":2,"href":"https:\/\/www.celec.gob.ec\/transelectric\/wp-json\/wp\/v2\/pages\/5684\/revisions"}],"predecessor-version":[{"id":5688,"href":"https:\/\/www.celec.gob.ec\/transelectric\/wp-json\/wp\/v2\/pages\/5684\/revisions\/5688"}],"wp:attachment":[{"href":"https:\/\/www.celec.gob.ec\/transelectric\/wp-json\/wp\/v2\/media?parent=5684"}],"wp:term":[{"taxonomy":"category","embeddable":true,"href":"https:\/\/www.celec.gob.ec\/transelectric\/wp-json\/wp\/v2\/categories?post=5684"},{"taxonomy":"post_tag","embeddable":true,"href":"https:\/\/www.celec.gob.ec\/transelectric\/wp-json\/wp\/v2\/tags?post=5684"}],"curies":[{"name":"wp","href":"https:\/\/api.w.org\/{rel}","templated":true}]}}