{"id":5696,"date":"2023-06-09T15:03:32","date_gmt":"2023-06-09T20:03:32","guid":{"rendered":"https:\/\/www.celec.gob.ec\/transelectric\/?page_id=5696"},"modified":"2023-06-09T15:03:34","modified_gmt":"2023-06-09T20:03:34","slug":"productos-informativos-de-la-linea-de-transmision-santa-rosa-pomasqui-i-en-operacion","status":"publish","type":"page","link":"https:\/\/www.celec.gob.ec\/transelectric\/productos-informativos-de-la-linea-de-transmision-santa-rosa-pomasqui-i-en-operacion\/","title":{"rendered":"Productos informativos de la l\u00ednea de transmisi\u00f3n Santa Rosa Pomasqui I &#8211; en operaci\u00f3n"},"content":{"rendered":"\n<p><a href=\"https:\/\/vimeo.com\/573110162\" target=\"_blank\" rel=\"noreferrer noopener\">Video<\/a><\/p>\n","protected":false},"excerpt":{"rendered":"<p>Video<\/p>\n","protected":false},"author":1,"featured_media":0,"parent":0,"menu_order":0,"comment_status":"closed","ping_status":"closed","template":"","meta":{"_acf_changed":false,"inline_featured_image":false,"_themeisle_gutenberg_block_has_review":false,"footnotes":""},"categories":[],"tags":[],"class_list":["post-5696","page","type-page","status-publish","hentry"],"acf":[],"_links":{"self":[{"href":"https:\/\/www.celec.gob.ec\/transelectric\/wp-json\/wp\/v2\/pages\/5696","targetHints":{"allow":["GET"]}}],"collection":[{"href":"https:\/\/www.celec.gob.ec\/transelectric\/wp-json\/wp\/v2\/pages"}],"about":[{"href":"https:\/\/www.celec.gob.ec\/transelectric\/wp-json\/wp\/v2\/types\/page"}],"author":[{"embeddable":true,"href":"https:\/\/www.celec.gob.ec\/transelectric\/wp-json\/wp\/v2\/users\/1"}],"replies":[{"embeddable":true,"href":"https:\/\/www.celec.gob.ec\/transelectric\/wp-json\/wp\/v2\/comments?post=5696"}],"version-history":[{"count":1,"href":"https:\/\/www.celec.gob.ec\/transelectric\/wp-json\/wp\/v2\/pages\/5696\/revisions"}],"predecessor-version":[{"id":5697,"href":"https:\/\/www.celec.gob.ec\/transelectric\/wp-json\/wp\/v2\/pages\/5696\/revisions\/5697"}],"wp:attachment":[{"href":"https:\/\/www.celec.gob.ec\/transelectric\/wp-json\/wp\/v2\/media?parent=5696"}],"wp:term":[{"taxonomy":"category","embeddable":true,"href":"https:\/\/www.celec.gob.ec\/transelectric\/wp-json\/wp\/v2\/categories?post=5696"},{"taxonomy":"post_tag","embeddable":true,"href":"https:\/\/www.celec.gob.ec\/transelectric\/wp-json\/wp\/v2\/tags?post=5696"}],"curies":[{"name":"wp","href":"https:\/\/api.w.org\/{rel}","templated":true}]}}