{"id":5702,"date":"2023-06-09T15:05:49","date_gmt":"2023-06-09T20:05:49","guid":{"rendered":"https:\/\/www.celec.gob.ec\/transelectric\/?page_id=5702"},"modified":"2023-06-09T15:08:05","modified_gmt":"2023-06-09T20:08:05","slug":"estudio-de-impacto-ambiental-y-social-sistema-de-transmision-cajas-230-69-kv","status":"publish","type":"page","link":"https:\/\/www.celec.gob.ec\/transelectric\/estudio-de-impacto-ambiental-y-social-sistema-de-transmision-cajas-230-69-kv\/","title":{"rendered":"Estudio de impacto ambiental y social sistema de transmisi\u00f3n Cajas 230\/69 kV"},"content":{"rendered":"\n<p><a href=\"https:\/\/www.celec.gob.ec\/transelectric\/images\/stories\/noticias\/2020WEB\/SECAJASYLTASOCIADA\/ResumenEjecutivo.pdf\" target=\"_blank\" rel=\"noreferrer noopener\">Resumen Ejecutivo<\/a><br><a href=\"https:\/\/www.celec.gob.ec\/transelectric\/images\/stories\/noticias\/2020WEB\/SECAJASYLTASOCIADA\/01.%20Cap%C3%ADtulos%201%20al%205%20-%20EIA.pdf\" target=\"_blank\" rel=\"noreferrer noopener\">Cap\u00edtulos 1 al 5 &#8211; EIA<\/a><br><a href=\"https:\/\/www.celec.gob.ec\/transelectric\/images\/stories\/noticias\/2020WEB\/SECAJASYLTASOCIADA\/02.%20Cap%C3%ADtulo%206%20-%20EIA%20-%20Linea%20Base.pdf\" target=\"_blank\" rel=\"noreferrer noopener\">Cap\u00edtulo 6 &#8211; EIA &#8211; Linea Base<\/a><br><a href=\"https:\/\/www.celec.gob.ec\/transelectric\/images\/stories\/noticias\/2020WEB\/SECAJASYLTASOCIADA\/03.%20Cap%C3%ADtulo%207%20-%20EIA%20-%20Descripcion%20del%20Proyecto.pdf\" target=\"_blank\" rel=\"noreferrer noopener\">Cap\u00edtulo 7 &#8211; EIA &#8211; Descripcion del Proyecto<\/a><br><a href=\"https:\/\/www.celec.gob.ec\/transelectric\/images\/stories\/noticias\/2020WEB\/SECAJASYLTASOCIADA\/04.%20Cap%C3%ADtulo%208%20-%20EIA%20-%20An%C3%A1lisis%20de%20Alternativas.pdf\" target=\"_blank\" rel=\"noreferrer noopener\">Cap\u00edtulo 8 &#8211; EIA &#8211; An\u00e1lisis de Alternativas<\/a><br><a href=\"https:\/\/www.celec.gob.ec\/transelectric\/images\/stories\/noticias\/2020WEB\/SECAJASYLTASOCIADA\/05.%20Cap%C3%ADtulo%209%20-%20EIA%20-%20%C3%81rea%20de%20Influencia%20y%20%C3%81reas%20Sensibles.pdf\" target=\"_blank\" rel=\"noreferrer noopener\">Cap\u00edtulo 9 &#8211; EIA &#8211; \u00c1rea de Influencia y \u00c1reas Sensibles<\/a><br><a href=\"https:\/\/www.celec.gob.ec\/transelectric\/images\/stories\/noticias\/2020WEB\/SECAJASYLTASOCIADA\/06.%20Cap%C3%ADtulo%2010%20-%20EIA%20-%20Inventario%20Forestal%20y%20Valoraci%C3%B3n%20Econ%C3%B3mica.pdf\" target=\"_blank\" rel=\"noreferrer noopener\">Cap\u00edtulo 10 &#8211; EIA &#8211; Inventario Forestal y Valoraci\u00f3n Econ\u00f3mica<\/a><br><a href=\"https:\/\/www.celec.gob.ec\/transelectric\/images\/stories\/noticias\/2020WEB\/SECAJASYLTASOCIADA\/07.%20Cap%C3%ADtulo%2011-%20EIA%20-%20Identificaci%C3%B3n%20y%20Evaluaci%C3%B3n%20de%20Impactos.pdf\" target=\"_blank\" rel=\"noreferrer noopener\">Cap\u00edtulo 11- EIA &#8211; Identificaci\u00f3n y Evaluaci\u00f3n de Impactos<\/a><br><a href=\"https:\/\/www.celec.gob.ec\/transelectric\/images\/stories\/noticias\/2020WEB\/SECAJASYLTASOCIADA\/08.%20Cap%C3%ADtulo%2012%20-%20EIA%20-%20An%C3%A1lisis%20de%20Riesgos.pdf\" target=\"_blank\" rel=\"noreferrer noopener\">Cap\u00edtulo 12 &#8211; EIA &#8211; An\u00e1lisis de Riesgos<\/a><br><a href=\"https:\/\/www.celec.gob.ec\/transelectric\/images\/stories\/noticias\/2020WEB\/SECAJASYLTASOCIADA\/09.Cap%C3%8Dtulo%2013%20-%20EIA%20-%20PMA.pdf\" target=\"_blank\" rel=\"noreferrer noopener\">Cap\u00cdtulo 13 &#8211; EIA &#8211; PMA<\/a><br><a href=\"https:\/\/www.celec.gob.ec\/transelectric\/images\/stories\/noticias\/2020WEB\/SECAJASYLTASOCIADA\/10.%20Cap%C3%ADtulo%2014%20-%20EIA%20-%20Bibliograf%C3%ADa.pdf\" target=\"_blank\" rel=\"noreferrer noopener\">Cap\u00edtulo 14 &#8211; EIA &#8211; Bibliograf\u00eda<\/a><\/p>\n","protected":false},"excerpt":{"rendered":"<p>Resumen EjecutivoCap\u00edtulos 1 al 5 &#8211; EIACap\u00edtulo 6 &#8211; EIA &#8211; Linea BaseCap\u00edtulo 7 &#8211; EIA &#8211; Descripcion del ProyectoCap\u00edtulo 8 &#8211; EIA &#8211; An\u00e1lisis de AlternativasCap\u00edtulo 9 &#8211; EIA &#8211; \u00c1rea de Influencia y \u00c1reas SensiblesCap\u00edtulo 10 &#8211; EIA &#8211; Inventario Forestal y Valoraci\u00f3n Econ\u00f3micaCap\u00edtulo 11- EIA &#8211; Identificaci\u00f3n y Evaluaci\u00f3n de ImpactosCap\u00edtulo 12 [&hellip;]<\/p>\n","protected":false},"author":1,"featured_media":0,"parent":0,"menu_order":0,"comment_status":"closed","ping_status":"closed","template":"","meta":{"_acf_changed":false,"inline_featured_image":false,"_themeisle_gutenberg_block_has_review":false,"footnotes":""},"categories":[],"tags":[],"class_list":["post-5702","page","type-page","status-publish","hentry"],"acf":[],"_links":{"self":[{"href":"https:\/\/www.celec.gob.ec\/transelectric\/wp-json\/wp\/v2\/pages\/5702","targetHints":{"allow":["GET"]}}],"collection":[{"href":"https:\/\/www.celec.gob.ec\/transelectric\/wp-json\/wp\/v2\/pages"}],"about":[{"href":"https:\/\/www.celec.gob.ec\/transelectric\/wp-json\/wp\/v2\/types\/page"}],"author":[{"embeddable":true,"href":"https:\/\/www.celec.gob.ec\/transelectric\/wp-json\/wp\/v2\/users\/1"}],"replies":[{"embeddable":true,"href":"https:\/\/www.celec.gob.ec\/transelectric\/wp-json\/wp\/v2\/comments?post=5702"}],"version-history":[{"count":2,"href":"https:\/\/www.celec.gob.ec\/transelectric\/wp-json\/wp\/v2\/pages\/5702\/revisions"}],"predecessor-version":[{"id":5706,"href":"https:\/\/www.celec.gob.ec\/transelectric\/wp-json\/wp\/v2\/pages\/5702\/revisions\/5706"}],"wp:attachment":[{"href":"https:\/\/www.celec.gob.ec\/transelectric\/wp-json\/wp\/v2\/media?parent=5702"}],"wp:term":[{"taxonomy":"category","embeddable":true,"href":"https:\/\/www.celec.gob.ec\/transelectric\/wp-json\/wp\/v2\/categories?post=5702"},{"taxonomy":"post_tag","embeddable":true,"href":"https:\/\/www.celec.gob.ec\/transelectric\/wp-json\/wp\/v2\/tags?post=5702"}],"curies":[{"name":"wp","href":"https:\/\/api.w.org\/{rel}","templated":true}]}}