{"id":6190,"date":"2023-07-25T16:55:52","date_gmt":"2023-07-25T21:55:52","guid":{"rendered":"https:\/\/www.celec.gob.ec\/transelectric\/?page_id=6190"},"modified":"2023-07-25T16:55:53","modified_gmt":"2023-07-25T21:55:53","slug":"proceso-de-seleccion-simple-especialistas-de-equipamiento-primario-de-subestaciones-25-de-julio-2023","status":"publish","type":"page","link":"https:\/\/www.celec.gob.ec\/transelectric\/proceso-de-seleccion-simple-especialistas-de-equipamiento-primario-de-subestaciones-25-de-julio-2023\/","title":{"rendered":"Proceso de selecci\u00f3n simple, Especialistas de Equipamiento Primario de Subestaciones, 25 de julio 2023"},"content":{"rendered":"\n<p>En cumplimiento al \u201cReglamento para el Reclutamiento, Preselecci\u00f3n, Selecci\u00f3n, Vinculaci\u00f3n, e Inducci\u00f3n del Talento Humano de la Empresa P\u00fablica Estrat\u00e9gica Corporaci\u00f3n El\u00e9ctrica del Ecuador CELEC EP\u201d, y RESOLUCI\u00d3N No. CEL-RES-0063-22, se pone en consideraci\u00f3n el inicio de la fase de reclutamiento del PROCESO DE SELECCI\u00d3N SIMPLE para cubrir\u00a0el cargo\u00a0detallado en el archivo adjunto.<\/p>\n\n\n\n<p><em>\u201c<\/em><em>Art.7.- Reclutamiento: El comit\u00e9 de selecci\u00f3n designado para el efecto tendr\u00e1 la responsabilidad de esta actividad, cuyo objetivo es recopilar todas las postulaciones de los aspirantes potencialmente calificados para ocupar los puestos ofertados por la CELEC EP, sean necesidades temporales o definitivas.<\/em><\/p>\n\n\n\n<p><em>Este reclutamiento se lo realiza a trav\u00e9s de una convocatoria abierta, a trav\u00e9s de diferentes medios de comunicaci\u00f3n como: medios digitales y\/o plataforma digital institucional. (\u2026)\u201c<\/em><\/p>\n\n\n\n<p>Los aspirantes que cumplan con los requisitos deber\u00e1n remitir su hoja de vida actualizada junto los documentos que acrediten su formaci\u00f3n profesional y experiencia laboral en referencia al puesto aplicado, dichos documentos deben constar en un solo archivo en formato PDF.<\/p>\n\n\n\n<p>Las postulaciones se receptar\u00e1n hasta las 17:00, del 27 de julio de 2023 al correo\u00a0<strong>maribel.analuisa@celec.gob.ec<\/strong>, registrando como ASUNTO el c\u00f3digo al que aplican.<\/p>\n\n\n\n<p>Se considerar\u00e1n\u00a0\u00fanicamente las\u00a0postulaciones\u00a0que apliquen dentro de este periodo de tiempo; NO\u00a0se receptar\u00e1 documento alguno despu\u00e9s de la recepci\u00f3n de la postulaci\u00f3n.<\/p>\n\n\n\n<p class=\"has-text-align-center\"><strong><a href=\"https:\/\/drive.google.com\/file\/d\/1FSrhAu114VrCCte4hWGQgHuUnLwoP8wo\/view?usp=sharing\">Para ver el requerimiento hacer clic aqu\u00ed<\/a><\/strong><\/p>\n","protected":false},"excerpt":{"rendered":"<p>En cumplimiento al \u201cReglamento para el Reclutamiento, Preselecci\u00f3n, Selecci\u00f3n, Vinculaci\u00f3n, e Inducci\u00f3n del Talento Humano de la Empresa P\u00fablica Estrat\u00e9gica Corporaci\u00f3n El\u00e9ctrica del Ecuador CELEC EP\u201d, y RESOLUCI\u00d3N No. CEL-RES-0063-22, se pone en consideraci\u00f3n el inicio de la fase de reclutamiento del PROCESO DE SELECCI\u00d3N SIMPLE para cubrir\u00a0el cargo\u00a0detallado en el archivo adjunto. \u201cArt.7.- Reclutamiento: [&hellip;]<\/p>\n","protected":false},"author":4,"featured_media":0,"parent":0,"menu_order":0,"comment_status":"closed","ping_status":"closed","template":"","meta":{"_acf_changed":false,"inline_featured_image":false,"_themeisle_gutenberg_block_has_review":false,"footnotes":""},"categories":[],"tags":[],"class_list":["post-6190","page","type-page","status-publish","hentry"],"acf":[],"_links":{"self":[{"href":"https:\/\/www.celec.gob.ec\/transelectric\/wp-json\/wp\/v2\/pages\/6190","targetHints":{"allow":["GET"]}}],"collection":[{"href":"https:\/\/www.celec.gob.ec\/transelectric\/wp-json\/wp\/v2\/pages"}],"about":[{"href":"https:\/\/www.celec.gob.ec\/transelectric\/wp-json\/wp\/v2\/types\/page"}],"author":[{"embeddable":true,"href":"https:\/\/www.celec.gob.ec\/transelectric\/wp-json\/wp\/v2\/users\/4"}],"replies":[{"embeddable":true,"href":"https:\/\/www.celec.gob.ec\/transelectric\/wp-json\/wp\/v2\/comments?post=6190"}],"version-history":[{"count":1,"href":"https:\/\/www.celec.gob.ec\/transelectric\/wp-json\/wp\/v2\/pages\/6190\/revisions"}],"predecessor-version":[{"id":6192,"href":"https:\/\/www.celec.gob.ec\/transelectric\/wp-json\/wp\/v2\/pages\/6190\/revisions\/6192"}],"wp:attachment":[{"href":"https:\/\/www.celec.gob.ec\/transelectric\/wp-json\/wp\/v2\/media?parent=6190"}],"wp:term":[{"taxonomy":"category","embeddable":true,"href":"https:\/\/www.celec.gob.ec\/transelectric\/wp-json\/wp\/v2\/categories?post=6190"},{"taxonomy":"post_tag","embeddable":true,"href":"https:\/\/www.celec.gob.ec\/transelectric\/wp-json\/wp\/v2\/tags?post=6190"}],"curies":[{"name":"wp","href":"https:\/\/api.w.org\/{rel}","templated":true}]}}