{"id":62,"date":"2023-02-18T19:21:28","date_gmt":"2023-02-18T19:21:28","guid":{"rendered":"https:\/\/www.celec.gob.ec\/transelectric\/?page_id=62"},"modified":"2025-11-24T11:52:16","modified_gmt":"2025-11-24T16:52:16","slug":"conexiones-al-snt","status":"publish","type":"page","link":"https:\/\/www.celec.gob.ec\/transelectric\/conexiones-al-snt\/","title":{"rendered":"Conexiones al SNT"},"content":{"rendered":"\n<h3 class=\"wp-block-heading has-text-align-center\">Gesti\u00f3n de conexiones al Sistema Nacional de Transmisi\u00f3n<\/h3>\n\n\n\n<p><strong>Cont\u00e1ctenos<\/strong><\/p>\n\n\n\n<p>Lo m\u00e1s importante para CELEC EP TRANSELECTRIC son sus clientes. Para m\u00e1s informaci\u00f3n de la gesti\u00f3n de conexiones al SNT, favor realizar sus consultas al correo institucional&nbsp;<a href=\"mailto:tra-planeamiento@celec.gob.ec\"><\/a><a href=\"mailto:tra-planeamiento@celec.gob.ec\">tra-planeamiento@celec.gob.ec<\/a>,&nbsp; o a los tel\u00e9fonos: (593-2) 900 400 \/ (593-2) 900 400 Ext. 22577<\/p>\n\n\n\n<p><strong>Normativa&nbsp;<\/strong><\/p>\n\n\n\n<ul class=\"wp-block-list\">\n<li><a href=\"https:\/\/www.celec.gob.ec\/transelectric\/images\/stories\/noticias\/2020WEB\/solicitudSNT\/REGLAMENTO%20A%20LA%20LEY%20ORG%C3%81NICA%20DEL%20SERVICIO%20P%C3%9ABLICO%20DE%20ENERG%C3%8DA%20EL%C3%89CTRICA.pdf\">Reglamento a la Ley Org\u00e1nica del Servicio P\u00fablico de Energ\u00eda El\u00e9ctrica.<\/a><\/li>\n\n\n\n<li><a href=\"https:\/\/www.celec.gob.ec\/transelectric\/images\/stories\/noticias\/2020WEB\/solicitudSNT\/reglamento%20para%20el%20libre%20acceso%20a%20los%20sistemas%20de%20transmisi%C3%B3n%20y%20distribuci%C3%B3n.pdf\">Reglamento para el libre acceso a los sistemas de transmisi\u00f3n y distribuci\u00f3n.<\/a><\/li>\n<\/ul>\n\n\n\n<div style=\"height:30px\" aria-hidden=\"true\" class=\"wp-block-spacer\"><\/div>\n\n\n\n<p><strong>Gu\u00eda para solicitar acceso al Sistema Nacional de Transmisi\u00f3n<\/strong><\/p>\n\n\n\n<ul class=\"wp-block-list\">\n<li><a href=\"https:\/\/www.celec.gob.ec\/transelectric\/wp-content\/uploads\/2024\/03\/3-Guia-general-para-el-promotor-de-proyecto-CSNT.pdf\" data-type=\"link\" data-id=\"https:\/\/www.celec.gob.ec\/transelectric\/wp-content\/uploads\/2024\/03\/3-Guia-general-para-el-promotor-de-proyecto-CSNT.pdf\">Gu\u00eda general para el promotor de proyecto de generaci\u00f3n o carga que desee obtener la autorizaci\u00f3n de conexi\u00f3n al SNT<\/a><\/li>\n\n\n\n<li><a href=\"https:\/\/www.celec.gob.ec\/transelectric\/images\/stories\/noticias\/2021WEB\/DOCU2021\/SPEXJH\/agosto\/Flujograma%20Conexiones%2008%2008%2021.pdf\">Flujograma referencial de la gesti\u00f3n de conexiones al SNT<\/a><\/li>\n\n\n\n<li><a href=\"https:\/\/www.celec.gob.ec\/transelectric\/images\/stories\/noticias\/2020WEB\/solicitudSNT\/Solicitud%20de%20acceso%20V3.doc\">Formato referencial de solicitud de acceso al SNT<\/a><\/li>\n\n\n\n<li><a href=\"https:\/\/www.celec.gob.ec\/transelectric\/acuerdo-de-confidencialidad-para-intercambio-de-informacion\/\" data-type=\"link\" data-id=\"https:\/\/www.celec.gob.ec\/transelectric\/acuerdo-de-confidencialidad-para-intercambio-de-informacion\/\">Acuerdo de Confidencialidad para intercambio de informaci\u00f3n<\/a><\/li>\n<\/ul>\n\n\n\n<div style=\"height:30px\" aria-hidden=\"true\" class=\"wp-block-spacer\"><\/div>\n\n\n\n<p><strong>Calificaci\u00f3n de consultores<\/strong><\/p>\n\n\n\n<ul class=\"wp-block-list\">\n<li><a href=\"https:\/\/www.celec.gob.ec\/transelectric\/images\/stories\/noticias\/2021WEB\/DOCU2021\/SPEXJH\/agosto\/Instructivo%20para%20calificar%20consultores%2017-06-21.pdf\">Instructivo para calificaci\u00f3n de consultores o proveedores de estudios el\u00e9ctricos<\/a><\/li>\n\n\n\n<li><a href=\"https:\/\/www.celec.gob.ec\/transelectric\/images\/stories\/noticias\/2021WEB\/DOCU2021\/SPEXJH\/Requisitos%20para%20calificarse%20como%20consultor%2017-jun-21.pdf\">Requisitos para calificaci\u00f3n de consultores o proveedores de estudios el\u00e9ctricos<\/a><\/li>\n\n\n\n<li><a href=\"https:\/\/www.celec.gob.ec\/transelectric\/wp-content\/uploads\/2025\/11\/Listado-de-consultores-noviembre-2025.pdf\" data-type=\"link\" data-id=\"https:\/\/www.celec.gob.ec\/transelectric\/wp-content\/uploads\/2025\/11\/Listado-de-consultores-noviembre-2025.pdf\">Listado de proveedores o consultores calificados<\/a><\/li>\n<\/ul>\n\n\n\n<div style=\"height:30px\" aria-hidden=\"true\" class=\"wp-block-spacer\"><\/div>\n\n\n\n<p><strong>Proyectos en fase de autorizaci\u00f3n de conexi\u00f3n al SNT<\/strong><\/p>\n\n\n\n<ul class=\"wp-block-list\">\n<li><a href=\"https:\/\/www.celec.gob.ec\/transelectric\/images\/stories\/noticias\/2021WEB\/docuexp2021\/DocusolicitudesSNT\/Aromo\/Oficio%20N%C2%B0%20SPK020921-01.pdf\">El Aromo<\/a><\/li>\n\n\n\n<li><a href=\"https:\/\/www.celec.gob.ec\/transelectric\/images\/stories\/noticias\/2021WEB\/DOCU2021\/SPEXJH\/cobra_____08_marzo_2021.pdf\">Villonaco<\/a><\/li>\n\n\n\n<li><a href=\"https:\/\/www.celec.gob.ec\/transelectric\/images\/stories\/noticias\/2022WEB\/Docuexpan2022\/Sabanilla\/210126%20CVA-002-2021%20ACTUALIZACION%20CONEXION%20AL%20SNT.PDF\">Sabanilla<\/a><\/li>\n\n\n\n<li><a href=\"https:\/\/www.celec.gob.ec\/transelectric\/index.php\/produccion-6\/18-institucional\/contenido-documentos\/722-pluspetrol\">Pluspetrol&nbsp;<\/a><\/li>\n\n\n\n<li><a rel=\"noreferrer noopener\" href=\"https:\/\/www.celec.gob.ec\/transelectric\/wp-content\/uploads\/2023\/06\/Oficio-Nro.-CELEC-EP-2023-0524-OFI-Factibilidad-Santa-Elena-1.pdf\" target=\"_blank\">Santa Elena<\/a><\/li>\n\n\n\n<li><a href=\"https:\/\/www.celec.gob.ec\/transelectric\/wp-content\/uploads\/2023\/07\/CIUDADANO-CIU-2022-32605-SANTA-ROSA-1.pdf\" data-type=\"URL\" data-id=\"https:\/\/www.celec.gob.ec\/transelectric\/wp-content\/uploads\/2023\/07\/CIUDADANO-CIU-2022-32605-SANTA-ROSA-1.pdf\">Santa Rosa<\/a><\/li>\n\n\n\n<li><a href=\"https:\/\/www.celec.gob.ec\/transelectric\/wp-content\/uploads\/2023\/07\/CIUDADANO-CIU-2022-32603-EL-ROSARIO-1.pdf\" data-type=\"URL\" data-id=\"https:\/\/www.celec.gob.ec\/transelectric\/wp-content\/uploads\/2023\/07\/CIUDADANO-CIU-2022-32603-EL-ROSARIO-1.pdf\">El Rosario<\/a><\/li>\n\n\n\n<li><a href=\"https:\/\/www.celec.gob.ec\/transelectric\/wp-content\/uploads\/2023\/11\/OFICIO-Novacero-Tanicuchi.pdf\" data-type=\"link\" data-id=\"https:\/\/www.celec.gob.ec\/transelectric\/wp-content\/uploads\/2023\/11\/OFICIO-Novacero-Tanicuchi.pdf\">Tanicuch<\/a>\u00ed<\/li>\n\n\n\n<li><a href=\"https:\/\/www.celec.gob.ec\/transelectric\/wp-content\/uploads\/2024\/03\/Solicitud-de-inteconexion-para-Imbabura-Solar.pdf\" data-type=\"link\" data-id=\"https:\/\/www.celec.gob.ec\/transelectric\/wp-content\/uploads\/2024\/03\/Solicitud-de-inteconexion-para-Imbabura-Solar.pdf\">Imbabura Solar<\/a><\/li>\n\n\n\n<li><a href=\"https:\/\/www.celec.gob.ec\/transelectric\/wp-content\/uploads\/2024\/03\/001-Carta-Ciudadano-Nro.-CIUDADANO-CIU-2024-4708-Solicitud-de-factibilidad-de-conexion.pdf\" data-type=\"link\" data-id=\"https:\/\/www.celec.gob.ec\/transelectric\/wp-content\/uploads\/2024\/03\/001-Carta-Ciudadano-Nro.-CIUDADANO-CIU-2024-4708-Solicitud-de-factibilidad-de-conexion.pdf\">Energyquil<\/a><\/li>\n\n\n\n<li><a href=\"https:\/\/www.celec.gob.ec\/transelectric\/wp-content\/uploads\/2024\/07\/hidroriente_s.a.__002___5_enero_2023___________1.pdf\" data-type=\"link\" data-id=\"https:\/\/www.celec.gob.ec\/transelectric\/wp-content\/uploads\/2024\/07\/hidroriente_s.a.__002___5_enero_2023___________1.pdf\">Hidroriente<\/a><\/li>\n\n\n\n<li><a href=\"https:\/\/www.celec.gob.ec\/transelectric\/wp-content\/uploads\/2024\/09\/zemec_s.a.s.____001____05_octubre_2023.pdf\" data-type=\"link\" data-id=\"https:\/\/www.celec.gob.ec\/transelectric\/wp-content\/uploads\/2024\/09\/zemec_s.a.s.____001____05_octubre_2023.pdf\">Nasca<\/a><\/li>\n\n\n\n<li><a href=\"https:\/\/www.celec.gob.ec\/transelectric\/wp-content\/uploads\/2025\/02\/nto_de_factibilidad_de_conexion_definitiva_al_proyecto_fotovoltaico_urcuqui0096555001738091499-1_r.pdf\" data-type=\"link\" data-id=\"https:\/\/www.celec.gob.ec\/transelectric\/wp-content\/uploads\/2025\/02\/nto_de_factibilidad_de_conexion_definitiva_al_proyecto_fotovoltaico_urcuqui0096555001738091499-1_r.pdf\">Urcuqu\u00ed Solar<\/a><\/li>\n\n\n\n<li><a href=\"https:\/\/www.celec.gob.ec\/transelectric\/wp-content\/uploads\/2025\/02\/1no._enermundo-001-2025_27_de_enero_de_2025_enermundo_s.a._solicitud_de_factibilidad_de_conexionf.pdf\" data-type=\"link\" data-id=\"https:\/\/www.celec.gob.ec\/transelectric\/wp-content\/uploads\/2025\/02\/1no._enermundo-001-2025_27_de_enero_de_2025_enermundo_s.a._solicitud_de_factibilidad_de_conexionf.pdf\">Hidropalatino<\/a><\/li>\n\n\n\n<li><a href=\"https:\/\/www.celec.gob.ec\/transelectric\/wp-content\/uploads\/2025\/11\/14-CELEC-EP-2025-2942-OFI-Factibilidad-de-Conexion.pdf\" data-type=\"link\" data-id=\"https:\/\/www.celec.gob.ec\/transelectric\/wp-content\/uploads\/2025\/11\/14-CELEC-EP-2025-2942-OFI-Factibilidad-de-Conexion.pdf\">Fruta del Norte<\/a><\/li>\n<\/ul>\n\n\n\n<p><\/p>\n","protected":false},"excerpt":{"rendered":"<p>Gesti\u00f3n de conexiones al Sistema Nacional de Transmisi\u00f3n Cont\u00e1ctenos Lo m\u00e1s importante para CELEC EP TRANSELECTRIC son sus clientes. Para m\u00e1s informaci\u00f3n de la gesti\u00f3n de conexiones al SNT, favor realizar sus consultas al correo institucional&nbsp;tra-planeamiento@celec.gob.ec,&nbsp; o a los tel\u00e9fonos: (593-2) 900 400 \/ (593-2) 900 400 Ext. 22577 Normativa&nbsp; Gu\u00eda para solicitar acceso al [&hellip;]<\/p>\n","protected":false},"author":1,"featured_media":0,"parent":0,"menu_order":0,"comment_status":"closed","ping_status":"closed","template":"","meta":{"_acf_changed":false,"inline_featured_image":false,"_themeisle_gutenberg_block_has_review":false,"footnotes":""},"categories":[],"tags":[],"class_list":["post-62","page","type-page","status-publish","hentry"],"acf":[],"_links":{"self":[{"href":"https:\/\/www.celec.gob.ec\/transelectric\/wp-json\/wp\/v2\/pages\/62","targetHints":{"allow":["GET"]}}],"collection":[{"href":"https:\/\/www.celec.gob.ec\/transelectric\/wp-json\/wp\/v2\/pages"}],"about":[{"href":"https:\/\/www.celec.gob.ec\/transelectric\/wp-json\/wp\/v2\/types\/page"}],"author":[{"embeddable":true,"href":"https:\/\/www.celec.gob.ec\/transelectric\/wp-json\/wp\/v2\/users\/1"}],"replies":[{"embeddable":true,"href":"https:\/\/www.celec.gob.ec\/transelectric\/wp-json\/wp\/v2\/comments?post=62"}],"version-history":[{"count":30,"href":"https:\/\/www.celec.gob.ec\/transelectric\/wp-json\/wp\/v2\/pages\/62\/revisions"}],"predecessor-version":[{"id":11268,"href":"https:\/\/www.celec.gob.ec\/transelectric\/wp-json\/wp\/v2\/pages\/62\/revisions\/11268"}],"wp:attachment":[{"href":"https:\/\/www.celec.gob.ec\/transelectric\/wp-json\/wp\/v2\/media?parent=62"}],"wp:term":[{"taxonomy":"category","embeddable":true,"href":"https:\/\/www.celec.gob.ec\/transelectric\/wp-json\/wp\/v2\/categories?post=62"},{"taxonomy":"post_tag","embeddable":true,"href":"https:\/\/www.celec.gob.ec\/transelectric\/wp-json\/wp\/v2\/tags?post=62"}],"curies":[{"name":"wp","href":"https:\/\/api.w.org\/{rel}","templated":true}]}}