{"id":6318,"date":"2023-08-14T09:54:53","date_gmt":"2023-08-14T14:54:53","guid":{"rendered":"https:\/\/www.celec.gob.ec\/transelectric\/?page_id=6318"},"modified":"2023-08-15T16:16:49","modified_gmt":"2023-08-15T21:16:49","slug":"estudios-de-impacto-ambiental-delsitanisagua-cumbaratza-los-encuentros-230-138-kv","status":"publish","type":"page","link":"https:\/\/www.celec.gob.ec\/transelectric\/estudios-de-impacto-ambiental-delsitanisagua-cumbaratza-los-encuentros-230-138-kv\/","title":{"rendered":"Estudios de Impacto Ambiental Delsitanisagua &#8211; Cumbaratza &#8211; Los Encuentros 230\/138 kV"},"content":{"rendered":"\n<p><a href=\"https:\/\/www.celec.gob.ec\/transelectric\/wp-content\/uploads\/2023\/08\/1.-Alcance-ciclo-de-vida-y-descripcion-detallada-del-proyecto.pdf\" data-type=\"link\" data-id=\"https:\/\/www.celec.gob.ec\/transelectric\/wp-content\/uploads\/2023\/08\/1.-Alcance-ciclo-de-vida-y-descripcion-detallada-del-proyecto.pdf\">1. Alcance, ciclo de vida y descripci\u00f3n detallada del proyecto<\/a><\/p>\n\n\n\n<p><a href=\"https:\/\/www.celec.gob.ec\/transelectric\/wp-content\/uploads\/2023\/08\/2.-Analisis-de-las-alternativas-de-las-actividades-del-proyecto.pdf\" data-type=\"link\" data-id=\"https:\/\/www.celec.gob.ec\/transelectric\/wp-content\/uploads\/2023\/08\/2.-Analisis-de-las-alternativas-de-las-actividades-del-proyecto.pdf\">2. An\u00e1lisis de las alternativas de las actividades del proyecto<\/a><\/p>\n\n\n\n<p><a href=\"https:\/\/www.celec.gob.ec\/transelectric\/wp-content\/uploads\/2023\/08\/3.-Demanda-de-Recursos-Naturales.pdf\" data-type=\"link\" data-id=\"https:\/\/www.celec.gob.ec\/transelectric\/wp-content\/uploads\/2023\/08\/3.-Demanda-de-Recursos-Naturales.pdf\">3. Demanda de Recursos Naturales del proyecto <\/a><\/p>\n\n\n\n<p><a href=\"https:\/\/www.celec.gob.ec\/transelectric\/wp-content\/uploads\/2023\/08\/4.-Diagnostico-ambiental-de-linea-base.pdf\" data-type=\"link\" data-id=\"https:\/\/www.celec.gob.ec\/transelectric\/wp-content\/uploads\/2023\/08\/4.-Diagnostico-ambiental-de-linea-base.pdf\">4. Diagn\u00f3stico ambiental de l\u00ednea base del proyecto <\/a><\/p>\n\n\n\n<p><a href=\"https:\/\/www.celec.gob.ec\/transelectric\/wp-content\/uploads\/2023\/08\/5.-Inventario-Forestal.pdf\" data-type=\"link\" data-id=\"https:\/\/www.celec.gob.ec\/transelectric\/wp-content\/uploads\/2023\/08\/5.-Inventario-Forestal.pdf\">5. Inventario Forestal<\/a> <\/p>\n\n\n\n<p><a href=\"https:\/\/www.celec.gob.ec\/transelectric\/wp-content\/uploads\/2023\/08\/6.-Identificacion-y-determinacion-de-Areas-de-Influencia-y-Areas-Sensibles.pdf\" data-type=\"link\" data-id=\"https:\/\/www.celec.gob.ec\/transelectric\/wp-content\/uploads\/2023\/08\/6.-Identificacion-y-determinacion-de-Areas-de-Influencia-y-Areas-Sensibles.pdf\">6. Identificaci\u00f3n y determinaci\u00f3n de \u00c1reas de Influencia y \u00c1reas Sensibles<\/a><\/p>\n\n\n\n<p><a href=\"https:\/\/www.celec.gob.ec\/transelectric\/wp-content\/uploads\/2023\/08\/7.-Analisis-de-Riesgos.pdf\" data-type=\"link\" data-id=\"https:\/\/www.celec.gob.ec\/transelectric\/wp-content\/uploads\/2023\/08\/7.-Analisis-de-Riesgos.pdf\">7. An\u00e1lisis de Riesgos<\/a><\/p>\n\n\n\n<p><a href=\"https:\/\/www.celec.gob.ec\/transelectric\/wp-content\/uploads\/2023\/08\/8.-Evaluacion-de-Impactos-Socioambientales.pdf\" data-type=\"link\" data-id=\"https:\/\/www.celec.gob.ec\/transelectric\/wp-content\/uploads\/2023\/08\/8.-Evaluacion-de-Impactos-Socioambientales.pdf\">8. Evaluaci\u00f3n de Impactos Socioambientales<\/a><\/p>\n\n\n\n<p><a href=\"https:\/\/www.celec.gob.ec\/transelectric\/wp-content\/uploads\/2023\/08\/9.-Plan-de-Manejo-Ambiental.pdf\" data-type=\"link\" data-id=\"https:\/\/www.celec.gob.ec\/transelectric\/wp-content\/uploads\/2023\/08\/9.-Plan-de-Manejo-Ambiental.pdf\">9. Plan de Manejo Ambiental<\/a><\/p>\n\n\n\n<p><a href=\"https:\/\/drive.google.com\/drive\/folders\/1M5xZy0waWGY-4rvXff0TSSVZptMvhzqt?usp=drive_link\" data-type=\"link\" data-id=\"https:\/\/drive.google.com\/drive\/folders\/1M5xZy0waWGY-4rvXff0TSSVZptMvhzqt?usp=drive_link\">10. Anexos <\/a><\/p>\n\n\n\n<p><\/p>\n\n\n\n<p><\/p>\n","protected":false},"excerpt":{"rendered":"<p>1. Alcance, ciclo de vida y descripci\u00f3n detallada del proyecto 2. An\u00e1lisis de las alternativas de las actividades del proyecto 3. Demanda de Recursos Naturales del proyecto 4. Diagn\u00f3stico ambiental de l\u00ednea base del proyecto 5. Inventario Forestal 6. Identificaci\u00f3n y determinaci\u00f3n de \u00c1reas de Influencia y \u00c1reas Sensibles 7. An\u00e1lisis de Riesgos 8. Evaluaci\u00f3n [&hellip;]<\/p>\n","protected":false},"author":4,"featured_media":0,"parent":0,"menu_order":0,"comment_status":"closed","ping_status":"closed","template":"","meta":{"_acf_changed":false,"inline_featured_image":false,"_themeisle_gutenberg_block_has_review":false,"footnotes":""},"categories":[],"tags":[],"class_list":["post-6318","page","type-page","status-publish","hentry"],"acf":[],"_links":{"self":[{"href":"https:\/\/www.celec.gob.ec\/transelectric\/wp-json\/wp\/v2\/pages\/6318","targetHints":{"allow":["GET"]}}],"collection":[{"href":"https:\/\/www.celec.gob.ec\/transelectric\/wp-json\/wp\/v2\/pages"}],"about":[{"href":"https:\/\/www.celec.gob.ec\/transelectric\/wp-json\/wp\/v2\/types\/page"}],"author":[{"embeddable":true,"href":"https:\/\/www.celec.gob.ec\/transelectric\/wp-json\/wp\/v2\/users\/4"}],"replies":[{"embeddable":true,"href":"https:\/\/www.celec.gob.ec\/transelectric\/wp-json\/wp\/v2\/comments?post=6318"}],"version-history":[{"count":7,"href":"https:\/\/www.celec.gob.ec\/transelectric\/wp-json\/wp\/v2\/pages\/6318\/revisions"}],"predecessor-version":[{"id":6380,"href":"https:\/\/www.celec.gob.ec\/transelectric\/wp-json\/wp\/v2\/pages\/6318\/revisions\/6380"}],"wp:attachment":[{"href":"https:\/\/www.celec.gob.ec\/transelectric\/wp-json\/wp\/v2\/media?parent=6318"}],"wp:term":[{"taxonomy":"category","embeddable":true,"href":"https:\/\/www.celec.gob.ec\/transelectric\/wp-json\/wp\/v2\/categories?post=6318"},{"taxonomy":"post_tag","embeddable":true,"href":"https:\/\/www.celec.gob.ec\/transelectric\/wp-json\/wp\/v2\/tags?post=6318"}],"curies":[{"name":"wp","href":"https:\/\/api.w.org\/{rel}","templated":true}]}}