{"id":6776,"date":"2023-09-07T14:54:05","date_gmt":"2023-09-07T19:54:05","guid":{"rendered":"https:\/\/www.celec.gob.ec\/transelectric\/?page_id=6776"},"modified":"2023-09-07T16:52:57","modified_gmt":"2023-09-07T21:52:57","slug":"anexo-atlas-tematico","status":"publish","type":"page","link":"https:\/\/www.celec.gob.ec\/transelectric\/anexo-atlas-tematico\/","title":{"rendered":"ANEXO ATLAS TEM\u00c1TICO"},"content":{"rendered":"\n<ol class=\"wp-block-list\">\n<li><a href=\"https:\/\/www.celec.gob.ec\/transelectric\/wp-content\/uploads\/2023\/09\/1.-MAPA-DE-UBICACION-GENERAL-Y-DIVISION-POLITICO-ADMINISTRATIVA-2.pdf\">MAPA DE UBICACI\u00d3N GENERAL Y DIVISI\u00d3N POL\u00cdTICO ADMINISTRATIVA<\/a><\/li>\n\n\n\n<li><a href=\"https:\/\/www.celec.gob.ec\/transelectric\/wp-content\/uploads\/2023\/09\/2.-MAPA-BASE.pdf\" data-type=\"link\" data-id=\"https:\/\/www.celec.gob.ec\/transelectric\/wp-content\/uploads\/2023\/09\/2.-MAPA-BASE.pdf\">MAPA BASE<\/a><\/li>\n\n\n\n<li><a href=\"https:\/\/www.celec.gob.ec\/transelectric\/wp-content\/uploads\/2023\/09\/3.-MAPA-DE-IMPLANTACION-DEL-PROYECTO.pdf\" data-type=\"link\" data-id=\"https:\/\/www.celec.gob.ec\/transelectric\/wp-content\/uploads\/2023\/09\/3.-MAPA-DE-IMPLANTACION-DEL-PROYECTO.pdf\">MAPA DE IMPLANTACI\u00d3N DEL PROYECTO<\/a><\/li>\n\n\n\n<li><a href=\"https:\/\/www.celec.gob.ec\/transelectric\/wp-content\/uploads\/2023\/09\/4.-MAPA-DE-PATRIMONIO-NACIONAL-DE-AREAS-NATURALES.pdf\" data-type=\"link\" data-id=\"https:\/\/www.celec.gob.ec\/transelectric\/wp-content\/uploads\/2023\/09\/4.-MAPA-DE-PATRIMONIO-NACIONAL-DE-AREAS-NATURALES.pdf\">MAPA DE PATRIMONIO NACIONAL DE \u00c1REAS NATURALES<\/a><\/li>\n\n\n\n<li><a href=\"https:\/\/www.celec.gob.ec\/transelectric\/wp-content\/uploads\/2023\/09\/5.-MAPA-GEOLOGICO.pdf\" data-type=\"link\" data-id=\"https:\/\/www.celec.gob.ec\/transelectric\/wp-content\/uploads\/2023\/09\/5.-MAPA-GEOLOGICO.pdf\">MAPA GEOL\u00d3GICO<\/a><\/li>\n\n\n\n<li><a href=\"https:\/\/www.celec.gob.ec\/transelectric\/wp-content\/uploads\/2023\/09\/6.-MAPA-GEOMORFOLOGICO.pdf\" data-type=\"link\" data-id=\"https:\/\/www.celec.gob.ec\/transelectric\/wp-content\/uploads\/2023\/09\/6.-MAPA-GEOMORFOLOGICO.pdf\">MAPA GEOMORFOL\u00d3GICO<\/a><\/li>\n\n\n\n<li><a href=\"https:\/\/www.celec.gob.ec\/transelectric\/wp-content\/uploads\/2023\/09\/7.-MAPA-DE-PENDIENTES.pdf\" data-type=\"link\" data-id=\"https:\/\/www.celec.gob.ec\/transelectric\/wp-content\/uploads\/2023\/09\/7.-MAPA-DE-PENDIENTES.pdf\">MAPA DE PENDIENTES<\/a><\/li>\n\n\n\n<li><a href=\"https:\/\/www.celec.gob.ec\/transelectric\/wp-content\/uploads\/2023\/09\/8.-MAPA-DE-FISIOGRAFIA-Y-SUELOS.pdf\" data-type=\"link\" data-id=\"https:\/\/www.celec.gob.ec\/transelectric\/wp-content\/uploads\/2023\/09\/8.-MAPA-DE-FISIOGRAFIA-Y-SUELOS.pdf\">MAPA DE FISIOGRAF\u00cdA Y SUELOS<\/a><\/li>\n\n\n\n<li><a href=\"https:\/\/www.celec.gob.ec\/transelectric\/wp-content\/uploads\/2023\/09\/9.-MAPA-HIDROGEILOGICO.pdf\" data-type=\"link\" data-id=\"https:\/\/www.celec.gob.ec\/transelectric\/wp-content\/uploads\/2023\/09\/9.-MAPA-HIDROGEILOGICO.pdf\">MAPA HIDROGEIL\u00d3GICO<\/a><\/li>\n\n\n\n<li><a href=\"https:\/\/www.celec.gob.ec\/transelectric\/wp-content\/uploads\/2023\/09\/10.-MAPA-DE-CUENCAS-HIDROGRAFICAS.pdf\" data-type=\"link\" data-id=\"https:\/\/www.celec.gob.ec\/transelectric\/wp-content\/uploads\/2023\/09\/10.-MAPA-DE-CUENCAS-HIDROGRAFICAS.pdf\">MAPA DE CUENCAS HIDROGR\u00c1FICAS<\/a><\/li>\n\n\n\n<li><a href=\"https:\/\/www.celec.gob.ec\/transelectric\/wp-content\/uploads\/2023\/09\/11.-MAPA-CLIMATICO.pdf\" data-type=\"link\" data-id=\"https:\/\/www.celec.gob.ec\/transelectric\/wp-content\/uploads\/2023\/09\/11.-MAPA-CLIMATICO.pdf\">MAPA CLIM\u00c1TICO<\/a><\/li>\n\n\n\n<li><a href=\"https:\/\/www.celec.gob.ec\/transelectric\/wp-content\/uploads\/2023\/09\/12.-MAPA-DE-MUESTREOS-FISICOS-RUIDO.pdf\" data-type=\"link\" data-id=\"https:\/\/www.celec.gob.ec\/transelectric\/wp-content\/uploads\/2023\/09\/12.-MAPA-DE-MUESTREOS-FISICOS-RUIDO.pdf\">MAPA DE MUESTREOS F\u00cdSICOS &#8211; RUIDO<\/a><\/li>\n\n\n\n<li><a href=\"https:\/\/www.celec.gob.ec\/transelectric\/wp-content\/uploads\/2023\/09\/13.-MAPA-DE-MUESTREOS-FISICOS-CAMPOS-ELECTROMAGNETICOS.pdf\" data-type=\"link\" data-id=\"https:\/\/www.celec.gob.ec\/transelectric\/wp-content\/uploads\/2023\/09\/13.-MAPA-DE-MUESTREOS-FISICOS-CAMPOS-ELECTROMAGNETICOS.pdf\">MAPA DE MUESTREOS F\u00cdSICOS &#8211; CAMPOS ELECTROMAGN\u00c9TICOS<\/a><\/li>\n\n\n\n<li><a href=\"https:\/\/www.celec.gob.ec\/transelectric\/wp-content\/uploads\/2023\/09\/14.-MAPA-DE-USOS-DEL-SUELO-Y-COBERTURA-VEGETAL.pdf\" data-type=\"link\" data-id=\"https:\/\/www.celec.gob.ec\/transelectric\/wp-content\/uploads\/2023\/09\/14.-MAPA-DE-USOS-DEL-SUELO-Y-COBERTURA-VEGETAL.pdf\">MAPA DE USOS DEL SUELO Y COBERTURA VEGETAL<\/a><\/li>\n\n\n\n<li><a href=\"https:\/\/www.celec.gob.ec\/transelectric\/wp-content\/uploads\/2023\/09\/15.-MAPA-DE-MUESTREOS-BIOTICOS-FLORA.pdf\" data-type=\"link\" data-id=\"https:\/\/www.celec.gob.ec\/transelectric\/wp-content\/uploads\/2023\/09\/15.-MAPA-DE-MUESTREOS-BIOTICOS-FLORA.pdf\">MAPA DE MUESTREOS BI\u00d3TICOS FLORA<\/a><\/li>\n\n\n\n<li><a href=\"https:\/\/www.celec.gob.ec\/transelectric\/wp-content\/uploads\/2023\/09\/16.-MAPA-DE-MUESTREOS-BIOTICOS-ORNITOFAUNA.pdf\" data-type=\"link\" data-id=\"https:\/\/www.celec.gob.ec\/transelectric\/wp-content\/uploads\/2023\/09\/16.-MAPA-DE-MUESTREOS-BIOTICOS-ORNITOFAUNA.pdf\">MAPA DE MUESTREOS BI\u00d3TICOS ORNITOFAUNA<\/a><\/li>\n\n\n\n<li><a href=\"https:\/\/www.celec.gob.ec\/transelectric\/wp-content\/uploads\/2023\/09\/17.-MAPA-DE-MUESTREOS-BIOTICOS-MASTOFAUNA.pdf\" data-type=\"link\" data-id=\"https:\/\/www.celec.gob.ec\/transelectric\/wp-content\/uploads\/2023\/09\/17.-MAPA-DE-MUESTREOS-BIOTICOS-MASTOFAUNA.pdf\">MAPA DE MUESTREOS BI\u00d3TICOS MASTOFAUNA<\/a><\/li>\n\n\n\n<li><a href=\"https:\/\/www.celec.gob.ec\/transelectric\/wp-content\/uploads\/2023\/09\/18.-MAPA-DE-MUESTREOS-BIOTICOS-HERPETOFAUNA.pdf\" data-type=\"link\" data-id=\"https:\/\/www.celec.gob.ec\/transelectric\/wp-content\/uploads\/2023\/09\/18.-MAPA-DE-MUESTREOS-BIOTICOS-HERPETOFAUNA.pdf\">MAPA DE MUESTREOS BI\u00d3TICOS HERPETOFAUNA<\/a><\/li>\n\n\n\n<li><a href=\"https:\/\/www.celec.gob.ec\/transelectric\/wp-content\/uploads\/2023\/09\/19.-MAPA-DE-MUESTREOS-BIOTICOS-ENTOMOFAUNA.pdf\" data-type=\"link\" data-id=\"https:\/\/www.celec.gob.ec\/transelectric\/wp-content\/uploads\/2023\/09\/19.-MAPA-DE-MUESTREOS-BIOTICOS-ENTOMOFAUNA.pdf\">MAPA DE MUESTREOS BI\u00d3TICOS ENTOMOFAUNA<\/a><\/li>\n\n\n\n<li><a href=\"https:\/\/www.celec.gob.ec\/transelectric\/wp-content\/uploads\/2023\/09\/20.-MAPA-DE-NACIONALIDADES.pdf\" data-type=\"link\" data-id=\"https:\/\/www.celec.gob.ec\/transelectric\/wp-content\/uploads\/2023\/09\/20.-MAPA-DE-NACIONALIDADES.pdf\">MAPA DE NACIONALIDADES<\/a><\/li>\n\n\n\n<li><a href=\"https:\/\/www.celec.gob.ec\/transelectric\/wp-content\/uploads\/2023\/09\/21.-MAPA-DE-PROPIETARIOS.pdf\" data-type=\"link\" data-id=\"https:\/\/www.celec.gob.ec\/transelectric\/wp-content\/uploads\/2023\/09\/21.-MAPA-DE-PROPIETARIOS.pdf\">MAPA DE PROPIETARIOS<\/a><\/li>\n\n\n\n<li><a href=\"https:\/\/www.celec.gob.ec\/transelectric\/wp-content\/uploads\/2023\/09\/22.-MAPA-DE-AREAS-DE-INFLUENCIA-DIRECTA-E-INDIRECTA-FISICA.pdf\">MAPA DE \u00c1REAS DE INFLUENCIA DIRECTA E INDIRECTA F\u00cdSICA<\/a><\/li>\n\n\n\n<li><a href=\"https:\/\/www.celec.gob.ec\/transelectric\/wp-content\/uploads\/2023\/09\/23.-MAPA-DE-AREAS-DE-INFLUENCIA-DIRECTA-E-INDIRECTA-BIOTICA.pdf\" data-type=\"link\" data-id=\"https:\/\/www.celec.gob.ec\/transelectric\/wp-content\/uploads\/2023\/09\/23.-MAPA-DE-AREAS-DE-INFLUENCIA-DIRECTA-E-INDIRECTA-BIOTICA.pdf\">MAPA DE \u00c1REAS DE INFLUENCIA DIRECTA E INDIRECTA BI\u00d3TICA<\/a><\/li>\n\n\n\n<li><a href=\"https:\/\/www.celec.gob.ec\/transelectric\/wp-content\/uploads\/2023\/09\/24.-MAPA-DE-AREAS-DE-INFLUENCIA-DIRECTA-E-INDIRECTA-SOCIAL.pdf\" data-type=\"link\" data-id=\"https:\/\/www.celec.gob.ec\/transelectric\/wp-content\/uploads\/2023\/09\/24.-MAPA-DE-AREAS-DE-INFLUENCIA-DIRECTA-E-INDIRECTA-SOCIAL.pdf\">MAPA DE \u00c1REAS DE INFLUENCIA DIRECTA E INDIRECTA SOCIAL<\/a><\/li>\n\n\n\n<li><a href=\"https:\/\/www.celec.gob.ec\/transelectric\/wp-content\/uploads\/2023\/09\/24.1.-MAPA-DE-AREAS-DE-INFLUENCIA-DIRECTA-SOCIAL.pdf\" data-type=\"link\" data-id=\"https:\/\/www.celec.gob.ec\/transelectric\/wp-content\/uploads\/2023\/09\/24.1.-MAPA-DE-AREAS-DE-INFLUENCIA-DIRECTA-SOCIAL.pdf\"> MAPA DE \u00c1REAS DE INFLUENCIA DIRECTA SOCIAL<\/a><a href=\"https:\/\/www.celec.gob.ec\/transelectric\/wp-content\/uploads\/2023\/09\/24.2.-MAPA-DE-AREAS-DE-INFLUENCIA-DIRECTA-SOCIAL.pdf\" data-type=\"link\" data-id=\"https:\/\/www.celec.gob.ec\/transelectric\/wp-content\/uploads\/2023\/09\/24.2.-MAPA-DE-AREAS-DE-INFLUENCIA-DIRECTA-SOCIAL.pdf\">24.2.- MAPA DE \u00c1REAS DE INFLUENCIA DIRECTA SOCIAL<\/a><\/li>\n\n\n\n<li><a href=\"https:\/\/www.celec.gob.ec\/transelectric\/wp-content\/uploads\/2023\/09\/24.3.-MAPA-DE-AREAS-DE-INFLUENCIA-DIRECTA-SOCIAL.pdf\" data-type=\"link\" data-id=\"https:\/\/www.celec.gob.ec\/transelectric\/wp-content\/uploads\/2023\/09\/24.3.-MAPA-DE-AREAS-DE-INFLUENCIA-DIRECTA-SOCIAL.pdf\"> MAPA DE \u00c1REAS DE INFLUENCIA DIRECTA SOCIAL<\/a><\/li>\n\n\n\n<li><a href=\"https:\/\/www.celec.gob.ec\/transelectric\/wp-content\/uploads\/2023\/09\/24.4.-MAPA-DE-AREAS-DE-INFLUENCIA-DIRECTA-SOCIAL.pdf\" data-type=\"link\" data-id=\"https:\/\/www.celec.gob.ec\/transelectric\/wp-content\/uploads\/2023\/09\/24.4.-MAPA-DE-AREAS-DE-INFLUENCIA-DIRECTA-SOCIAL.pdf\"> MAPA DE \u00c1REAS DE INFLUENCIA DIRECTA SOCIAL<\/a><\/li>\n\n\n\n<li><a href=\"https:\/\/www.celec.gob.ec\/transelectric\/wp-content\/uploads\/2023\/09\/24.5.-MAPA-DE-AREAS-DE-INFLUENCIA-DIRECTA-SOCIAL.pdf\" data-type=\"link\" data-id=\"https:\/\/www.celec.gob.ec\/transelectric\/wp-content\/uploads\/2023\/09\/24.5.-MAPA-DE-AREAS-DE-INFLUENCIA-DIRECTA-SOCIAL.pdf\">MAPA DE \u00c1REAS DE INFLUENCIA DIRECTA SOCIAL<\/a><\/li>\n\n\n\n<li><a href=\"https:\/\/www.celec.gob.ec\/transelectric\/wp-content\/uploads\/2023\/09\/24.6.-MAPA-DE-AREAS-DE-INFLUENCIA-DIRECTA-SOCIAL.pdf\" data-type=\"link\" data-id=\"https:\/\/www.celec.gob.ec\/transelectric\/wp-content\/uploads\/2023\/09\/24.6.-MAPA-DE-AREAS-DE-INFLUENCIA-DIRECTA-SOCIAL.pdf\"> MAPA DE \u00c1REAS DE INFLUENCIA DIRECTA SOCIAL<\/a><\/li>\n\n\n\n<li><a href=\"https:\/\/www.celec.gob.ec\/transelectric\/wp-content\/uploads\/2023\/09\/24.7.-MAPA-DE-AREAS-DE-INFLUENCIA-DIRECTA-SOCIAL.pdf\" data-type=\"link\" data-id=\"https:\/\/www.celec.gob.ec\/transelectric\/wp-content\/uploads\/2023\/09\/24.7.-MAPA-DE-AREAS-DE-INFLUENCIA-DIRECTA-SOCIAL.pdf\">MAPA DE \u00c1REAS DE INFLUENCIA DIRECTA SOCIAL<\/a><\/li>\n\n\n\n<li><a href=\"https:\/\/www.celec.gob.ec\/transelectric\/wp-content\/uploads\/2023\/09\/24.8.-MAPA-DE-AREAS-DE-INFLUENCIA-DIRECTA-SOCIAL.pdf\" data-type=\"link\" data-id=\"https:\/\/www.celec.gob.ec\/transelectric\/wp-content\/uploads\/2023\/09\/24.8.-MAPA-DE-AREAS-DE-INFLUENCIA-DIRECTA-SOCIAL.pdf\">MAPA DE \u00c1REAS DE INFLUENCIA DIRECTA SOCIAL<\/a><\/li>\n\n\n\n<li><a href=\"https:\/\/www.celec.gob.ec\/transelectric\/wp-content\/uploads\/2023\/09\/25.-MAPA-DE-SENSIBILIDAD-FISICA.pdf\" data-type=\"link\" data-id=\"https:\/\/www.celec.gob.ec\/transelectric\/wp-content\/uploads\/2023\/09\/25.-MAPA-DE-SENSIBILIDAD-FISICA.pdf\">MAPA DE SENSIBILIDAD F\u00cdSICA<\/a><\/li>\n\n\n\n<li><a href=\"https:\/\/www.celec.gob.ec\/transelectric\/wp-content\/uploads\/2023\/09\/26.-MAPA-DE-SENSIBILIDAD-BIOTICA.pdf\" data-type=\"link\" data-id=\"https:\/\/www.celec.gob.ec\/transelectric\/wp-content\/uploads\/2023\/09\/26.-MAPA-DE-SENSIBILIDAD-BIOTICA.pdf\">MAPA DE SENSIBILIDAD BI\u00d3TICA<\/a><\/li>\n\n\n\n<li><a href=\"https:\/\/www.celec.gob.ec\/transelectric\/wp-content\/uploads\/2023\/09\/27.-MAPA-DE-SENSIBILIDAD-SOCIAL.pdf\" data-type=\"link\" data-id=\"https:\/\/www.celec.gob.ec\/transelectric\/wp-content\/uploads\/2023\/09\/27.-MAPA-DE-SENSIBILIDAD-SOCIAL.pdf\">MAPA DE SENSIBILIDAD SOCIAL<\/a><\/li>\n\n\n\n<li><a href=\"https:\/\/www.celec.gob.ec\/transelectric\/wp-content\/uploads\/2023\/09\/28.-MAPA-DE-RIESGOS-EXOGENOS.pdf\" data-type=\"link\" data-id=\"https:\/\/www.celec.gob.ec\/transelectric\/wp-content\/uploads\/2023\/09\/28.-MAPA-DE-RIESGOS-EXOGENOS.pdf\">MAPA DE RIESGOS EX\u00d3GENOS<\/a><\/li>\n\n\n\n<li><a href=\"https:\/\/www.celec.gob.ec\/transelectric\/wp-content\/uploads\/2023\/09\/28.1.-MAPA-DE-RIESGOS-EXOGENOS-INUNDACIONES.pdf\" data-type=\"link\" data-id=\"https:\/\/www.celec.gob.ec\/transelectric\/wp-content\/uploads\/2023\/09\/28.1.-MAPA-DE-RIESGOS-EXOGENOS-INUNDACIONES.pdf\">MAPA DE RIESGOS EX\u00d3GENOS INUNDACIONES<\/a><\/li>\n\n\n\n<li><a href=\"https:\/\/www.celec.gob.ec\/transelectric\/wp-content\/uploads\/2023\/09\/29.-MAPA-DE-RIESGOS-ENDOGENOS.pdf\">MAPA DE RIESGOS END\u00d3GENOS<\/a><\/li>\n\n\n\n<li><\/li>\n<\/ol>\n","protected":false},"excerpt":{"rendered":"","protected":false},"author":3,"featured_media":0,"parent":0,"menu_order":0,"comment_status":"closed","ping_status":"closed","template":"","meta":{"_acf_changed":false,"inline_featured_image":false,"_themeisle_gutenberg_block_has_review":false,"footnotes":""},"categories":[],"tags":[],"class_list":["post-6776","page","type-page","status-publish","hentry"],"acf":[],"_links":{"self":[{"href":"https:\/\/www.celec.gob.ec\/transelectric\/wp-json\/wp\/v2\/pages\/6776","targetHints":{"allow":["GET"]}}],"collection":[{"href":"https:\/\/www.celec.gob.ec\/transelectric\/wp-json\/wp\/v2\/pages"}],"about":[{"href":"https:\/\/www.celec.gob.ec\/transelectric\/wp-json\/wp\/v2\/types\/page"}],"author":[{"embeddable":true,"href":"https:\/\/www.celec.gob.ec\/transelectric\/wp-json\/wp\/v2\/users\/3"}],"replies":[{"embeddable":true,"href":"https:\/\/www.celec.gob.ec\/transelectric\/wp-json\/wp\/v2\/comments?post=6776"}],"version-history":[{"count":1,"href":"https:\/\/www.celec.gob.ec\/transelectric\/wp-json\/wp\/v2\/pages\/6776\/revisions"}],"predecessor-version":[{"id":6778,"href":"https:\/\/www.celec.gob.ec\/transelectric\/wp-json\/wp\/v2\/pages\/6776\/revisions\/6778"}],"wp:attachment":[{"href":"https:\/\/www.celec.gob.ec\/transelectric\/wp-json\/wp\/v2\/media?parent=6776"}],"wp:term":[{"taxonomy":"category","embeddable":true,"href":"https:\/\/www.celec.gob.ec\/transelectric\/wp-json\/wp\/v2\/categories?post=6776"},{"taxonomy":"post_tag","embeddable":true,"href":"https:\/\/www.celec.gob.ec\/transelectric\/wp-json\/wp\/v2\/tags?post=6776"}],"curies":[{"name":"wp","href":"https:\/\/api.w.org\/{rel}","templated":true}]}}