{"id":6980,"date":"2023-10-27T12:14:00","date_gmt":"2023-10-27T17:14:00","guid":{"rendered":"https:\/\/www.celec.gob.ec\/transelectric\/?page_id=6980"},"modified":"2023-10-30T08:44:28","modified_gmt":"2023-10-30T13:44:28","slug":"concurso-de-meritos-y-oposicion-operador-de-subestaciones-27-de-octubre-2023-sede-milagros","status":"publish","type":"page","link":"https:\/\/www.celec.gob.ec\/transelectric\/concurso-de-meritos-y-oposicion-operador-de-subestaciones-27-de-octubre-2023-sede-milagros\/","title":{"rendered":"Concurso de M\u00e9ritos y Oposici\u00f3n, Operador de subestaciones, 27 de octubre 2023 &#8211; Sede Milagro"},"content":{"rendered":"\n<p>En cumplimiento al \u201cReglamento para el Reclutamiento, Preselecci\u00f3n, Selecci\u00f3n, Vinculaci\u00f3n, e Inducci\u00f3n del Talento Humano de la Empresa P\u00fablica Estrat\u00e9gica Corporaci\u00f3n El\u00e9ctrica del Ecuador CELEC EP\u201d, y RESOLUCI\u00d3N No. CEL-RES-0063-22, se pone en consideraci\u00f3n el inicio de la fase de reclutamiento del CONCURSO DE M\u00c9RITOS Y OPOSICI\u00d3N, para cubrir&nbsp;el cargo&nbsp;detallado en el archivo adjunto.<\/p>\n\n\n\n<p><em>\u201cArt.7.- Reclutamiento: El comit\u00e9 de selecci\u00f3n designado para el efecto tendr\u00e1 la responsabilidad de esta actividad, cuyo objetivo es recopilar todas las postulaciones de los aspirantes potencialmente calificados para ocupar los puestos ofertados por la CELEC EP, sean necesidades temporales o definitivas.<\/em><\/p>\n\n\n\n<p><em>Este reclutamiento se lo realiza a trav\u00e9s de una convocatoria abierta, a trav\u00e9s de diferentes medios de comunicaci\u00f3n como: medios digitales y\/o plataforma digital institucional. (\u2026)\u201c<\/em><\/p>\n\n\n\n<p>Los aspirantes que cumplan con los requisitos deber\u00e1n remitir su hoja de vida actualizada, adjuntando los documentos que acrediten su formaci\u00f3n profesional y experiencia laboral en referencia al puesto aplicado, (t\u00edtulo universitario, registro SENESCYT, o certificado de estudios, certificados laborales debidamente suscritos, indicar si posee acciones afirmativas con documento habilitante y dem\u00e1s respaldos de hoja de vida), dichos documentos deben constar en un solo archivo en formato PDF.<\/p>\n\n\n\n<p>Las postulaciones se receptar\u00e1n hasta las 23:59 del 31 de octubre de 2023, al correo electr\u00f3nico&nbsp;<a href=\"mailto:veronica.bolanos@celec.gob.ec\">veronica.bolanos@celec.gob.ec<\/a>, para evitar descalificaciones es importante indicar en el asunto, el c\u00f3digo al puesto que est\u00e1n optando, por ejemplo: \u201cCODIGO: CMO-003-2023\u201d.<\/p>\n\n\n\n<p class=\"has-text-align-center\"><strong><a href=\"https:\/\/drive.google.com\/file\/d\/153RHV0PektFfWVlfdg2o3GxBTKr9a79w\/view?usp=sharing\" data-type=\"link\" data-id=\"https:\/\/drive.google.com\/file\/d\/153RHV0PektFfWVlfdg2o3GxBTKr9a79w\/view?usp=sharing\">Para ver el requerimiento hacer clic aqu\u00ed<\/a><\/strong><\/p>\n","protected":false},"excerpt":{"rendered":"<p>En cumplimiento al \u201cReglamento para el Reclutamiento, Preselecci\u00f3n, Selecci\u00f3n, Vinculaci\u00f3n, e Inducci\u00f3n del Talento Humano de la Empresa P\u00fablica Estrat\u00e9gica Corporaci\u00f3n El\u00e9ctrica del Ecuador CELEC EP\u201d, y RESOLUCI\u00d3N No. CEL-RES-0063-22, se pone en consideraci\u00f3n el inicio de la fase de reclutamiento del CONCURSO DE M\u00c9RITOS Y OPOSICI\u00d3N, para cubrir&nbsp;el cargo&nbsp;detallado en el archivo adjunto. \u201cArt.7.- [&hellip;]<\/p>\n","protected":false},"author":4,"featured_media":0,"parent":0,"menu_order":0,"comment_status":"closed","ping_status":"closed","template":"","meta":{"_acf_changed":false,"inline_featured_image":false,"_themeisle_gutenberg_block_has_review":false,"footnotes":""},"categories":[],"tags":[],"class_list":["post-6980","page","type-page","status-publish","hentry"],"acf":[],"_links":{"self":[{"href":"https:\/\/www.celec.gob.ec\/transelectric\/wp-json\/wp\/v2\/pages\/6980","targetHints":{"allow":["GET"]}}],"collection":[{"href":"https:\/\/www.celec.gob.ec\/transelectric\/wp-json\/wp\/v2\/pages"}],"about":[{"href":"https:\/\/www.celec.gob.ec\/transelectric\/wp-json\/wp\/v2\/types\/page"}],"author":[{"embeddable":true,"href":"https:\/\/www.celec.gob.ec\/transelectric\/wp-json\/wp\/v2\/users\/4"}],"replies":[{"embeddable":true,"href":"https:\/\/www.celec.gob.ec\/transelectric\/wp-json\/wp\/v2\/comments?post=6980"}],"version-history":[{"count":2,"href":"https:\/\/www.celec.gob.ec\/transelectric\/wp-json\/wp\/v2\/pages\/6980\/revisions"}],"predecessor-version":[{"id":6984,"href":"https:\/\/www.celec.gob.ec\/transelectric\/wp-json\/wp\/v2\/pages\/6980\/revisions\/6984"}],"wp:attachment":[{"href":"https:\/\/www.celec.gob.ec\/transelectric\/wp-json\/wp\/v2\/media?parent=6980"}],"wp:term":[{"taxonomy":"category","embeddable":true,"href":"https:\/\/www.celec.gob.ec\/transelectric\/wp-json\/wp\/v2\/categories?post=6980"},{"taxonomy":"post_tag","embeddable":true,"href":"https:\/\/www.celec.gob.ec\/transelectric\/wp-json\/wp\/v2\/tags?post=6980"}],"curies":[{"name":"wp","href":"https:\/\/api.w.org\/{rel}","templated":true}]}}