{"id":7064,"date":"2023-11-15T10:03:18","date_gmt":"2023-11-15T15:03:18","guid":{"rendered":"https:\/\/www.celec.gob.ec\/transelectric\/?page_id=7064"},"modified":"2023-11-15T10:03:51","modified_gmt":"2023-11-15T15:03:51","slug":"proceso-de-seleccion-simple-especialista-de-gestion-ambiental-15-de-noviembre-2023","status":"publish","type":"page","link":"https:\/\/www.celec.gob.ec\/transelectric\/proceso-de-seleccion-simple-especialista-de-gestion-ambiental-15-de-noviembre-2023\/","title":{"rendered":"Proceso de selecci\u00f3n simple, Especialista de Gesti\u00f3n Ambiental, 15 de noviembre 2023"},"content":{"rendered":"\n<p><span style=\"color: rgb(45, 45, 45); font-family: Poppins, sans-serif; font-size: 16px; text-align: justify; white-space-collapse: collapse;\">En cumplimiento al \u201cReglamento para el Reclutamiento, Preselecci\u00f3n, Selecci\u00f3n, Vinculaci\u00f3n, e Inducci\u00f3n del Talento Humano de la Empresa P\u00fablica Estrat\u00e9gica Corporaci\u00f3n El\u00e9ctrica del Ecuador CELEC EP\u201d, y RESOLUCI\u00d3N No. CEL-RES-0063-22, se pone en consideraci\u00f3n el inicio de la fase de reclutamiento del PROCESO DE SELECCI\u00d3N SIMPLE, para cubrir\u00a0el cargo\u00a0detallado en el archivo adjunto.<\/span><\/p>\n\n\n\n<p><p style=\"box-sizing: border-box; margin: 0px 0px 0.5rem; padding: 0px; color: rgb(45, 45, 45); font-family: Poppins, sans-serif; font-size: 16px; text-align: justify; white-space-collapse: collapse;\"><em style=\"box-sizing: border-box; margin: 0px; padding: 0px;\">\u201cArt.7.- Reclutamiento: El comit\u00e9 de selecci\u00f3n designado para el efecto tendr\u00e1 la responsabilidad de esta actividad, cuyo objetivo es recopilar todas las postulaciones de los aspirantes potencialmente calificados para ocupar los puestos ofertados por la CELEC EP, sean necesidades temporales o definitivas.Este reclutamiento se lo realiza a trav\u00e9s de una convocatoria abierta, a trav\u00e9s de diferentes medios de comunicaci\u00f3n como: medios digitales y\/o plataforma digital institucional. (\u2026)\u201c<\/em><\/p><\/p>\n\n\n\n<p><p style=\"box-sizing: border-box; margin: 0px 0px 0.5rem; padding: 0px; color: rgb(45, 45, 45); font-family: Poppins, sans-serif; font-size: 16px; text-align: justify; white-space-collapse: collapse;\">Los aspirantes que cumplan con los requisitos deber\u00e1n remitir su hoja de vida actualizada junto a los documentos que certifiquen su instrucci\u00f3n formal y experiencia laboral para ser revisadas por los delegados; hasta las\u00a0<strong style=\"box-sizing: border-box; margin: 0px; padding: 0px;\">10:00, del 16 de noviembre de 2023 al correo\u00a0veronica.bolanos@celec.gob.ec, registrando como ASUNTO el cargo al que aplican.<\/strong>\u00a0Se considerar\u00e1n\u00a0\u00fanicamente las\u00a0postulaciones\u00a0que apliquen dentro de este periodo de tiempo; NO\u00a0se receptar\u00e1 documento alguno despu\u00e9s de la recepci\u00f3n de la postulaci\u00f3n.<\/p><p style=\"box-sizing: border-box; margin: 0px 0px 0.5rem; padding: 0px; color: rgb(45, 45, 45); font-family: Poppins, sans-serif; font-size: 16px; text-align: justify; white-space-collapse: collapse;\"><\/p><p style=\"box-sizing: border-box; margin: 0px 0px 0.5rem; padding: 0px; color: rgb(45, 45, 45); font-family: Poppins, sans-serif; font-size: 16px; white-space-collapse: collapse;\" class=\"has-text-align-center\"><strong><a href=\"https:\/\/drive.google.com\/file\/d\/1bSoW2h2SPgl0vVrueoSMSZUzxK0shEbc\/view?usp=sharing\">Para ver el requerimiento\u00a0hacer clic aqu\u00ed<\/a><\/strong><\/p><\/p>\n","protected":false},"excerpt":{"rendered":"<p>En cumplimiento al \u201cReglamento para el Reclutamiento, Preselecci\u00f3n, Selecci\u00f3n, Vinculaci\u00f3n, e Inducci\u00f3n del Talento Humano de la Empresa P\u00fablica Estrat\u00e9gica Corporaci\u00f3n El\u00e9ctrica del Ecuador CELEC EP\u201d, y RESOLUCI\u00d3N No. CEL-RES-0063-22, se pone en consideraci\u00f3n el inicio de la fase de reclutamiento del PROCESO DE SELECCI\u00d3N SIMPLE, para cubrir\u00a0el cargo\u00a0detallado en el archivo adjunto. \u201cArt.7.- Reclutamiento: [&hellip;]<\/p>\n","protected":false},"author":4,"featured_media":0,"parent":0,"menu_order":0,"comment_status":"closed","ping_status":"closed","template":"","meta":{"_acf_changed":false,"inline_featured_image":false,"_themeisle_gutenberg_block_has_review":false,"footnotes":""},"categories":[],"tags":[],"class_list":["post-7064","page","type-page","status-publish","hentry"],"acf":[],"_links":{"self":[{"href":"https:\/\/www.celec.gob.ec\/transelectric\/wp-json\/wp\/v2\/pages\/7064","targetHints":{"allow":["GET"]}}],"collection":[{"href":"https:\/\/www.celec.gob.ec\/transelectric\/wp-json\/wp\/v2\/pages"}],"about":[{"href":"https:\/\/www.celec.gob.ec\/transelectric\/wp-json\/wp\/v2\/types\/page"}],"author":[{"embeddable":true,"href":"https:\/\/www.celec.gob.ec\/transelectric\/wp-json\/wp\/v2\/users\/4"}],"replies":[{"embeddable":true,"href":"https:\/\/www.celec.gob.ec\/transelectric\/wp-json\/wp\/v2\/comments?post=7064"}],"version-history":[{"count":2,"href":"https:\/\/www.celec.gob.ec\/transelectric\/wp-json\/wp\/v2\/pages\/7064\/revisions"}],"predecessor-version":[{"id":7067,"href":"https:\/\/www.celec.gob.ec\/transelectric\/wp-json\/wp\/v2\/pages\/7064\/revisions\/7067"}],"wp:attachment":[{"href":"https:\/\/www.celec.gob.ec\/transelectric\/wp-json\/wp\/v2\/media?parent=7064"}],"wp:term":[{"taxonomy":"category","embeddable":true,"href":"https:\/\/www.celec.gob.ec\/transelectric\/wp-json\/wp\/v2\/categories?post=7064"},{"taxonomy":"post_tag","embeddable":true,"href":"https:\/\/www.celec.gob.ec\/transelectric\/wp-json\/wp\/v2\/tags?post=7064"}],"curies":[{"name":"wp","href":"https:\/\/api.w.org\/{rel}","templated":true}]}}