{"id":7088,"date":"2023-11-22T15:33:44","date_gmt":"2023-11-22T20:33:44","guid":{"rendered":"https:\/\/www.celec.gob.ec\/transelectric\/?page_id=7088"},"modified":"2023-11-22T16:45:14","modified_gmt":"2023-11-22T21:45:14","slug":"proceso-de-seleccion-simple-especialistas-tecnicos-22-de-noviembre-2023","status":"publish","type":"page","link":"https:\/\/www.celec.gob.ec\/transelectric\/proceso-de-seleccion-simple-especialistas-tecnicos-22-de-noviembre-2023\/","title":{"rendered":"Proceso de selecci\u00f3n simple, Especialistas t\u00e9cnicos, 22 de noviembre 2023"},"content":{"rendered":"\n<p>En cumplimiento al&nbsp;\u201cReglamento para el Reclutamiento, Preselecci\u00f3n,&nbsp;Selecci\u00f3n, Vinculaci\u00f3n, e Inducci\u00f3n&nbsp;del Talento Humano&nbsp;de&nbsp;la Empresa P\u00fablica Estrat\u00e9gica Corporaci\u00f3n El\u00e9ctrica&nbsp;del Ecuador CELEC EP\u201d, y&nbsp;<em>RESOLUCI\u00d3N No. CEL-RES-0063-22,<\/em>&nbsp;se pone en consideraci\u00f3n el inicio de la fase de reclutamiento del&nbsp;<em>PROCESO DE&nbsp;SELECCI\u00d3N&nbsp;SIMPLE<\/em>, para cubrir los cargos detallados en el archivo adjunto.&nbsp;&nbsp;<\/p>\n\n\n\n<p><strong><em>Art.7.- Reclutamiento:<\/em><\/strong><em>&nbsp;El comit\u00e9&nbsp;de&nbsp;selecci\u00f3n&nbsp;designado para el efecto tendr\u00e1 la responsabilidad&nbsp;de&nbsp;esta actividad, cuyo objetivo es recopilar todas las postulaciones&nbsp;de&nbsp;los aspirantes potencialmente calificados para ocupar los puestos ofertados por la CELEC EP, sean necesidades temporales o&nbsp;definitivas.&nbsp;<\/em><\/p>\n\n\n\n<p><em>Este reclutamiento se lo realiza a trav\u00e9s&nbsp;de&nbsp;una&nbsp;convocatoria&nbsp;abierta, a trav\u00e9s&nbsp;de&nbsp;diferentes medios&nbsp;de&nbsp;comunicaci\u00f3n como: medios digitales y\/o plataforma digital institucional. (\u2026)\u201c<\/em><\/p>\n\n\n\n<p>Los aspirantes que cumplan con los requisitos deber\u00e1n remitir su hoja de vida<strong>&nbsp;actualizada<\/strong>&nbsp;&nbsp;junto a los&nbsp;<strong>documentos que certifiquen<\/strong>&nbsp;su instrucci\u00f3n formal y experiencia laboral para ser revisadas por&nbsp;los delegados; hasta las&nbsp;<strong>15:30, del&nbsp;23&nbsp;de&nbsp;noviembre&nbsp;de 2023<\/strong>&nbsp;al correo&nbsp;<strong>alexandra.sarabia@celec.gob.ec,&nbsp;<\/strong>,registrando como&nbsp;<strong>ASUNTO el cargo al que aplican<em>, \u201cconsider\u00e1ndose \u00fanicamente las que apliquen dentro de este periodo de tiempo, no se receptar\u00e1 documento alguno despu\u00e9s de la recepci\u00f3n de la postulaci\u00f3n.\u201d<\/em><\/strong><\/p>\n\n\n\n<p class=\"has-text-align-center\"><strong><a href=\"https:\/\/drive.google.com\/file\/d\/1M1M9Q00rItTRKqe1opD8CMKvapbx_An6\/view?usp=sharing\">Para ver el requerimiento hacer clic aqu\u00ed<\/a><\/strong><\/p>\n","protected":false},"excerpt":{"rendered":"<p>En cumplimiento al&nbsp;\u201cReglamento para el Reclutamiento, Preselecci\u00f3n,&nbsp;Selecci\u00f3n, Vinculaci\u00f3n, e Inducci\u00f3n&nbsp;del Talento Humano&nbsp;de&nbsp;la Empresa P\u00fablica Estrat\u00e9gica Corporaci\u00f3n El\u00e9ctrica&nbsp;del Ecuador CELEC EP\u201d, y&nbsp;RESOLUCI\u00d3N No. CEL-RES-0063-22,&nbsp;se pone en consideraci\u00f3n el inicio de la fase de reclutamiento del&nbsp;PROCESO DE&nbsp;SELECCI\u00d3N&nbsp;SIMPLE, para cubrir los cargos detallados en el archivo adjunto.&nbsp;&nbsp; Art.7.- Reclutamiento:&nbsp;El comit\u00e9&nbsp;de&nbsp;selecci\u00f3n&nbsp;designado para el efecto tendr\u00e1 la responsabilidad&nbsp;de&nbsp;esta actividad, cuyo [&hellip;]<\/p>\n","protected":false},"author":4,"featured_media":0,"parent":0,"menu_order":0,"comment_status":"closed","ping_status":"closed","template":"","meta":{"_acf_changed":false,"inline_featured_image":false,"_themeisle_gutenberg_block_has_review":false,"footnotes":""},"categories":[],"tags":[],"class_list":["post-7088","page","type-page","status-publish","hentry"],"acf":[],"_links":{"self":[{"href":"https:\/\/www.celec.gob.ec\/transelectric\/wp-json\/wp\/v2\/pages\/7088","targetHints":{"allow":["GET"]}}],"collection":[{"href":"https:\/\/www.celec.gob.ec\/transelectric\/wp-json\/wp\/v2\/pages"}],"about":[{"href":"https:\/\/www.celec.gob.ec\/transelectric\/wp-json\/wp\/v2\/types\/page"}],"author":[{"embeddable":true,"href":"https:\/\/www.celec.gob.ec\/transelectric\/wp-json\/wp\/v2\/users\/4"}],"replies":[{"embeddable":true,"href":"https:\/\/www.celec.gob.ec\/transelectric\/wp-json\/wp\/v2\/comments?post=7088"}],"version-history":[{"count":3,"href":"https:\/\/www.celec.gob.ec\/transelectric\/wp-json\/wp\/v2\/pages\/7088\/revisions"}],"predecessor-version":[{"id":7093,"href":"https:\/\/www.celec.gob.ec\/transelectric\/wp-json\/wp\/v2\/pages\/7088\/revisions\/7093"}],"wp:attachment":[{"href":"https:\/\/www.celec.gob.ec\/transelectric\/wp-json\/wp\/v2\/media?parent=7088"}],"wp:term":[{"taxonomy":"category","embeddable":true,"href":"https:\/\/www.celec.gob.ec\/transelectric\/wp-json\/wp\/v2\/categories?post=7088"},{"taxonomy":"post_tag","embeddable":true,"href":"https:\/\/www.celec.gob.ec\/transelectric\/wp-json\/wp\/v2\/tags?post=7088"}],"curies":[{"name":"wp","href":"https:\/\/api.w.org\/{rel}","templated":true}]}}