{"id":7248,"date":"2024-01-02T15:13:20","date_gmt":"2024-01-02T20:13:20","guid":{"rendered":"https:\/\/www.celec.gob.ec\/transelectric\/?page_id=7248"},"modified":"2024-01-02T15:18:46","modified_gmt":"2024-01-02T20:18:46","slug":"contratacion-de-personal-2023-2","status":"publish","type":"page","link":"https:\/\/www.celec.gob.ec\/transelectric\/contratacion-de-personal-2023-2\/","title":{"rendered":"Contrataci\u00f3n de personal 2023"},"content":{"rendered":"\n<p><strong>Febrero<\/strong><br><a href=\"https:\/\/www.celec.gob.ec\/transelectric\/convocatoria-1-proceso-de-seleccion-simple-23-de-febrero-2023\/\" data-type=\"page\" data-id=\"4972\">Convocatoria 1: Proceso de selecci\u00f3n simple, 23 de febrero 2023<\/a><\/p>\n\n\n\n<p><a href=\"https:\/\/www.celec.gob.ec\/transelectric\/convocatoria-2-proceso-de-seleccion-simple-23-de-febrero-2023\/\" data-type=\"page\" data-id=\"4974\">Convocatoria 2: Proceso de selecci\u00f3n simple, 23 de febrero 2023<\/a><\/p>\n\n\n\n<p><a href=\"https:\/\/www.celec.gob.ec\/transelectric\/convocatoria-3-proceso-de-seleccion-simple-23-de-febrero-2023\/\" data-type=\"page\" data-id=\"4978\">Convocatoria 3: Proceso de selecci\u00f3n simple, 23 de febrero 2023<\/a><\/p>\n\n\n\n<p><strong>Marzo<\/strong><br><a href=\"https:\/\/www.celec.gob.ec\/transelectric\/proceso-de-seleccion-simple-especialista-juridico-17-de-marzo-2023\/\" data-type=\"page\" data-id=\"4982\">Proceso de selecci\u00f3n simple, Especialista Jur\u00eddico, 17 de marzo 2023<\/a><\/p>\n\n\n\n<p><strong>Abril<\/strong><br><a href=\"https:\/\/www.celec.gob.ec\/transelectric\/prorroga-de-tiempo-proceso-de-seleccion-simple-especialista-de-procesos-y-calidad-5-de-abril-2023\/\" data-type=\"page\" data-id=\"4985\">Proceso de selecci\u00f3n simple, Especialista de Procesos y Calidad, 5 de abril 2023<\/a><\/p>\n\n\n\n<p><a href=\"https:\/\/www.celec.gob.ec\/transelectric\/proceso-de-seleccion-simple-asistente-de-subgerencia-5-de-abril-2023\/\" data-type=\"page\" data-id=\"4988\">Proceso de selecci\u00f3n simple, Asistente de Subgerencia, 5 de abril 2023<\/a><\/p>\n\n\n\n<p><a href=\"https:\/\/www.celec.gob.ec\/transelectric\/proceso-de-seleccion-simple-especialista-de-bodegas-e-inventarios-10-de-abril-2023\/\" data-type=\"page\" data-id=\"4990\">Proceso de selecci\u00f3n simple, Especialista de Bodegas e Inventarios, 10 de abril 2023<\/a><\/p>\n\n\n\n<p><a href=\"https:\/\/www.celec.gob.ec\/transelectric\/proceso-de-seleccion-simple-especialistas-de-salud-ocupacional-y-seguridad-laboral-17-de-abril-2023\/\" data-type=\"page\" data-id=\"4993\">Proceso de selecci\u00f3n simple, Especialista de Salud Ocupacional y Seguridad Laboral. (Quito -Guayaquil), 17 de abril 2023<\/a><\/p>\n\n\n\n<p><a href=\"https:\/\/www.celec.gob.ec\/transelectric\/proceso-de-seleccion-especialista-de-tecnologia-de-la-informacion-y-comunicacion-20-de-abril-2023\/\" data-type=\"page\" data-id=\"4997\">Proceso de selecci\u00f3n simple, Especialista de Tecnolog\u00eda de la Informaci\u00f3n y Comunicaci\u00f3n, 20 de abril 2023<\/a><\/p>\n\n\n\n<p><a href=\"https:\/\/www.celec.gob.ec\/transelectric\/proceso-de-seleccion-simple-especialistas-de-talento-humano-20-de-abril-2023\/\" data-type=\"page\" data-id=\"5000\">Proceso de selecci\u00f3n simple, Especialistas de Talento Humano, 20 de abril 2023<\/a><\/p>\n\n\n\n<p><a href=\"https:\/\/www.celec.gob.ec\/transelectric\/proceso-de-seleccion-simple-especialista-de-tesoreria-especialista-de-contabilidad-26-de-abril-2023\/\" data-type=\"page\" data-id=\"5004\">Proceso de selecci\u00f3n simple, Especialista de Contabilidad \/ Especialista de Tesoreria, 26 de abril 2023<\/a><\/p>\n\n\n\n<p><strong>Mayo<\/strong><br><a href=\"https:\/\/www.celec.gob.ec\/transelectric\/proceso-de-seleccion-simple-especialistas-de-bodega-e-inventarios-15-de-mayo-2023\/\" data-type=\"page\" data-id=\"5008\">Proceso de selecci\u00f3n simple, Especialistas de Bodega e Inventarios, 15 de mayo 2023<\/a><\/p>\n\n\n\n<p><a href=\"https:\/\/www.celec.gob.ec\/transelectric\/proceso-de-seleccion-simple-especialista-de-salud-ocupacional-y-seguridad-laboral-18-de-mayo-2023\/\" target=\"_blank\" rel=\"noreferrer noopener\">Proceso de selecci\u00f3n simple, Especialista de Salud Ocupacional y Seguridad Laboral, 18 de mayo 2023<\/a><\/p>\n\n\n\n<p><a href=\"https:\/\/www.celec.gob.ec\/transelectric\/proceso-de-seleccion-simple-asistente-de-subgerencia-23-de-mayo-2023\/\" target=\"_blank\" rel=\"noreferrer noopener\">Proceso de selecci\u00f3n simple, Asistente de Subgerencia, 23 de mayo 2023<\/a><\/p>\n\n\n\n<p><strong>Junio<\/strong><\/p>\n\n\n\n<p><a href=\"https:\/\/www.celec.gob.ec\/transelectric\/contratacion-de-personal-2023\/proceso-de-seleccion-simple-especialista-de-procesos-y-calidad-6-de-junio-2023\/\" target=\"_blank\" rel=\"noreferrer noopener\">Proceso de selecci\u00f3n simple, Especialista de Calidad y Procesos, 6 de junio 2023<\/a><\/p>\n\n\n\n<p><a href=\"https:\/\/www.celec.gob.ec\/transelectric\/proceso-de-seleccion-simple-asistente-de-talento-humano-6-de-junio-2023\/\" target=\"_blank\" rel=\"noreferrer noopener\">Proceso de selecci\u00f3n simple, Asistente de Talento Humano, 6 de junio 2023<\/a><\/p>\n\n\n\n<p><a rel=\"noreferrer noopener\" href=\"https:\/\/www.celec.gob.ec\/transelectric\/?page_id=5393\" target=\"_blank\">Proceso de selecci\u00f3n simple, Especialistas Jur\u00eddicos, 7 de junio 2023<\/a><\/p>\n\n\n\n<p><a href=\"https:\/\/www.celec.gob.ec\/transelectric\/proceso-de-seleccion-simple-departamento-de-gestion-social-y-ambiental\/\" target=\"_blank\" rel=\"noreferrer noopener\">Proceso de selecci\u00f3n simple, Departamento de Gesti\u00f3n Social y Ambiental, 9 de junio 2023<\/a><\/p>\n\n\n\n<p><a rel=\"noreferrer noopener\" href=\"https:\/\/www.celec.gob.ec\/transelectric\/proceso-de-seleccion-simple-especialista-de-telecomunicaciones-sistema-nacional-interconectado-15-de-junio-2023\/\" target=\"_blank\">Proceso de selecci\u00f3n simple, Especialista de Telecomunicaciones Sistema Nacional Interconectado, 15 de junio 2023<\/a><\/p>\n\n\n\n<p><a href=\"https:\/\/www.celec.gob.ec\/transelectric\/proceso-de-seleccion-simple-especialista-de-salud-ocupacional-y-seguridad-laboral-16-de-junio-2023\/\" target=\"_blank\" rel=\"noreferrer noopener\">Proceso de selecci\u00f3n simple, Especialista de Salud  Ocupacional y Seguridad Laboral, 16 de junio 2023<\/a><\/p>\n\n\n\n<p><a rel=\"noreferrer noopener\" href=\"https:\/\/www.celec.gob.ec\/transelectric\/proceso-de-seleccion-simple-medico-20-de-junio-2023\/\" target=\"_blank\">Proceso de selecci\u00f3n simple, M\u00e9dico, 20 de junio 2023<\/a><\/p>\n\n\n\n<p><strong>Julio<\/strong><\/p>\n\n\n\n<p><a rel=\"noreferrer noopener\" href=\"https:\/\/www.celec.gob.ec\/transelectric\/proceso-de-seleccion-simple-asistente-administrativo-3-de-julio-2023\/\" target=\"_blank\">Proceso de selecci\u00f3n simple, Asistente Administrativo, 3 de julio 2023<\/a><\/p>\n\n\n\n<p><a rel=\"noreferrer noopener\" href=\"https:\/\/www.celec.gob.ec\/transelectric\/proceso-de-seleccion-simple-especialista-juridico-3-de-julio-2023\/\" target=\"_blank\">Proceso de selecci\u00f3n simple, Especialista Jur\u00eddico, 3 de julio 2023<\/a><\/p>\n\n\n\n<p><a rel=\"noreferrer noopener\" href=\"https:\/\/www.celec.gob.ec\/transelectric\/especialista-de-tecnologia-de-la-informacion-y-comunicacion-6-de-julio-2023\/\" target=\"_blank\">Especialista de Tecnolog\u00eda de la Informaci\u00f3n y Comunicaci\u00f3n, 6 de julio 2023<\/a><\/p>\n\n\n\n<p><a rel=\"noreferrer noopener\" href=\"https:\/\/www.celec.gob.ec\/transelectric\/especialista-de-calidad-y-procesos-7-de-julio-2023\/\" target=\"_blank\">Especialista de Calidad y Procesos, 7 de julio 2023<\/a><\/p>\n\n\n\n<p><a rel=\"noreferrer noopener\" href=\"https:\/\/www.celec.gob.ec\/transelectric\/procesos-de-seleccion-simple-especialista-de-construcciones-de-montaje-electromecanico-10-de-julio-2023\/\" target=\"_blank\">Procesos de selecci\u00f3n simple, Especialista de Construcciones de Montaje Electromec\u00e1nico, 10 de julio 2023<\/a><\/p>\n\n\n\n<p><a rel=\"noreferrer noopener\" href=\"https:\/\/www.celec.gob.ec\/transelectric\/especialista-de-diseno-electromecanico-de-subestaciones-12-de-julio-2023\/\" target=\"_blank\">Especialista de Dise\u00f1o Electromec\u00e1nico de Subestaciones, 12 de julio 2023<\/a><\/p>\n\n\n\n<p><a rel=\"noreferrer noopener\" href=\"https:\/\/www.celec.gob.ec\/transelectric\/especialista-de-programacion-y-control-12-de-julio-2023\/\" target=\"_blank\">Especialista de Programaci\u00f3n y Control, 12 de julio 2023<\/a><\/p>\n\n\n\n<p><a href=\"https:\/\/www.celec.gob.ec\/transelectric\/proceso-de-seleccion-simple-especialista-tecnico-1-12-de-julio-2023\/\">Proceso de selecci\u00f3n simple, Especialista T\u00e9cnico 1, 12 de julio 2023<\/a><\/p>\n\n\n\n<p><a href=\"https:\/\/www.celec.gob.ec\/transelectric\/proceso-de-seleccion-simple-asistente-de-construcciones-de-obras-civiles-12-de-julio-2023\/\">Proceso de selecci\u00f3n simple, Asistente de Construcciones de Obras Civiles, 12 de julio 2023<\/a><\/p>\n\n\n\n<p><a href=\"https:\/\/www.celec.gob.ec\/transelectric\/proceso-de-seleccion-simple-especialista-tecnico-2-12-de-julio-2023\/\">Proceso de selecci\u00f3n simple, Especialista T\u00e9cnico 2,  12 de julio 2023<\/a><\/p>\n\n\n\n<p><a href=\"https:\/\/www.celec.gob.ec\/transelectric\/proceso-de-seleccion-simple-especialista-de-ingenieria-y-obra-civil-13-de-julio-2023\/\">Proceso de selecci\u00f3n simple, Especialista de Ingenier\u00eda y Obra Civil, 13 de julio 2023<\/a><\/p>\n\n\n\n<p><a href=\"https:\/\/www.celec.gob.ec\/transelectric\/proceso-de-seleccion-simple-asistente-administrativo-cuenca-13-de-julio-2023\/\">Proceso de selecci\u00f3n simple, Asistente Administrativo &#8211; Cuenca, 13 de julio 2023<\/a><\/p>\n\n\n\n<p><a href=\"https:\/\/www.celec.gob.ec\/transelectric\/proceso-de-seleccion-simple-especialista-en-geologia-14-de-julio-2023\/\">Proceso de selecci\u00f3n simple, Especialista en Geolog\u00eda, 14 de julio 2023<\/a><\/p>\n\n\n\n<p><a href=\"https:\/\/www.celec.gob.ec\/transelectric\/concurso-de-meritos-y-oposicion-operadores-de-subestaciones-18-de-julio-2023\/\">Concurso de M\u00e9ritos y Oposici\u00f3n, Operadores de Subestaciones, 18 de julio 2023<\/a><\/p>\n\n\n\n<p><a href=\"https:\/\/www.celec.gob.ec\/transelectric\/proceso-de-seleccion-simple-especialistas-de-equipamiento-primario-de-subestaciones-25-de-julio-2023\/\">Proceso de selecci\u00f3n simple, Especialistas de Equipamiento Primario de Subestaciones, 25 de julio 2023<\/a><\/p>\n\n\n\n<p><strong>Agosto<\/strong><\/p>\n\n\n\n<p><a href=\"https:\/\/www.celec.gob.ec\/transelectric\/proceso-de-seleccion-simple-especialista-de-sistemas-de-programacion-y-control-9-de-agosto-2023\/\">Proceso de selecci\u00f3n simple, Especialista de Sistemas de Programaci\u00f3n y Control, 9 de agosto 2023<\/a><\/p>\n\n\n\n<p><a href=\"https:\/\/www.celec.gob.ec\/transelectric\/proceso-de-seleccion-simple-especialista-de-calidad-y-procesos-10-de-agosto-2023\/\">Proceso de selecci\u00f3n simple, Especialista de Calidad y Procesos, 10 de agosto 2023<\/a><\/p>\n\n\n\n<p><a href=\"https:\/\/www.celec.gob.ec\/transelectric\/proceso-de-seleccion-simple-especialista-scada-17-de-julio-2023\/\" data-type=\"link\" data-id=\"https:\/\/www.celec.gob.ec\/transelectric\/proceso-de-seleccion-simple-especialista-scada-17-de-julio-2023\/\">Proceso de selecci\u00f3n simple, Especialista SCADA, 17 de agosto 2023<\/a><\/p>\n\n\n\n<p><a href=\"https:\/\/www.celec.gob.ec\/transelectric\/proceso-de-seleccion-simple-especialista-de-calidad-y-procesos-21-de-agosto-2023\/\" data-type=\"link\" data-id=\"https:\/\/www.celec.gob.ec\/transelectric\/proceso-de-seleccion-simple-especialista-de-calidad-y-procesos-21-de-agosto-2023\/\">Proceso de selecci\u00f3n simple, Especialista de Calidad y Procesos, 21 de agosto 2023<\/a><\/p>\n\n\n\n<p><a href=\"https:\/\/www.celec.gob.ec\/transelectric\/proceso-de-seleccion-simple-especialista-de-gestion-ambiental-23-de-agosto-2023\/\" data-type=\"link\" data-id=\"https:\/\/www.celec.gob.ec\/transelectric\/proceso-de-seleccion-simple-especialista-de-gestion-ambiental-23-de-agosto-2023\/\">Proceso de selecci\u00f3n simple, Especialista de Gesti\u00f3n Ambiental, 23 de agosto 2023<\/a><\/p>\n\n\n\n<p><a href=\"https:\/\/www.celec.gob.ec\/transelectric\/proceso-de-seleccion-simple-especialista-de-sistemas-de-programacion-y-control-24-de-agosto-2023\/\" data-type=\"link\" data-id=\"https:\/\/www.celec.gob.ec\/transelectric\/proceso-de-seleccion-simple-especialista-de-sistemas-de-programacion-y-control-24-de-agosto-2023\/\">Proceso de selecci\u00f3n simple, Especialista de Sistemas de Programaci\u00f3n y Control, 24 de agosto 2023<\/a><\/p>\n\n\n\n<p><a href=\"https:\/\/www.celec.gob.ec\/transelectric\/proceso-de-seleccion-simple-asistente-de-construcciones-de-obras-civiles-29-de-agosto-de-2023\/3\" data-type=\"link\" data-id=\"https:\/\/www.celec.gob.ec\/transelectric\/proceso-de-seleccion-simple-asistente-de-construcciones-de-obras-civiles-29-de-agosto-de-2023\/3\">Proceso de selecci\u00f3n simple, Asistente de Construcciones de Obras Civiles &#8211; 29 de agosto de 2023<\/a><\/p>\n\n\n\n<p><strong>Septiembre <\/strong><\/p>\n\n\n\n<p><a href=\"https:\/\/www.celec.gob.ec\/transelectric\/proceso-de-seleccion-simple-especialista-de-contabilidad-11-de-septiembre-2023\/\" data-type=\"link\" data-id=\"https:\/\/www.celec.gob.ec\/transelectric\/proceso-de-seleccion-simple-especialista-de-contabilidad-11-de-septiembre-2023\/\">Proceso de selecci\u00f3n simple, Especialista de Contabilidad, 11 de septiembre 2023<\/a><\/p>\n\n\n\n<p><a href=\"https:\/\/www.celec.gob.ec\/transelectric\/proceso-de-seleccion-simple-especialista-de-adquisiciones-12-de-septiembre-2023\/\" data-type=\"link\" data-id=\"https:\/\/www.celec.gob.ec\/transelectric\/proceso-de-seleccion-simple-especialista-de-adquisiciones-12-de-septiembre-2023\/\">Proceso de selecci\u00f3n simple, Especialista de Adquisiciones, 12 de septiembre 2023<\/a><\/p>\n\n\n\n<p><strong>Octubre <\/strong><\/p>\n\n\n\n<p><a href=\"https:\/\/www.celec.gob.ec\/transelectric\/proceso-de-seleccion-simple-especialista-de-telecomunicaciones-11-octubre-2023\/\" data-type=\"link\" data-id=\"https:\/\/www.celec.gob.ec\/transelectric\/proceso-de-seleccion-simple-especialista-de-telecomunicaciones-11-octubre-2023\/\">Proceso de selecci\u00f3n simple, Especialista de Telecomunicaciones, 11 octubre 2023<\/a><\/p>\n\n\n\n<p><a href=\"https:\/\/www.celec.gob.ec\/transelectric\/proceso-de-seleccion-simple-especialista-de-calidad-y-procesos-13-de-octubre-2023\/\" data-type=\"link\" data-id=\"https:\/\/www.celec.gob.ec\/transelectric\/proceso-de-seleccion-simple-especialista-de-calidad-y-procesos-13-de-octubre-2023\/\">Proceso de selecci\u00f3n simple, Especialista de Calidad y Procesos, 13 de octubre 2023<\/a><\/p>\n\n\n\n<p><a href=\"https:\/\/www.celec.gob.ec\/transelectric\/proceso-de-seleccion-simple-asistente-de-tecnologia-de-la-informacion-y-comunicacion-2\/\" data-type=\"link\" data-id=\"https:\/\/www.celec.gob.ec\/transelectric\/proceso-de-seleccion-simple-asistente-de-tecnologia-de-la-informacion-y-comunicacion-2\/\">Proceso de selecci\u00f3n simple, Asistente de Tecnolog\u00eda de la Informaci\u00f3n y Comunicaci\u00f3n, 16 octubre 2023<\/a><\/p>\n\n\n\n<p><a href=\"https:\/\/www.celec.gob.ec\/transelectric\/proceso-de-seleccion-simple-especialista-de-contabilidad-20-de-octubre-2023\/\" data-type=\"link\" data-id=\"https:\/\/www.celec.gob.ec\/transelectric\/proceso-de-seleccion-simple-especialista-de-contabilidad-20-de-octubre-2023\/\">Proceso de selecci\u00f3n simple, Especialista de Contabilidad, 20 de octubre 2023<\/a><\/p>\n\n\n\n<p><a href=\"https:\/\/www.celec.gob.ec\/transelectric\/proceso-de-seleccion-simple-promotor-de-gestion-social-y-ambiental-24-octubre-2023\/\" data-type=\"link\" data-id=\"https:\/\/www.celec.gob.ec\/transelectric\/proceso-de-seleccion-simple-promotor-de-gestion-social-y-ambiental-24-octubre-2023\/\">Proceso de selecci\u00f3n simple, Promotor de Gesti\u00f3n Social y Ambiental, 24 octubre 2023<\/a><\/p>\n\n\n\n<p><a href=\"https:\/\/www.celec.gob.ec\/transelectric\/concurso-de-meritos-y-oposicion-operador-de-subestaciones-27-de-octubre-2023-sede-milagros\/\" data-type=\"link\" data-id=\"https:\/\/www.celec.gob.ec\/transelectric\/concurso-de-meritos-y-oposicion-operador-de-subestaciones-27-de-octubre-2023-sede-milagros\/\">Concurso de M\u00e9ritos y Oposici\u00f3n, Operador de subestaciones, 27 de octubre 2023 &#8211; Sede Milagro<\/a><\/p>\n\n\n\n<p><a href=\"https:\/\/www.celec.gob.ec\/transelectric\/proceso-de-seleccion-simple-especialista-de-inventario-y-bodegas-31-de-octubre-2023\/\" data-type=\"link\" data-id=\"https:\/\/www.celec.gob.ec\/transelectric\/proceso-de-seleccion-simple-especialista-de-inventario-y-bodegas-31-de-octubre-2023\/\">Proceso de selecci\u00f3n simple, Especialista de Inventario y Bodegas, 31 de octubre 2023<\/a><\/p>\n\n\n\n<p><a href=\"https:\/\/www.celec.gob.ec\/transelectric\/proceso-de-seleccion-simple-asistente-administrativo-31-de-octubre-2023-sede-guayaquil\/\" data-type=\"link\" data-id=\"https:\/\/www.celec.gob.ec\/transelectric\/proceso-de-seleccion-simple-asistente-administrativo-31-de-octubre-2023-sede-guayaquil\/\">Proceso de selecci\u00f3n simple, Asistente Administrativo, 31 de octubre 2023, sede Guayaquil <\/a><\/p>\n\n\n\n<p><strong>Noviembre<\/strong><\/p>\n\n\n\n<p><a href=\"https:\/\/www.celec.gob.ec\/transelectric\/proceso-de-seleccion-simple-asistente-de-construcciones-de-montaje-electromecanico-7-de-noviembre-de-2023\/\" data-type=\"link\" data-id=\"https:\/\/www.celec.gob.ec\/transelectric\/proceso-de-seleccion-simple-asistente-de-construcciones-de-montaje-electromecanico-7-de-noviembre-de-2023\/\">Proceso de selecci\u00f3n simple, Asistente de construcciones de montaje electromec\u00e1nico, 7 de noviembre de 2023.<\/a><\/p>\n\n\n\n<p><a href=\"https:\/\/www.celec.gob.ec\/transelectric\/procesos-de-seleccion-simple-especialistas-de-telecomunicaciones-9-de-noviembre-2023\/\" data-type=\"link\" data-id=\"https:\/\/www.celec.gob.ec\/transelectric\/procesos-de-seleccion-simple-especialistas-de-telecomunicaciones-9-de-noviembre-2023\/\">Proceso de selecci\u00f3n simple, Especialistas de Telecomunicaciones, 9 de noviembre 2023<\/a><\/p>\n\n\n\n<p><a href=\"https:\/\/www.celec.gob.ec\/transelectric\/proceso-de-seleccion-simple-especialista-juridico-14-de-noviembre-2023\/\">Proceso de selecci\u00f3n simple, Especialista Jur\u00eddico, 14 de noviembre 2023<\/a><\/p>\n\n\n\n<p><a href=\"https:\/\/www.celec.gob.ec\/transelectric\/proceso-de-seleccion-simple-especialista-de-gestion-ambiental-15-de-noviembre-2023\/\">Proceso de selecci\u00f3n simple, Especialista de Gesti\u00f3n Ambiental, 15 de noviembre 2023<\/a><\/p>\n\n\n\n<p><a href=\"https:\/\/www.celec.gob.ec\/transelectric\/proceso-de-seleccion-simple-especialista-juridico-20-de-noviembre-2023\/\">Proceso de selecci\u00f3n simple, Especialista Jur\u00eddico, 20 de noviembre 2023 <\/a><\/p>\n\n\n\n<p><a href=\"https:\/\/www.celec.gob.ec\/transelectric\/proceso-de-seleccion-simple-especialistas-tecnicos-22-de-noviembre-2023\/\">Proceso de selecci\u00f3n simple, Especialistas t\u00e9cnicos, 22 de noviembre 2023<\/a><\/p>\n\n\n\n<p><a href=\"https:\/\/www.celec.gob.ec\/transelectric\/procesos-de-seleccion-simple-asistentes-tecnicos-y-especialista-22-de-noviembre-2023\/\">Procesos de selecci\u00f3n simple, Asistentes T\u00e9cnicos y Especialista, 22 de noviembre 2023<\/a><\/p>\n\n\n\n<p><a href=\"https:\/\/www.celec.gob.ec\/transelectric\/proceso-de-seleccion-simple-asistentes-de-bodegas-e-inventarios-23-de-noviembre-2023\/\">Proceso de selecci\u00f3n simple, Asistentes de Bodegas e Inventarios, 23 de noviembre 2023<\/a><\/p>\n\n\n\n<p><a href=\"https:\/\/www.celec.gob.ec\/transelectric\/proceso-de-seleccion-simple-especialista-de-adquisiciones-23-de-noviembre-2023\/\">Proceso de selecci\u00f3n simple, Especialista de Adquisiciones, 23 de noviembre 2023<\/a><\/p>\n\n\n\n<p><a href=\"https:\/\/www.celec.gob.ec\/transelectric\/proceso-de-seleccion-simple-especialista-de-servicios-generales-27-de-noviembre-2023\/\">Proceso de selecci\u00f3n simple, Especialista de Servicios Generales, 27 de noviembre 2023<\/a><\/p>\n\n\n\n<p><strong>Diciembre<\/strong><\/p>\n\n\n\n<p><a href=\"https:\/\/www.celec.gob.ec\/transelectric\/proceso-de-seleccion-simple-asistente-administrativo-y-especialista-de-inventarios-y-bodegas-11-de-diciembre-2023\/\">Proceso de selecci\u00f3n simple, Asistente Administrativo y Especialista de Inventarios y Bodegas, 11 de diciembre 2023<\/a><\/p>\n\n\n\n<p><a href=\"https:\/\/www.celec.gob.ec\/transelectric\/proceso-de-seleccion-simple-asistente-de-gestion-documental-y-archivo-13-de-diciembre-2023\/\">Proceso de selecci\u00f3n simple, Asistente de Gesti\u00f3n Documental y Archivo, 13 de diciembre 2023<\/a><\/p>\n","protected":false},"excerpt":{"rendered":"<p>FebreroConvocatoria 1: Proceso de selecci\u00f3n simple, 23 de febrero 2023 Convocatoria 2: Proceso de selecci\u00f3n simple, 23 de febrero 2023 Convocatoria 3: Proceso de selecci\u00f3n simple, 23 de febrero 2023 MarzoProceso de selecci\u00f3n simple, Especialista Jur\u00eddico, 17 de marzo 2023 AbrilProceso de selecci\u00f3n simple, Especialista de Procesos y Calidad, 5 de abril 2023 Proceso de [&hellip;]<\/p>\n","protected":false},"author":3,"featured_media":0,"parent":0,"menu_order":0,"comment_status":"closed","ping_status":"closed","template":"","meta":{"_acf_changed":false,"inline_featured_image":false,"_themeisle_gutenberg_block_has_review":false,"footnotes":""},"categories":[],"tags":[],"class_list":["post-7248","page","type-page","status-publish","hentry"],"acf":[],"_links":{"self":[{"href":"https:\/\/www.celec.gob.ec\/transelectric\/wp-json\/wp\/v2\/pages\/7248","targetHints":{"allow":["GET"]}}],"collection":[{"href":"https:\/\/www.celec.gob.ec\/transelectric\/wp-json\/wp\/v2\/pages"}],"about":[{"href":"https:\/\/www.celec.gob.ec\/transelectric\/wp-json\/wp\/v2\/types\/page"}],"author":[{"embeddable":true,"href":"https:\/\/www.celec.gob.ec\/transelectric\/wp-json\/wp\/v2\/users\/3"}],"replies":[{"embeddable":true,"href":"https:\/\/www.celec.gob.ec\/transelectric\/wp-json\/wp\/v2\/comments?post=7248"}],"version-history":[{"count":3,"href":"https:\/\/www.celec.gob.ec\/transelectric\/wp-json\/wp\/v2\/pages\/7248\/revisions"}],"predecessor-version":[{"id":7254,"href":"https:\/\/www.celec.gob.ec\/transelectric\/wp-json\/wp\/v2\/pages\/7248\/revisions\/7254"}],"wp:attachment":[{"href":"https:\/\/www.celec.gob.ec\/transelectric\/wp-json\/wp\/v2\/media?parent=7248"}],"wp:term":[{"taxonomy":"category","embeddable":true,"href":"https:\/\/www.celec.gob.ec\/transelectric\/wp-json\/wp\/v2\/categories?post=7248"},{"taxonomy":"post_tag","embeddable":true,"href":"https:\/\/www.celec.gob.ec\/transelectric\/wp-json\/wp\/v2\/tags?post=7248"}],"curies":[{"name":"wp","href":"https:\/\/api.w.org\/{rel}","templated":true}]}}