{"id":7256,"date":"2024-01-02T15:39:32","date_gmt":"2024-01-02T20:39:32","guid":{"rendered":"https:\/\/www.celec.gob.ec\/transelectric\/?page_id=7256"},"modified":"2024-01-02T15:45:58","modified_gmt":"2024-01-02T20:45:58","slug":"intervenciones-emergentes-de-la-red-de-telecomunicaciones-202333333","status":"publish","type":"page","link":"https:\/\/www.celec.gob.ec\/transelectric\/intervenciones-emergentes-de-la-red-de-telecomunicaciones-202333333\/","title":{"rendered":"Intervenciones emergentes de la red de telecomunicaciones 2023"},"content":{"rendered":"\n<p><strong>ENERO<\/strong><\/p>\n\n\n\n<p><a rel=\"noreferrer noopener\" href=\"https:\/\/www.celec.gob.ec\/transelectric\/images\/stories\/noticias\/2023WEB\/Telecomunicaciones\/enero\/REPORTE%20WEB%2027%20DE%20ENERO%20DE%202023.pdf\" target=\"_blank\">Subestaci\u00f3n Manta, 27 de enero 2023<\/a><\/p>\n\n\n\n<p><strong>JULIO<\/strong><\/p>\n\n\n\n<p><a href=\"https:\/\/www.celec.gob.ec\/transelectric\/wp-content\/uploads\/2023\/07\/REPORTE-WEB-18-DE-JULIO-DE-2023-LOJA.pdf\">Subestaci\u00f3n Loja, 18 de julio de 2023<\/a><\/p>\n\n\n\n<p><a rel=\"noreferrer noopener\" href=\"https:\/\/celecloud.celec.gob.ec\/s\/nbJxY2j5r4Gs37b\" target=\"_blank\">Subestaci\u00f3n Tena, 28 de julio de 2023<\/a><\/p>\n\n\n\n<p><strong>AGOSTO<\/strong><\/p>\n\n\n\n<p><a href=\"https:\/\/celecloud.celec.gob.ec\/s\/7f5FakYNzQneBBW\">Subestaci\u00f3n Molino, 3 de agosto de 2023<\/a><\/p>\n\n\n\n<p><a href=\"https:\/\/www.celec.gob.ec\/transelectric\/wp-content\/uploads\/2023\/08\/REPORTE-WEB-19-DE-AGOSTO-DE-2023-MANTA.pdf\">Subestaci\u00f3n Manta, 19 de agosto de 2023<\/a><\/p>\n\n\n\n<p><a href=\"https:\/\/www.celec.gob.ec\/transelectric\/wp-content\/uploads\/2023\/08\/REPORTE-WEB-19-DE-AGOSTO-DE-2023-PORTOVIEJO.pdf\">Subestaci\u00f3n Portoviejo, 19 de agosto de 2023<\/a><\/p>\n\n\n\n<p><a href=\"https:\/\/www.celec.gob.ec\/transelectric\/wp-content\/uploads\/2023\/08\/REPORTE-WEB-30-DE-AGOSTO-DE-2023-SUCUA.pdf\">PDP Sucua, 30 de agosto de 2023<\/a><\/p>\n\n\n\n<p><a href=\"https:\/\/www.celec.gob.ec\/transelectric\/wp-content\/uploads\/2023\/08\/REPORTE-WEB-31DE-AGOSTO-DE-2023-BOMBOIZA.pdf\">Subestaci\u00f3n Bomboiza, 31 de agosto de 2023<\/a><\/p>\n\n\n\n<p><a href=\"https:\/\/www.celec.gob.ec\/transelectric\/wp-content\/uploads\/2023\/08\/REPORTE-WEB-23-DE-AGOSTO-DE-2023-TOTORAS.pdf\">Subestaci\u00f3n Totoras, 23 de agosto 2023<\/a><\/p>\n\n\n\n<p><a href=\"https:\/\/www.celec.gob.ec\/transelectric\/wp-content\/uploads\/2023\/08\/REPORTE-WEB-29-AGOSTO-DE-2023-MACAS-QUILAMO.pdf\">Subestaci\u00f3n Macas y PDP Qu\u00edlamo, 29 de agosto 2023<\/a><\/p>\n\n\n\n<p><strong>OCTUBRE<\/strong><\/p>\n\n\n\n<p><a href=\"https:\/\/www.celec.gob.ec\/transelectric\/wp-content\/uploads\/2023\/10\/REPORTE-WEB-06-DE-OCTUBRE-DE-2023-1.pdf\">PDP Policentro, 6 de octubre de 2023<\/a><\/p>\n","protected":false},"excerpt":{"rendered":"<p>ENERO Subestaci\u00f3n Manta, 27 de enero 2023 JULIO Subestaci\u00f3n Loja, 18 de julio de 2023 Subestaci\u00f3n Tena, 28 de julio de 2023 AGOSTO Subestaci\u00f3n Molino, 3 de agosto de 2023 Subestaci\u00f3n Manta, 19 de agosto de 2023 Subestaci\u00f3n Portoviejo, 19 de agosto de 2023 PDP Sucua, 30 de agosto de 2023 Subestaci\u00f3n Bomboiza, 31 de [&hellip;]<\/p>\n","protected":false},"author":3,"featured_media":0,"parent":0,"menu_order":0,"comment_status":"closed","ping_status":"closed","template":"","meta":{"_acf_changed":false,"inline_featured_image":false,"_themeisle_gutenberg_block_has_review":false,"footnotes":""},"categories":[],"tags":[],"class_list":["post-7256","page","type-page","status-publish","hentry"],"acf":[],"_links":{"self":[{"href":"https:\/\/www.celec.gob.ec\/transelectric\/wp-json\/wp\/v2\/pages\/7256","targetHints":{"allow":["GET"]}}],"collection":[{"href":"https:\/\/www.celec.gob.ec\/transelectric\/wp-json\/wp\/v2\/pages"}],"about":[{"href":"https:\/\/www.celec.gob.ec\/transelectric\/wp-json\/wp\/v2\/types\/page"}],"author":[{"embeddable":true,"href":"https:\/\/www.celec.gob.ec\/transelectric\/wp-json\/wp\/v2\/users\/3"}],"replies":[{"embeddable":true,"href":"https:\/\/www.celec.gob.ec\/transelectric\/wp-json\/wp\/v2\/comments?post=7256"}],"version-history":[{"count":2,"href":"https:\/\/www.celec.gob.ec\/transelectric\/wp-json\/wp\/v2\/pages\/7256\/revisions"}],"predecessor-version":[{"id":7260,"href":"https:\/\/www.celec.gob.ec\/transelectric\/wp-json\/wp\/v2\/pages\/7256\/revisions\/7260"}],"wp:attachment":[{"href":"https:\/\/www.celec.gob.ec\/transelectric\/wp-json\/wp\/v2\/media?parent=7256"}],"wp:term":[{"taxonomy":"category","embeddable":true,"href":"https:\/\/www.celec.gob.ec\/transelectric\/wp-json\/wp\/v2\/categories?post=7256"},{"taxonomy":"post_tag","embeddable":true,"href":"https:\/\/www.celec.gob.ec\/transelectric\/wp-json\/wp\/v2\/tags?post=7256"}],"curies":[{"name":"wp","href":"https:\/\/api.w.org\/{rel}","templated":true}]}}