{"id":7548,"date":"2024-02-29T14:54:40","date_gmt":"2024-02-29T19:54:40","guid":{"rendered":"https:\/\/www.celec.gob.ec\/transelectric\/?page_id=7548"},"modified":"2024-02-29T16:37:34","modified_gmt":"2024-02-29T21:37:34","slug":"anexo-atlas-tematico-estudio-de-impacto-ambiental-expost-del-sistema-de-transmision-conformado-por-las-l-t-guangopolo-vicentina-mulalo-santa-rosa-vicentina","status":"publish","type":"page","link":"https:\/\/www.celec.gob.ec\/transelectric\/anexo-atlas-tematico-estudio-de-impacto-ambiental-expost-del-sistema-de-transmision-conformado-por-las-l-t-guangopolo-vicentina-mulalo-santa-rosa-vicentina\/","title":{"rendered":"ANEXO ATLAS TEMATICO: Sistema de Transmisi\u00f3n Conformado por las L\/T Guangopolo \u2013 Vicentina, Mulal\u00f3 \u2013 Santa Rosa \u2013 Vicentina \u2013 Pomasqui \u2013 Ibarra \u2013 Tulc\u00e1n a 138 kV y Santa Rosa &#8211; Santo Domingo y Pomasqui \u2013 Jamondino I (Pasto &#8211; Quito I) a 230 kVANEXO ATLAS TEMATICO:"},"content":{"rendered":"\n<p><a href=\"https:\/\/www.celec.gob.ec\/transelectric\/wp-content\/uploads\/2024\/02\/1.-MAPA-DE-UBICACION-GENERAL-Y-DIVISION-POLITICO-ADMINISTRATIVO.pdf\" data-type=\"link\" data-id=\"https:\/\/www.celec.gob.ec\/transelectric\/wp-content\/uploads\/2024\/02\/1.-MAPA-DE-UBICACION-GENERAL-Y-DIVISION-POLITICO-ADMINISTRATIVO.pdf\">1.- MAPA DE UBICACI\u00d3N GENERAL Y DIVISI\u00d3N POL\u00cdTICO ADMINISTRATIVO<\/a><\/p>\n\n\n\n<p>2.- <a href=\"https:\/\/www.celec.gob.ec\/transelectric\/wp-content\/uploads\/2024\/02\/2.-MAPA-BASE.pdf\" data-type=\"link\" data-id=\"https:\/\/www.celec.gob.ec\/transelectric\/wp-content\/uploads\/2024\/02\/2.-MAPA-BASE.pdf\">MAPA BASE<\/a><\/p>\n\n\n\n<p><a href=\"https:\/\/www.celec.gob.ec\/transelectric\/wp-content\/uploads\/2024\/02\/3.-MAPA-DE-IMPLANTACION.pdf\" data-type=\"link\" data-id=\"https:\/\/www.celec.gob.ec\/transelectric\/wp-content\/uploads\/2024\/02\/3.-MAPA-DE-IMPLANTACION.pdf\">3.- MAPA DE IMPLANTACION<\/a><\/p>\n\n\n\n<p><a href=\"https:\/\/www.celec.gob.ec\/transelectric\/wp-content\/uploads\/2024\/02\/4.-MAPA-DE-PATRIMONIO-NACIONAL-DE-AREAS-NATURALES.pdf\" data-type=\"link\" data-id=\"https:\/\/www.celec.gob.ec\/transelectric\/wp-content\/uploads\/2024\/02\/4.-MAPA-DE-PATRIMONIO-NACIONAL-DE-AREAS-NATURALES.pdf\">4.- MAPA DE PATRIMONIO NACIONAL DE \u00c1REAS NATURALES<\/a><\/p>\n\n\n\n<p><a href=\"https:\/\/www.celec.gob.ec\/transelectric\/wp-content\/uploads\/2024\/02\/5.-MAPA-GEOLOGICO.pdf\" data-type=\"link\" data-id=\"https:\/\/www.celec.gob.ec\/transelectric\/wp-content\/uploads\/2024\/02\/5.-MAPA-GEOLOGICO.pdf\">5.- MAPA GEOL\u00d3GICO<\/a><\/p>\n\n\n\n<p><a href=\"https:\/\/www.celec.gob.ec\/transelectric\/wp-content\/uploads\/2024\/02\/6.-MAPA-GEOMORFOLOGICO.pdf\" data-type=\"link\" data-id=\"https:\/\/www.celec.gob.ec\/transelectric\/wp-content\/uploads\/2024\/02\/6.-MAPA-GEOMORFOLOGICO.pdf\">6.- MAPA GEOMORFOL\u00d3GICO<\/a><\/p>\n\n\n\n<p><a href=\"https:\/\/www.celec.gob.ec\/transelectric\/wp-content\/uploads\/2024\/02\/7.-MAPA-DE-PENDIENTES.pdf\" data-type=\"link\" data-id=\"https:\/\/www.celec.gob.ec\/transelectric\/wp-content\/uploads\/2024\/02\/7.-MAPA-DE-PENDIENTES.pdf\">7.- MAPA DE PENDIENTES<\/a><\/p>\n\n\n\n<p><a href=\"https:\/\/www.celec.gob.ec\/transelectric\/wp-content\/uploads\/2024\/02\/8.-MAPA-DE-FISIOGRAFIA-Y-SUELOS.pdf\" data-type=\"link\" data-id=\"https:\/\/www.celec.gob.ec\/transelectric\/wp-content\/uploads\/2024\/02\/8.-MAPA-DE-FISIOGRAFIA-Y-SUELOS.pdf\">8.- MAPA DE FISIOGRAF\u00cdA Y SUELOS<\/a><\/p>\n\n\n\n<p><a href=\"https:\/\/www.celec.gob.ec\/transelectric\/wp-content\/uploads\/2024\/02\/9.-MAPA-HIDROGEOLOGICO.pdf\" data-type=\"link\" data-id=\"https:\/\/www.celec.gob.ec\/transelectric\/wp-content\/uploads\/2024\/02\/9.-MAPA-HIDROGEOLOGICO.pdf\">9.- MAPA HIDROGEOL\u00d3GICO<\/a><\/p>\n\n\n\n<p><a href=\"https:\/\/www.celec.gob.ec\/transelectric\/wp-content\/uploads\/2024\/02\/10.-MAPA-DE-CUENCAS-HIDROGRAFICAS.pdf\" data-type=\"link\" data-id=\"https:\/\/www.celec.gob.ec\/transelectric\/wp-content\/uploads\/2024\/02\/10.-MAPA-DE-CUENCAS-HIDROGRAFICAS.pdf\">10.- MAPA DE CUENCAS HIDROGR\u00c1FICAS<\/a><\/p>\n\n\n\n<p><a href=\"https:\/\/www.celec.gob.ec\/transelectric\/wp-content\/uploads\/2024\/02\/11.-MAPA-CLIMATICO.pdf\" data-type=\"link\" data-id=\"https:\/\/www.celec.gob.ec\/transelectric\/wp-content\/uploads\/2024\/02\/11.-MAPA-CLIMATICO.pdf\">11.- MAPA CLIM\u00c1TICO<\/a><\/p>\n\n\n\n<p><a href=\"https:\/\/www.celec.gob.ec\/transelectric\/wp-content\/uploads\/2024\/02\/12.-MAPA-DE-MUESTROS-FISICOS-RUIDO.pdf\" data-type=\"link\" data-id=\"https:\/\/www.celec.gob.ec\/transelectric\/wp-content\/uploads\/2024\/02\/12.-MAPA-DE-MUESTROS-FISICOS-RUIDO.pdf\">12.- MAPA DE MUESTROS F\u00cdSICOS &#8211; RUIDO<\/a><\/p>\n\n\n\n<p><a href=\"https:\/\/www.celec.gob.ec\/transelectric\/wp-content\/uploads\/2024\/02\/13.-MAPA-DE-CAMPOS-ELECTROMAGNETICOS.pdf\">13.- MAPA DE CAMPOS ELECTROMAGNETICOS<\/a><\/p>\n\n\n\n<p><a href=\"https:\/\/www.celec.gob.ec\/transelectric\/wp-content\/uploads\/2024\/02\/14.-MAPA-DE-USO-DE-SUELO-Y-COBERTURA-VEGETAL.pdf\" data-type=\"link\" data-id=\"https:\/\/www.celec.gob.ec\/transelectric\/wp-content\/uploads\/2024\/02\/14.-MAPA-DE-USO-DE-SUELO-Y-COBERTURA-VEGETAL.pdf\">14.- MAPA DE USO DE SUELO Y COBERTURA VEGETAL<\/a><\/p>\n\n\n\n<p><a href=\"https:\/\/www.celec.gob.ec\/transelectric\/wp-content\/uploads\/2024\/02\/15.-MAPA-DE-MUESTREOS-BIOTICOS-FLORA.pdf\" data-type=\"link\" data-id=\"https:\/\/www.celec.gob.ec\/transelectric\/wp-content\/uploads\/2024\/02\/15.-MAPA-DE-MUESTREOS-BIOTICOS-FLORA.pdf\">15.- MAPA DE MUESTREOS BI\u00d3TICOS &#8211; FLORA<\/a><\/p>\n\n\n\n<p><a href=\"https:\/\/www.celec.gob.ec\/transelectric\/wp-content\/uploads\/2024\/02\/16.-MAPA-DE-MUESTREOS-BIOTICOS-ORNITOFANA.pdf\" data-type=\"link\" data-id=\"https:\/\/www.celec.gob.ec\/transelectric\/wp-content\/uploads\/2024\/02\/16.-MAPA-DE-MUESTREOS-BIOTICOS-ORNITOFANA.pdf\">16.- MAPA DE MUESTREOS BI\u00d3TICOS &#8211; ORNITOFANA<\/a><\/p>\n\n\n\n<p><a href=\"https:\/\/www.celec.gob.ec\/transelectric\/wp-content\/uploads\/2024\/02\/17.-MAPA-DE-MUESTREOS-BIOTICOS-MASTOFAUNA.pdf\" data-type=\"link\" data-id=\"https:\/\/www.celec.gob.ec\/transelectric\/wp-content\/uploads\/2024\/02\/17.-MAPA-DE-MUESTREOS-BIOTICOS-MASTOFAUNA.pdf\">17. MAPA DE MUESTREOS BIOTICOS &#8211; MASTOFAUNA<\/a><\/p>\n\n\n\n<p><a href=\"https:\/\/www.celec.gob.ec\/transelectric\/wp-content\/uploads\/2024\/02\/18.-MAPA-DE-MUESTREOS-BIOTICOS-HERPETOFAUNA.pdf\" data-type=\"link\" data-id=\"https:\/\/www.celec.gob.ec\/transelectric\/wp-content\/uploads\/2024\/02\/18.-MAPA-DE-MUESTREOS-BIOTICOS-HERPETOFAUNA.pdf\">18.-MAPA DE MUESTREOS BIOTICOS &#8211; HERPETOFAUNA<\/a><\/p>\n\n\n\n<p><a href=\"https:\/\/www.celec.gob.ec\/transelectric\/wp-content\/uploads\/2024\/02\/19.-MAPA-DE-MUESTREOS-BIOTICOS-ENTOMOFAUNA.pdf\" data-type=\"link\" data-id=\"https:\/\/www.celec.gob.ec\/transelectric\/wp-content\/uploads\/2024\/02\/19.-MAPA-DE-MUESTREOS-BIOTICOS-ENTOMOFAUNA.pdf\">19.- MAPA DE MUESTREOS BI\u00d3TICOS &#8211; ENTOMOFAUNA<\/a><\/p>\n\n\n\n<p><a href=\"https:\/\/www.celec.gob.ec\/transelectric\/wp-content\/uploads\/2024\/02\/20.-MAPA-DE-COMUNIDADES.pdf\" data-type=\"link\" data-id=\"https:\/\/www.celec.gob.ec\/transelectric\/wp-content\/uploads\/2024\/02\/20.-MAPA-DE-COMUNIDADES.pdf\">20.- MAPA DE COMUNIDADES<\/a><\/p>\n\n\n\n<p><a href=\"https:\/\/www.celec.gob.ec\/transelectric\/wp-content\/uploads\/2024\/02\/21.-MAPA-DE-PROPIETARIOS.pdf\" data-type=\"link\" data-id=\"https:\/\/www.celec.gob.ec\/transelectric\/wp-content\/uploads\/2024\/02\/21.-MAPA-DE-PROPIETARIOS.pdf\">21.- MAPA DE PROPIETARIOS<\/a><\/p>\n\n\n\n<p><a href=\"https:\/\/www.celec.gob.ec\/transelectric\/wp-content\/uploads\/2024\/02\/22.-MAPA-DE-AREAS-DE-INFLUENCIA-DIRECTA-E-INDIRECTA-FISICA.pdf\" data-type=\"link\" data-id=\"https:\/\/www.celec.gob.ec\/transelectric\/wp-content\/uploads\/2024\/02\/22.-MAPA-DE-AREAS-DE-INFLUENCIA-DIRECTA-E-INDIRECTA-FISICA.pdf\">22.-MAPA DE \u00c1REAS DE INFLUENCIA DIRECTA E INDIRECTA F\u00cdSICA<\/a><\/p>\n\n\n\n<p><a href=\"https:\/\/www.celec.gob.ec\/transelectric\/wp-content\/uploads\/2024\/02\/23.-MAPA-DE-AREAS-DE-INFLUENCIA-DIRECTA-E-INDIRECTA-BIOTICA.pdf\" data-type=\"link\" data-id=\"https:\/\/www.celec.gob.ec\/transelectric\/wp-content\/uploads\/2024\/02\/23.-MAPA-DE-AREAS-DE-INFLUENCIA-DIRECTA-E-INDIRECTA-BIOTICA.pdf\">23.-MAPA DE \u00c1REAS DE INFLUENCIA DIRECTA E INDIRECTA BI\u00d3TICA<\/a><\/p>\n\n\n\n<p><a href=\"https:\/\/www.celec.gob.ec\/transelectric\/wp-content\/uploads\/2024\/02\/24.-MAPA-DE-AREAS-DE-INFLUENCIA-DIRECTA-E-INDIRECTA-SOCIAL.pdf\" data-type=\"link\" data-id=\"https:\/\/www.celec.gob.ec\/transelectric\/wp-content\/uploads\/2024\/02\/24.-MAPA-DE-AREAS-DE-INFLUENCIA-DIRECTA-E-INDIRECTA-SOCIAL.pdf\">24.- MAPA DE \u00c1REAS DE INFLUENCIA DIRECTA E INDIRECTA SOCIAL<\/a><\/p>\n\n\n\n<p><a href=\"https:\/\/www.celec.gob.ec\/transelectric\/wp-content\/uploads\/2024\/02\/24.1.-MAPA-DE-AREAS-DE-INFLUENCIA-DIRECTA-SOCIAL.pdf\" data-type=\"link\" data-id=\"https:\/\/www.celec.gob.ec\/transelectric\/wp-content\/uploads\/2024\/02\/24.1.-MAPA-DE-AREAS-DE-INFLUENCIA-DIRECTA-SOCIAL.pdf\">24.1.- MAPA DE AREAS DE INFLUENCIA DIRECTA SOCIAL<\/a><\/p>\n\n\n\n<p><a href=\"https:\/\/www.celec.gob.ec\/transelectric\/wp-content\/uploads\/2024\/02\/24.2.-MAPA-DE-AREAS-DE-INFLUENCIA-DIRECTA-SOCIAL.pdf\" data-type=\"link\" data-id=\"https:\/\/www.celec.gob.ec\/transelectric\/wp-content\/uploads\/2024\/02\/24.2.-MAPA-DE-AREAS-DE-INFLUENCIA-DIRECTA-SOCIAL.pdf\">24.2.- MAPA DE AREAS DE INFLUENCIA DIRECTA SOCIAL<\/a><\/p>\n\n\n\n<p><a href=\"https:\/\/www.celec.gob.ec\/transelectric\/wp-content\/uploads\/2024\/02\/24.3.-MAPA-DE-AREAS-DE-INFLUENCIA-DIRECTA-SOCIAL.pdf\" data-type=\"link\" data-id=\"https:\/\/www.celec.gob.ec\/transelectric\/wp-content\/uploads\/2024\/02\/24.3.-MAPA-DE-AREAS-DE-INFLUENCIA-DIRECTA-SOCIAL.pdf\">24.3.- MAPA DE AREAS DE INFLUENCIA DIRECTA SOCIAL<\/a><\/p>\n\n\n\n<p><a href=\"https:\/\/www.celec.gob.ec\/transelectric\/wp-content\/uploads\/2024\/02\/24.4.-MAPA-DE-AREAS-DE-INFLUENCIA-DIRECTA-SOCIAL.pdf\" data-type=\"link\" data-id=\"https:\/\/www.celec.gob.ec\/transelectric\/wp-content\/uploads\/2024\/02\/24.4.-MAPA-DE-AREAS-DE-INFLUENCIA-DIRECTA-SOCIAL.pdf\">24.4.- MAPA DE AREAS DE INFLUENCIA DIRECTA SOCIAL<\/a><\/p>\n\n\n\n<p><a href=\"https:\/\/www.celec.gob.ec\/transelectric\/wp-content\/uploads\/2024\/02\/24.5.-MAPA-DE-AREAS-DE-INFLUENCIA-DIRECTA-SOCIAL.pdf\" data-type=\"link\" data-id=\"https:\/\/www.celec.gob.ec\/transelectric\/wp-content\/uploads\/2024\/02\/24.5.-MAPA-DE-AREAS-DE-INFLUENCIA-DIRECTA-SOCIAL.pdf\">24.5.- MAPA DE AREAS DE INFLUENCIA DIRECTA SOCIAL<\/a><\/p>\n\n\n\n<p><a href=\"https:\/\/www.celec.gob.ec\/transelectric\/wp-content\/uploads\/2024\/02\/24.6.-MAPA-DE-AREAS-DE-INFLUENCIA-DIRECTA-SOCIAL.pdf\" data-type=\"link\" data-id=\"https:\/\/www.celec.gob.ec\/transelectric\/wp-content\/uploads\/2024\/02\/24.6.-MAPA-DE-AREAS-DE-INFLUENCIA-DIRECTA-SOCIAL.pdf\">24.6.- MAPA DE AREAS DE INFLUENCIA DIRECTA SOCIAL<\/a><\/p>\n\n\n\n<p><a href=\"https:\/\/www.celec.gob.ec\/transelectric\/wp-content\/uploads\/2024\/02\/24.7.-MAPA-DE-AREAS-DE-INFLUENCIA-DIRECTA-SOCIAL.pdf\" data-type=\"link\" data-id=\"https:\/\/www.celec.gob.ec\/transelectric\/wp-content\/uploads\/2024\/02\/24.7.-MAPA-DE-AREAS-DE-INFLUENCIA-DIRECTA-SOCIAL.pdf\">24.7.- MAPA DE AREAS DE INFLUENCIA DIRECTA SOCIAL<\/a><\/p>\n\n\n\n<p><a href=\"https:\/\/www.celec.gob.ec\/transelectric\/wp-content\/uploads\/2024\/02\/24.8.-MAPA-DE-AREAS-DE-INFLUENCIA-DIRECTA-SOCIAL.pdf\" data-type=\"link\" data-id=\"https:\/\/www.celec.gob.ec\/transelectric\/wp-content\/uploads\/2024\/02\/24.8.-MAPA-DE-AREAS-DE-INFLUENCIA-DIRECTA-SOCIAL.pdf\">24.8.- MAPA DE AREAS DE INFLUENCIA DIRECTA SOCIAL<\/a><\/p>\n\n\n\n<p><a href=\"https:\/\/www.celec.gob.ec\/transelectric\/wp-content\/uploads\/2024\/02\/25.-MAPA-DE-SENSIBILIDAD-FISICA.pdf\" data-type=\"link\" data-id=\"https:\/\/www.celec.gob.ec\/transelectric\/wp-content\/uploads\/2024\/02\/25.-MAPA-DE-SENSIBILIDAD-FISICA.pdf\">25.- MAPA DE SENSIBILIDAD FISICA<\/a><\/p>\n\n\n\n<p><a href=\"https:\/\/www.celec.gob.ec\/transelectric\/wp-content\/uploads\/2024\/02\/26.-MAPA-DE-SENSIBILIDAD-BIOTICA.pdf\" data-type=\"link\" data-id=\"https:\/\/www.celec.gob.ec\/transelectric\/wp-content\/uploads\/2024\/02\/26.-MAPA-DE-SENSIBILIDAD-BIOTICA.pdf\">26.- MAPA DE SENSIBILIDAD BIOTICA<\/a><\/p>\n\n\n\n<p><a href=\"https:\/\/www.celec.gob.ec\/transelectric\/wp-content\/uploads\/2024\/02\/27.-MAPA-DE-SENSIBILIDAD-SOCIAL.pdf\" data-type=\"link\" data-id=\"https:\/\/www.celec.gob.ec\/transelectric\/wp-content\/uploads\/2024\/02\/27.-MAPA-DE-SENSIBILIDAD-SOCIAL.pdf\">27. MAPA DE SENSIBILIDAD SOCIAL<\/a><\/p>\n\n\n\n<p><a href=\"https:\/\/www.celec.gob.ec\/transelectric\/wp-content\/uploads\/2024\/02\/28.-MAPA-DE-RIESGOS-EXOGENOS.pdf\" data-type=\"link\" data-id=\"https:\/\/www.celec.gob.ec\/transelectric\/wp-content\/uploads\/2024\/02\/28.-MAPA-DE-RIESGOS-EXOGENOS.pdf\">28.- MAPA DE RIESGOS EX\u00d3GENOS<\/a><\/p>\n\n\n\n<p><a href=\"https:\/\/www.celec.gob.ec\/transelectric\/wp-content\/uploads\/2024\/02\/29.-MAPA-DE-RIESGOS-ENDOGENOS.pdf\" data-type=\"link\" data-id=\"https:\/\/www.celec.gob.ec\/transelectric\/wp-content\/uploads\/2024\/02\/29.-MAPA-DE-RIESGOS-ENDOGENOS.pdf\">29.- MAPA DE RIESGOS END\u00d3GENOS<\/a><\/p>\n\n\n\n<p><a href=\"https:\/\/www.celec.gob.ec\/transelectric\/wp-content\/uploads\/2024\/02\/30.-IMAGEN-SATELITAL.pdf\" data-type=\"link\" data-id=\"https:\/\/www.celec.gob.ec\/transelectric\/wp-content\/uploads\/2024\/02\/30.-IMAGEN-SATELITAL.pdf\">30.-IMAGEN SATELITAL<\/a><\/p>\n","protected":false},"excerpt":{"rendered":"<p>1.- MAPA DE UBICACI\u00d3N GENERAL Y DIVISI\u00d3N POL\u00cdTICO ADMINISTRATIVO 2.- MAPA BASE 3.- MAPA DE IMPLANTACION 4.- MAPA DE PATRIMONIO NACIONAL DE \u00c1REAS NATURALES 5.- MAPA GEOL\u00d3GICO 6.- MAPA GEOMORFOL\u00d3GICO 7.- MAPA DE PENDIENTES 8.- MAPA DE FISIOGRAF\u00cdA Y SUELOS 9.- MAPA HIDROGEOL\u00d3GICO 10.- MAPA DE CUENCAS HIDROGR\u00c1FICAS 11.- MAPA CLIM\u00c1TICO 12.- MAPA DE MUESTROS [&hellip;]<\/p>\n","protected":false},"author":3,"featured_media":0,"parent":0,"menu_order":0,"comment_status":"closed","ping_status":"closed","template":"","meta":{"_acf_changed":false,"inline_featured_image":false,"_themeisle_gutenberg_block_has_review":false,"footnotes":""},"categories":[],"tags":[],"class_list":["post-7548","page","type-page","status-publish","hentry"],"acf":[],"_links":{"self":[{"href":"https:\/\/www.celec.gob.ec\/transelectric\/wp-json\/wp\/v2\/pages\/7548","targetHints":{"allow":["GET"]}}],"collection":[{"href":"https:\/\/www.celec.gob.ec\/transelectric\/wp-json\/wp\/v2\/pages"}],"about":[{"href":"https:\/\/www.celec.gob.ec\/transelectric\/wp-json\/wp\/v2\/types\/page"}],"author":[{"embeddable":true,"href":"https:\/\/www.celec.gob.ec\/transelectric\/wp-json\/wp\/v2\/users\/3"}],"replies":[{"embeddable":true,"href":"https:\/\/www.celec.gob.ec\/transelectric\/wp-json\/wp\/v2\/comments?post=7548"}],"version-history":[{"count":2,"href":"https:\/\/www.celec.gob.ec\/transelectric\/wp-json\/wp\/v2\/pages\/7548\/revisions"}],"predecessor-version":[{"id":7623,"href":"https:\/\/www.celec.gob.ec\/transelectric\/wp-json\/wp\/v2\/pages\/7548\/revisions\/7623"}],"wp:attachment":[{"href":"https:\/\/www.celec.gob.ec\/transelectric\/wp-json\/wp\/v2\/media?parent=7548"}],"wp:term":[{"taxonomy":"category","embeddable":true,"href":"https:\/\/www.celec.gob.ec\/transelectric\/wp-json\/wp\/v2\/categories?post=7548"},{"taxonomy":"post_tag","embeddable":true,"href":"https:\/\/www.celec.gob.ec\/transelectric\/wp-json\/wp\/v2\/tags?post=7548"}],"curies":[{"name":"wp","href":"https:\/\/api.w.org\/{rel}","templated":true}]}}