{"id":7637,"date":"2024-03-06T14:02:42","date_gmt":"2024-03-06T19:02:42","guid":{"rendered":"https:\/\/www.celec.gob.ec\/transelectric\/?page_id=7637"},"modified":"2024-03-06T14:02:43","modified_gmt":"2024-03-06T19:02:43","slug":"proceso-de-seleccion-especialista-telecomunicaciones-del-sistema-nacional-interconectado-guayaquil","status":"publish","type":"page","link":"https:\/\/www.celec.gob.ec\/transelectric\/proceso-de-seleccion-especialista-telecomunicaciones-del-sistema-nacional-interconectado-guayaquil\/","title":{"rendered":"Proceso de selecci\u00f3n, Especialista Telecomunicaciones del Sistema Nacional Interconectado &#8211; Guayaquil"},"content":{"rendered":"\n<p>En cumplimiento al&nbsp;\u201cReglamento para el Reclutamiento, Preselecci\u00f3n,&nbsp;Selecci\u00f3n, Vinculaci\u00f3n, e Inducci\u00f3n&nbsp;del Talento Humano&nbsp;de&nbsp;la Empresa P\u00fablica Estrat\u00e9gica Corporaci\u00f3n El\u00e9ctrica&nbsp;del Ecuador CELEC EP\u201d, y&nbsp;<em>RESOLUCI\u00d3N No. CEL-RES-0063-22,<\/em>&nbsp;se pone en consideraci\u00f3n el inicio de la fase de reclutamiento del&nbsp;<em>PROCESO DE&nbsp;SELECCI\u00d3N&nbsp;SIMPLE<\/em>, para cubrir los cargos detallados en el archivo adjunto.&nbsp;&nbsp;<\/p>\n\n\n\n<p><strong><em>Art.7.- Reclutamiento:<\/em><\/strong><em>&nbsp;El comit\u00e9&nbsp;de&nbsp;selecci\u00f3n&nbsp;designado para el efecto tendr\u00e1 la responsabilidad&nbsp;de&nbsp;esta actividad, cuyo objetivo es recopilar todas las postulaciones&nbsp;de&nbsp;los aspirantes potencialmente calificados para ocupar los puestos ofertados por la CELEC EP, sean necesidades temporales o&nbsp;definitivas.&nbsp;<\/em><\/p>\n\n\n\n<p><em>Este reclutamiento se lo realiza a trav\u00e9s&nbsp;de&nbsp;una&nbsp;convocatoria&nbsp;abierta, a trav\u00e9s&nbsp;de&nbsp;diferentes medios&nbsp;de&nbsp;comunicaci\u00f3n como: medios digitales y\/o plataforma digital institucional. (\u2026)\u201c<\/em><\/p>\n\n\n\n<p>Los aspirantes que cumplan con los requisitos deber\u00e1n remitir su hoja de vida<strong>\u00a0actualizada<\/strong>\u00a0\u00a0junto a los\u00a0<strong>documentos que certifiquen<\/strong>\u00a0su instrucci\u00f3n formal y experiencia laboral para ser revisadas por\u00a0los delegados; hasta las\u00a0<strong>17:00, del\u00a007\u00a0de\u00a0marzo\u00a0de 2024<\/strong>\u00a0al correo\u00a0<strong>sandra.lopez@celec.gob.ec,\u00a0<\/strong>,registrando como\u00a0<strong>ASUNTO el cargo al que aplican<em>, \u201cconsider\u00e1ndose \u00fanicamente las que apliquen dentro de este periodo de tiempo, no se receptar\u00e1 documento alguno despu\u00e9s de la recepci\u00f3n de la postulaci\u00f3n.\u201d<\/em><\/strong><\/p>\n\n\n\n<p class=\"has-text-align-center\">Para ver el requerimiento<strong>\u00a0<a href=\"https:\/\/drive.google.com\/file\/d\/1f8hTsvEDmsmzr7TgeiACSegPPhCc877x\/view?usp=sharing\">hacer clic aqu\u00ed<\/a><\/strong><\/p>\n","protected":false},"excerpt":{"rendered":"<p>En cumplimiento al&nbsp;\u201cReglamento para el Reclutamiento, Preselecci\u00f3n,&nbsp;Selecci\u00f3n, Vinculaci\u00f3n, e Inducci\u00f3n&nbsp;del Talento Humano&nbsp;de&nbsp;la Empresa P\u00fablica Estrat\u00e9gica Corporaci\u00f3n El\u00e9ctrica&nbsp;del Ecuador CELEC EP\u201d, y&nbsp;RESOLUCI\u00d3N No. CEL-RES-0063-22,&nbsp;se pone en consideraci\u00f3n el inicio de la fase de reclutamiento del&nbsp;PROCESO DE&nbsp;SELECCI\u00d3N&nbsp;SIMPLE, para cubrir los cargos detallados en el archivo adjunto.&nbsp;&nbsp; Art.7.- Reclutamiento:&nbsp;El comit\u00e9&nbsp;de&nbsp;selecci\u00f3n&nbsp;designado para el efecto tendr\u00e1 la responsabilidad&nbsp;de&nbsp;esta actividad, cuyo [&hellip;]<\/p>\n","protected":false},"author":4,"featured_media":0,"parent":0,"menu_order":0,"comment_status":"closed","ping_status":"closed","template":"","meta":{"_acf_changed":false,"inline_featured_image":false,"_themeisle_gutenberg_block_has_review":false,"footnotes":""},"categories":[],"tags":[],"class_list":["post-7637","page","type-page","status-publish","hentry"],"acf":[],"_links":{"self":[{"href":"https:\/\/www.celec.gob.ec\/transelectric\/wp-json\/wp\/v2\/pages\/7637","targetHints":{"allow":["GET"]}}],"collection":[{"href":"https:\/\/www.celec.gob.ec\/transelectric\/wp-json\/wp\/v2\/pages"}],"about":[{"href":"https:\/\/www.celec.gob.ec\/transelectric\/wp-json\/wp\/v2\/types\/page"}],"author":[{"embeddable":true,"href":"https:\/\/www.celec.gob.ec\/transelectric\/wp-json\/wp\/v2\/users\/4"}],"replies":[{"embeddable":true,"href":"https:\/\/www.celec.gob.ec\/transelectric\/wp-json\/wp\/v2\/comments?post=7637"}],"version-history":[{"count":2,"href":"https:\/\/www.celec.gob.ec\/transelectric\/wp-json\/wp\/v2\/pages\/7637\/revisions"}],"predecessor-version":[{"id":12132,"href":"https:\/\/www.celec.gob.ec\/transelectric\/wp-json\/wp\/v2\/pages\/7637\/revisions\/12132"}],"wp:attachment":[{"href":"https:\/\/www.celec.gob.ec\/transelectric\/wp-json\/wp\/v2\/media?parent=7637"}],"wp:term":[{"taxonomy":"category","embeddable":true,"href":"https:\/\/www.celec.gob.ec\/transelectric\/wp-json\/wp\/v2\/categories?post=7637"},{"taxonomy":"post_tag","embeddable":true,"href":"https:\/\/www.celec.gob.ec\/transelectric\/wp-json\/wp\/v2\/tags?post=7637"}],"curies":[{"name":"wp","href":"https:\/\/api.w.org\/{rel}","templated":true}]}}