{"id":8063,"date":"2024-06-28T15:31:08","date_gmt":"2024-06-28T20:31:08","guid":{"rendered":"https:\/\/www.celec.gob.ec\/transelectric\/?page_id=8063"},"modified":"2024-06-28T15:54:46","modified_gmt":"2024-06-28T20:54:46","slug":"normativas-ambientales","status":"publish","type":"page","link":"https:\/\/www.celec.gob.ec\/transelectric\/normativas-ambientales\/","title":{"rendered":"Normativas ambientales"},"content":{"rendered":"\n<p>Resolucio\u0301n-018-18 &#8211; Franjas de Seguridad<\/p>\n\n\n\n<div class=\"wp-block-file\"><a id=\"wp-block-file--media-4c6ccb1b-0ec2-4f5a-b3dd-81551a578553\" href=\"https:\/\/www.celec.gob.ec\/transelectric\/wp-content\/uploads\/2024\/06\/Resolucion-018-18-Franjas-de-Seguridad.pdf\">Resolucion-018-18-Franjas-de-Seguridad<\/a><a href=\"https:\/\/www.celec.gob.ec\/transelectric\/wp-content\/uploads\/2024\/06\/Resolucion-018-18-Franjas-de-Seguridad.pdf\" class=\"wp-block-file__button wp-element-button\" download aria-describedby=\"wp-block-file--media-4c6ccb1b-0ec2-4f5a-b3dd-81551a578553\">Descarga<\/a><\/div>\n\n\n\n<p>Ley de Constituci\u00f3n de Grav\u00e1menes<\/p>\n\n\n\n<div class=\"wp-block-file\"><a id=\"wp-block-file--media-be8a4fd7-ec0d-49e0-bb59-1ee0e81cdce5\" href=\"https:\/\/www.celec.gob.ec\/transelectric\/wp-content\/uploads\/2024\/06\/Ley-de-Constitucion-de-Gravamenes.pdf\">Ley-de-Constitucion-de-Gravamenes<\/a><a href=\"https:\/\/www.celec.gob.ec\/transelectric\/wp-content\/uploads\/2024\/06\/Ley-de-Constitucion-de-Gravamenes.pdf\" class=\"wp-block-file__button wp-element-button\" download aria-describedby=\"wp-block-file--media-be8a4fd7-ec0d-49e0-bb59-1ee0e81cdce5\">Descarga<\/a><\/div>\n\n\n\n<p>Reglamento Ley de R\u00e9gimen del Sector El\u00e9ctrico<\/p>\n\n\n\n<div class=\"wp-block-file\"><a id=\"wp-block-file--media-f7d9de8c-14b0-4d31-b52f-8621111827fa\" href=\"https:\/\/www.celec.gob.ec\/transelectric\/wp-content\/uploads\/2024\/06\/Reglamento-Ley-de-Regimen.pdf\">Reglamento-Ley-de-Regimen<\/a><a href=\"https:\/\/www.celec.gob.ec\/transelectric\/wp-content\/uploads\/2024\/06\/Reglamento-Ley-de-Regimen.pdf\" class=\"wp-block-file__button wp-element-button\" download aria-describedby=\"wp-block-file--media-f7d9de8c-14b0-4d31-b52f-8621111827fa\">Descarga<\/a><\/div>\n\n\n\n<p><\/p>\n","protected":false},"excerpt":{"rendered":"<p>Resolucio\u0301n-018-18 &#8211; Franjas de Seguridad Ley de Constituci\u00f3n de Grav\u00e1menes Reglamento Ley de R\u00e9gimen del Sector El\u00e9ctrico<\/p>\n","protected":false},"author":3,"featured_media":0,"parent":0,"menu_order":0,"comment_status":"closed","ping_status":"closed","template":"","meta":{"_acf_changed":false,"inline_featured_image":false,"_themeisle_gutenberg_block_has_review":false,"footnotes":""},"categories":[],"tags":[],"class_list":["post-8063","page","type-page","status-publish","hentry"],"acf":[],"_links":{"self":[{"href":"https:\/\/www.celec.gob.ec\/transelectric\/wp-json\/wp\/v2\/pages\/8063","targetHints":{"allow":["GET"]}}],"collection":[{"href":"https:\/\/www.celec.gob.ec\/transelectric\/wp-json\/wp\/v2\/pages"}],"about":[{"href":"https:\/\/www.celec.gob.ec\/transelectric\/wp-json\/wp\/v2\/types\/page"}],"author":[{"embeddable":true,"href":"https:\/\/www.celec.gob.ec\/transelectric\/wp-json\/wp\/v2\/users\/3"}],"replies":[{"embeddable":true,"href":"https:\/\/www.celec.gob.ec\/transelectric\/wp-json\/wp\/v2\/comments?post=8063"}],"version-history":[{"count":2,"href":"https:\/\/www.celec.gob.ec\/transelectric\/wp-json\/wp\/v2\/pages\/8063\/revisions"}],"predecessor-version":[{"id":8070,"href":"https:\/\/www.celec.gob.ec\/transelectric\/wp-json\/wp\/v2\/pages\/8063\/revisions\/8070"}],"wp:attachment":[{"href":"https:\/\/www.celec.gob.ec\/transelectric\/wp-json\/wp\/v2\/media?parent=8063"}],"wp:term":[{"taxonomy":"category","embeddable":true,"href":"https:\/\/www.celec.gob.ec\/transelectric\/wp-json\/wp\/v2\/categories?post=8063"},{"taxonomy":"post_tag","embeddable":true,"href":"https:\/\/www.celec.gob.ec\/transelectric\/wp-json\/wp\/v2\/tags?post=8063"}],"curies":[{"name":"wp","href":"https:\/\/api.w.org\/{rel}","templated":true}]}}