{"id":8165,"date":"2024-07-08T14:26:30","date_gmt":"2024-07-08T19:26:30","guid":{"rendered":"https:\/\/www.celec.gob.ec\/transelectric\/?page_id=8165"},"modified":"2025-03-26T12:12:41","modified_gmt":"2025-03-26T17:12:41","slug":"nuevos-sistemas-de-transmision-en-ejecucion-con-credito-bid-v","status":"publish","type":"page","link":"https:\/\/www.celec.gob.ec\/transelectric\/nuevos-sistemas-de-transmision-en-ejecucion-con-credito-bid-v\/","title":{"rendered":"Sistemas de transmisi\u00f3n en ejecuci\u00f3n con cr\u00e9dito BID V"},"content":{"rendered":"\n<p>CELEC EP TRANSELECTRIC, avanza con la construcci\u00f3n de cuatro nuevos sistemas de transmisi\u00f3n y la ampliaci\u00f3n de una subestaci\u00f3n, que beneficiar\u00e1n a 6.5 millones de ecuatorianos, con la mejora en el servicio de transporte de energ\u00eda el\u00e9ctrica.<\/p>\n\n\n\n<p>Estas nuevas obras robustecen la infraestructura de transmisi\u00f3n a escala nacional y dotar\u00e1n de nuevos puntos de entrega de energ\u00eda desde el Sistema Nacional de Transmisi\u00f3n (SNT), a las empresas distribuidoras, con lo que se mejorar\u00e1 la confiabilidad en el abastecimiento de energ\u00eda el\u00e9ctrica. &nbsp;<\/p>\n\n\n\n<p>Estas obras son financiadas con un cr\u00e9dito denominado BID V del Banco Interamericano de Desarrollo, y con recursos propios de la CELEC EP. La inversi\u00f3n total de estos proyectos es de 150 millones de d\u00f3lares. Los proyectos entrar\u00e1n en operaci\u00f3n a partir del segundo trimestre 2025 hasta el \u00faltimo trimestre de 2026.<\/p>\n\n\n\n<div style=\"height:100px\" aria-hidden=\"true\" class=\"wp-block-spacer\"><\/div>\n\n\n\n<figure class=\"wp-block-image size-large is-resized\"><img loading=\"lazy\" decoding=\"async\" width=\"1024\" height=\"576\" src=\"https:\/\/www.celec.gob.ec\/transelectric\/wp-content\/uploads\/2024\/07\/vc1-1024x576.png\" alt=\"\" class=\"wp-image-8207\" style=\"width:970px;height:auto\" srcset=\"https:\/\/www.celec.gob.ec\/transelectric\/wp-content\/uploads\/2024\/07\/vc1-1024x576.png 1024w, https:\/\/www.celec.gob.ec\/transelectric\/wp-content\/uploads\/2024\/07\/vc1-300x169.png 300w, https:\/\/www.celec.gob.ec\/transelectric\/wp-content\/uploads\/2024\/07\/vc1-768x432.png 768w, https:\/\/www.celec.gob.ec\/transelectric\/wp-content\/uploads\/2024\/07\/vc1-1536x864.png 1536w, https:\/\/www.celec.gob.ec\/transelectric\/wp-content\/uploads\/2024\/07\/vc1-2048x1152.png 2048w\" sizes=\"auto, (max-width: 1024px) 100vw, 1024px\" \/><\/figure>\n\n\n\n<div style=\"height:100px\" aria-hidden=\"true\" class=\"wp-block-spacer\"><\/div>\n\n\n\n<p><\/p>\n\n\n\n<p><strong>Sistemas de Transmisi\u00f3n: <\/strong><\/p>\n\n\n\n<p><\/p>\n\n\n\n<div class=\"wp-block-buttons is-layout-flex wp-block-buttons-is-layout-flex\">\n<div class=\"wp-block-button\"><a class=\"wp-block-button__link wp-element-button\" href=\"https:\/\/www.celec.gob.ec\/transelectric\/sistema-de-transmision-la-avanzada-a-230-138-mil-voltios\/\"> La Avanzada 230\/138 mil voltios<\/a><\/div>\n<\/div>\n\n\n\n<p><\/p>\n\n\n\n<div class=\"wp-block-buttons is-layout-flex wp-block-buttons-is-layout-flex\">\n<div class=\"wp-block-button\"><a class=\"wp-block-button__link wp-element-button\" href=\"https:\/\/www.celec.gob.ec\/transelectric\/sistema-de-transmision-cajas-a-230-69-mil-voltios\/\">Cajas 230 \/69 mil voltios<\/a><\/div>\n<\/div>\n\n\n\n<p><\/p>\n\n\n\n<div class=\"wp-block-buttons is-layout-flex wp-block-buttons-is-layout-flex\">\n<div class=\"wp-block-button\"><a class=\"wp-block-button__link wp-element-button\" href=\"https:\/\/www.celec.gob.ec\/transelectric\/sistema-de-transmision-las-orquideas-a-230-69-mil-voltios\/\"> Las Orqu\u00eddeas a 230 \/ 69 mil voltios<\/a><\/div>\n<\/div>\n\n\n\n<p><\/p>\n\n\n\n<div class=\"wp-block-buttons is-layout-flex wp-block-buttons-is-layout-flex\">\n<div class=\"wp-block-button\"><a class=\"wp-block-button__link wp-element-button\" href=\"https:\/\/www.celec.gob.ec\/transelectric\/sistema-de-transmision-tanicuchi-a-230-138-mil-voltios\/\">Tanicuch\u00ed a 230 \/ 138 mil voltios<\/a><\/div>\n<\/div>\n\n\n\n<p><\/p>\n\n\n\n<div class=\"wp-block-buttons is-layout-flex wp-block-buttons-is-layout-flex\">\n<div class=\"wp-block-button\"><a class=\"wp-block-button__link wp-element-button\" href=\"https:\/\/www.celec.gob.ec\/transelectric\/ampliacion-de-la-subestacion-posorja-a-138-69-mil-voltios\/\">Ampliaci\u00f3n de la subestaci\u00f3n Posorja a 138 \/ 69 mil voltios<\/a><\/div>\n<\/div>\n\n\n\n<div style=\"height:100px\" aria-hidden=\"true\" class=\"wp-block-spacer\"><\/div>\n","protected":false},"excerpt":{"rendered":"<p>CELEC EP TRANSELECTRIC, avanza con la construcci\u00f3n de cuatro nuevos sistemas de transmisi\u00f3n y la ampliaci\u00f3n de una subestaci\u00f3n, que beneficiar\u00e1n a 6.5 millones de ecuatorianos, con la mejora en el servicio de transporte de energ\u00eda el\u00e9ctrica. Estas nuevas obras robustecen la infraestructura de transmisi\u00f3n a escala nacional y dotar\u00e1n de nuevos puntos de entrega [&hellip;]<\/p>\n","protected":false},"author":3,"featured_media":0,"parent":0,"menu_order":0,"comment_status":"closed","ping_status":"closed","template":"","meta":{"_acf_changed":false,"inline_featured_image":false,"_themeisle_gutenberg_block_has_review":false,"footnotes":""},"categories":[],"tags":[],"class_list":["post-8165","page","type-page","status-publish","hentry"],"acf":[],"_links":{"self":[{"href":"https:\/\/www.celec.gob.ec\/transelectric\/wp-json\/wp\/v2\/pages\/8165","targetHints":{"allow":["GET"]}}],"collection":[{"href":"https:\/\/www.celec.gob.ec\/transelectric\/wp-json\/wp\/v2\/pages"}],"about":[{"href":"https:\/\/www.celec.gob.ec\/transelectric\/wp-json\/wp\/v2\/types\/page"}],"author":[{"embeddable":true,"href":"https:\/\/www.celec.gob.ec\/transelectric\/wp-json\/wp\/v2\/users\/3"}],"replies":[{"embeddable":true,"href":"https:\/\/www.celec.gob.ec\/transelectric\/wp-json\/wp\/v2\/comments?post=8165"}],"version-history":[{"count":16,"href":"https:\/\/www.celec.gob.ec\/transelectric\/wp-json\/wp\/v2\/pages\/8165\/revisions"}],"predecessor-version":[{"id":9594,"href":"https:\/\/www.celec.gob.ec\/transelectric\/wp-json\/wp\/v2\/pages\/8165\/revisions\/9594"}],"wp:attachment":[{"href":"https:\/\/www.celec.gob.ec\/transelectric\/wp-json\/wp\/v2\/media?parent=8165"}],"wp:term":[{"taxonomy":"category","embeddable":true,"href":"https:\/\/www.celec.gob.ec\/transelectric\/wp-json\/wp\/v2\/categories?post=8165"},{"taxonomy":"post_tag","embeddable":true,"href":"https:\/\/www.celec.gob.ec\/transelectric\/wp-json\/wp\/v2\/tags?post=8165"}],"curies":[{"name":"wp","href":"https:\/\/api.w.org\/{rel}","templated":true}]}}