{"id":8169,"date":"2024-07-09T10:46:24","date_gmt":"2024-07-09T15:46:24","guid":{"rendered":"https:\/\/www.celec.gob.ec\/transelectric\/?page_id=8169"},"modified":"2024-07-09T10:57:37","modified_gmt":"2024-07-09T15:57:37","slug":"sistema-de-transmision-la-avanzada-a-230-138-mil-voltios","status":"publish","type":"page","link":"https:\/\/www.celec.gob.ec\/transelectric\/sistema-de-transmision-la-avanzada-a-230-138-mil-voltios\/","title":{"rendered":"Sistema de transmisi\u00f3n La Avanzada a 230 \/ 138 mil voltios"},"content":{"rendered":"\n<p><\/p>\n\n\n\n<p>Brindar\u00e1 un nuevo punto de conexi\u00f3n a la provincia de El Oro, garantizando la continuidad del servicio de transmisi\u00f3n a la empresa CNEL EP El Oro, responsable de la distribuci\u00f3n de electricidad en esta importante zona del pa\u00eds.<\/p>\n\n\n\n<p>Permitir\u00e1 aliviar la carga de la subestaci\u00f3n Machala desde donde CELEC EP TRANSELECTRIC entrega la energ\u00eda a la empresa distribuidora local y as\u00ed evitar que ocurran desconexiones del suministro de energ\u00eda.<\/p>\n\n\n\n<p>Se cuenta con la Licencia Ambiental emitida por el Ministerio del Ambiente, Agua y Transici\u00f3n Ecol\u00f3gica en el a\u00f1o 2021.<\/p>\n\n\n\n<p><strong>Ubicaci\u00f3n<\/strong><\/p>\n\n\n\n<p>Parroquia La Avanzada, cant\u00f3n Santa Rosa, provincia de El Oro.<\/p>\n\n\n\n<p><strong>Beneficios<\/strong><\/p>\n\n\n\n<ul class=\"wp-block-list\">\n<li>Permitir\u00e1 aprovechar el despacho de la nueva generaci\u00f3n de energ\u00eda el\u00e9ctrica, como la de la central hidroel\u00e9ctrica Minas San Francisco y de la central termoel\u00e9ctrica Termogas Machala.<\/li>\n\n\n\n<li>\u2060Mejorar\u00e1n las condiciones de voltaje para las transferencias internacionales, espec\u00edficamente las exportaciones de energ\u00eda hacia el Per\u00fa a nivel de voltaje de 230 mil voltios.<\/li>\n\n\n\n<li>Este nuevo sistema de transmisi\u00f3n brindar\u00e1 el abastecimiento de electricidad a futuras cargas, especialmente de tipo industrial y minero, a desarrollarse en la zona suroccidental de la provincia de El Oro.<\/li>\n\n\n\n<li>Beneficiar\u00e1 aproximadamente a 320.332 habitantes, de la provincia de El<\/li>\n\n\n\n<li>Su construcci\u00f3n generar\u00e1 aproximadamente 250 plazas de empleo directo.<\/li>\n<\/ul>\n\n\n\n<p><strong>Obras que conforman este sistema<\/strong><\/p>\n\n\n\n<ol class=\"wp-block-list\">\n<li>Subestaci\u00f3n La Avanzada 230\/138 mil voltios, 150 Mega Voltio Amperios.<\/li>\n\n\n\n<li>L\u00ednea de transmisi\u00f3n conexi\u00f3n subestaci\u00f3n La Avanzada a 230 mil voltios, de 4 kil\u00f3metros.<\/li>\n<\/ol>\n","protected":false},"excerpt":{"rendered":"<p>Brindar\u00e1 un nuevo punto de conexi\u00f3n a la provincia de El Oro, garantizando la continuidad del servicio de transmisi\u00f3n a la empresa CNEL EP El Oro, responsable de la distribuci\u00f3n de electricidad en esta importante zona del pa\u00eds. Permitir\u00e1 aliviar la carga de la subestaci\u00f3n Machala desde donde CELEC EP TRANSELECTRIC entrega la energ\u00eda a [&hellip;]<\/p>\n","protected":false},"author":3,"featured_media":0,"parent":0,"menu_order":0,"comment_status":"closed","ping_status":"closed","template":"","meta":{"_acf_changed":false,"inline_featured_image":false,"_themeisle_gutenberg_block_has_review":false,"footnotes":""},"categories":[],"tags":[],"class_list":["post-8169","page","type-page","status-publish","hentry"],"acf":[],"_links":{"self":[{"href":"https:\/\/www.celec.gob.ec\/transelectric\/wp-json\/wp\/v2\/pages\/8169","targetHints":{"allow":["GET"]}}],"collection":[{"href":"https:\/\/www.celec.gob.ec\/transelectric\/wp-json\/wp\/v2\/pages"}],"about":[{"href":"https:\/\/www.celec.gob.ec\/transelectric\/wp-json\/wp\/v2\/types\/page"}],"author":[{"embeddable":true,"href":"https:\/\/www.celec.gob.ec\/transelectric\/wp-json\/wp\/v2\/users\/3"}],"replies":[{"embeddable":true,"href":"https:\/\/www.celec.gob.ec\/transelectric\/wp-json\/wp\/v2\/comments?post=8169"}],"version-history":[{"count":3,"href":"https:\/\/www.celec.gob.ec\/transelectric\/wp-json\/wp\/v2\/pages\/8169\/revisions"}],"predecessor-version":[{"id":8182,"href":"https:\/\/www.celec.gob.ec\/transelectric\/wp-json\/wp\/v2\/pages\/8169\/revisions\/8182"}],"wp:attachment":[{"href":"https:\/\/www.celec.gob.ec\/transelectric\/wp-json\/wp\/v2\/media?parent=8169"}],"wp:term":[{"taxonomy":"category","embeddable":true,"href":"https:\/\/www.celec.gob.ec\/transelectric\/wp-json\/wp\/v2\/categories?post=8169"},{"taxonomy":"post_tag","embeddable":true,"href":"https:\/\/www.celec.gob.ec\/transelectric\/wp-json\/wp\/v2\/tags?post=8169"}],"curies":[{"name":"wp","href":"https:\/\/api.w.org\/{rel}","templated":true}]}}