{"id":8184,"date":"2024-07-09T11:02:13","date_gmt":"2024-07-09T16:02:13","guid":{"rendered":"https:\/\/www.celec.gob.ec\/transelectric\/?page_id=8184"},"modified":"2024-07-09T11:02:14","modified_gmt":"2024-07-09T16:02:14","slug":"sistema-de-transmision-cajas-a-230-69-mil-voltios","status":"publish","type":"page","link":"https:\/\/www.celec.gob.ec\/transelectric\/sistema-de-transmision-cajas-a-230-69-mil-voltios\/","title":{"rendered":"Sistema de transmisi\u00f3n Cajas a 230 \/ 69 mil voltios"},"content":{"rendered":"\n<p>Fortalecer\u00e1 la transmisi\u00f3n de energ\u00eda el\u00e9ctrica a la zona norte del pa\u00eds, principalmente a la provincia de Imbabura, al brindar un nuevo punto de conexi\u00f3n a la empresa EMELNORTE S.A., responsable de la distribuci\u00f3n de electricidad en esta importante zona del pa\u00eds, ya que aliviar\u00e1 la carga actual de la subestaci\u00f3n Ibarra de CELEC EP Transelectric, desde donde se entrega la energ\u00eda a esta empresa distribuidora. La obra garantizar\u00e1 la continuidad del servicio de transmisi\u00f3n.<\/p>\n\n\n\n<p>Se cuenta con la Licencia Ambiental emitida por el Ministerio del Ambiente, Agua y Transici\u00f3n Ecol\u00f3gica en el a\u00f1o 2021.<\/p>\n\n\n\n<p><strong>Ubicaci\u00f3n<\/strong><\/p>\n\n\n\n<p>Parroquia Tabacundo, cant\u00f3n Pedro Moncayo, provincia de Pichincha.<\/p>\n\n\n\n<p><strong>Beneficios<\/strong><\/p>\n\n\n\n<ul class=\"wp-block-list\">\n<li>Fortalecer\u00e1 la entrega del servicio de energ\u00eda el\u00e9ctrica a la empresa distribuidora EMELNORTE S.A.<\/li>\n\n\n\n<li>Brindar\u00e1 un servicio el\u00e9ctrico continuo y eficiente, mejorando los niveles de voltaje para fomentar la creaci\u00f3n de nuevas industrias y empresas locales que impulsen el desarrollo productivo de esta importante zona del pa\u00eds.<\/li>\n\n\n\n<li>Beneficia aproximadamente a 329.044 habitantes de la provincia de Imbabura.<\/li>\n\n\n\n<li>Su construcci\u00f3n generar\u00e1 aproximadamente 200 plazas de empleo directo.<\/li>\n<\/ul>\n\n\n\n<p><strong>Obras que conforman este sistema<\/strong><\/p>\n\n\n\n<ol class=\"wp-block-list\">\n<li>Subestaci\u00f3n Cajas a 230\/69 mil voltios, 150 Mega Voltio Amperios.<\/li>\n\n\n\n<li>2 L\u00ednea de transmisi\u00f3n conexi\u00f3n subestaci\u00f3n Cajas a 230 mil voltios.<\/li>\n<\/ol>\n","protected":false},"excerpt":{"rendered":"<p>Fortalecer\u00e1 la transmisi\u00f3n de energ\u00eda el\u00e9ctrica a la zona norte del pa\u00eds, principalmente a la provincia de Imbabura, al brindar un nuevo punto de conexi\u00f3n a la empresa EMELNORTE S.A., responsable de la distribuci\u00f3n de electricidad en esta importante zona del pa\u00eds, ya que aliviar\u00e1 la carga actual de la subestaci\u00f3n Ibarra de CELEC EP [&hellip;]<\/p>\n","protected":false},"author":3,"featured_media":0,"parent":0,"menu_order":0,"comment_status":"closed","ping_status":"closed","template":"","meta":{"_acf_changed":false,"inline_featured_image":false,"_themeisle_gutenberg_block_has_review":false,"footnotes":""},"categories":[],"tags":[],"class_list":["post-8184","page","type-page","status-publish","hentry"],"acf":[],"_links":{"self":[{"href":"https:\/\/www.celec.gob.ec\/transelectric\/wp-json\/wp\/v2\/pages\/8184","targetHints":{"allow":["GET"]}}],"collection":[{"href":"https:\/\/www.celec.gob.ec\/transelectric\/wp-json\/wp\/v2\/pages"}],"about":[{"href":"https:\/\/www.celec.gob.ec\/transelectric\/wp-json\/wp\/v2\/types\/page"}],"author":[{"embeddable":true,"href":"https:\/\/www.celec.gob.ec\/transelectric\/wp-json\/wp\/v2\/users\/3"}],"replies":[{"embeddable":true,"href":"https:\/\/www.celec.gob.ec\/transelectric\/wp-json\/wp\/v2\/comments?post=8184"}],"version-history":[{"count":1,"href":"https:\/\/www.celec.gob.ec\/transelectric\/wp-json\/wp\/v2\/pages\/8184\/revisions"}],"predecessor-version":[{"id":8185,"href":"https:\/\/www.celec.gob.ec\/transelectric\/wp-json\/wp\/v2\/pages\/8184\/revisions\/8185"}],"wp:attachment":[{"href":"https:\/\/www.celec.gob.ec\/transelectric\/wp-json\/wp\/v2\/media?parent=8184"}],"wp:term":[{"taxonomy":"category","embeddable":true,"href":"https:\/\/www.celec.gob.ec\/transelectric\/wp-json\/wp\/v2\/categories?post=8184"},{"taxonomy":"post_tag","embeddable":true,"href":"https:\/\/www.celec.gob.ec\/transelectric\/wp-json\/wp\/v2\/tags?post=8184"}],"curies":[{"name":"wp","href":"https:\/\/api.w.org\/{rel}","templated":true}]}}