{"id":8192,"date":"2024-07-09T11:16:16","date_gmt":"2024-07-09T16:16:16","guid":{"rendered":"https:\/\/www.celec.gob.ec\/transelectric\/?page_id=8192"},"modified":"2024-07-09T11:16:17","modified_gmt":"2024-07-09T16:16:17","slug":"sistema-de-transmision-tanicuchi-a-230-138-mil-voltios","status":"publish","type":"page","link":"https:\/\/www.celec.gob.ec\/transelectric\/sistema-de-transmision-tanicuchi-a-230-138-mil-voltios\/","title":{"rendered":"Sistema de transmisi\u00f3n Tanicuch\u00ed a 230 \/ 138 mil voltios"},"content":{"rendered":"\n<p> servicio el\u00e9ctrico a la provincia de Cotopaxi ante una posible erupci\u00f3n del volc\u00e1n Cotopaxi.<\/p>\n\n\n\n<p>La nueva subestaci\u00f3n Tanicuchi se ubicar\u00e1 en el \u00e1rea occidental de la v\u00eda Panamericana, fuera del \u00e1rea de afectaci\u00f3n del fen\u00f3meno natural. Esta obra permitir\u00e1 atender los requerimientos de demanda de la distribuidora local Empresa El\u00e9ctrica Cotopaxi (ELEPCO).<\/p>\n\n\n\n<p>Se cuenta con la Licencia Ambiental emitida por el Ministerio del Ambiente, Agua y Transici\u00f3n Ecol\u00f3gica en el a\u00f1o 2021.<\/p>\n\n\n\n<p><strong>Ubicaci\u00f3n<\/strong><\/p>\n\n\n\n<p>Parroquia Tanicuch\u00ed, cant\u00f3n Latacunga, provincia de Cotopaxi.<\/p>\n\n\n\n<p><strong>Beneficios<\/strong><\/p>\n\n\n\n<ul class=\"wp-block-list\">\n<li>Fortalecer\u00e1 la transmisi\u00f3n de energ\u00eda el\u00e9ctrica a las provincias del centro norte del pa\u00eds y garantizar\u00e1 la calidad y confiabilidad del servicio el\u00e9ctrico especialmente a Cotopaxi.<\/li>\n\n\n\n<li>Mejorar\u00e1 el abastecimiento de las principales cargas industriales de la zona, aportando al desarrollo de sus diferentes actividades econ\u00f3micas como la industrial, agr\u00edcola, ganadera y el comercio.<\/li>\n\n\n\n<li>Beneficia aproximadamente a 400.000 habitantes de la provincia de Cotopaxi.<\/li>\n\n\n\n<li>Su construcci\u00f3n generar\u00e1 aproximadamente 350 plazas de empleo directo.<\/li>\n<\/ul>\n\n\n\n<p><strong>Obras que conforman este sistema<\/strong><\/p>\n\n\n\n<ol class=\"wp-block-list\">\n<li>Subestaci\u00f3n Tanicuchi 230\/138 mil voltios, 150 Mega Voltio Amperios.<\/li>\n\n\n\n<li>L\u00ednea de transmisi\u00f3n conexi\u00f3n subestaci\u00f3n Tanicuchi a 230 mil voltios, doble circuito, de 4 kil\u00f3metros.<\/li>\n\n\n\n<li>Dos l\u00edneas de transmisi\u00f3n a 138 mil voltios que suman 26 kil\u00f3metros.<\/li>\n<\/ol>\n\n\n\n<p><\/p>\n","protected":false},"excerpt":{"rendered":"<p>servicio el\u00e9ctrico a la provincia de Cotopaxi ante una posible erupci\u00f3n del volc\u00e1n Cotopaxi. La nueva subestaci\u00f3n Tanicuchi se ubicar\u00e1 en el \u00e1rea occidental de la v\u00eda Panamericana, fuera del \u00e1rea de afectaci\u00f3n del fen\u00f3meno natural. Esta obra permitir\u00e1 atender los requerimientos de demanda de la distribuidora local Empresa El\u00e9ctrica Cotopaxi (ELEPCO). Se cuenta con [&hellip;]<\/p>\n","protected":false},"author":3,"featured_media":0,"parent":0,"menu_order":0,"comment_status":"closed","ping_status":"closed","template":"","meta":{"_acf_changed":false,"inline_featured_image":false,"_themeisle_gutenberg_block_has_review":false,"footnotes":""},"categories":[],"tags":[],"class_list":["post-8192","page","type-page","status-publish","hentry"],"acf":[],"_links":{"self":[{"href":"https:\/\/www.celec.gob.ec\/transelectric\/wp-json\/wp\/v2\/pages\/8192","targetHints":{"allow":["GET"]}}],"collection":[{"href":"https:\/\/www.celec.gob.ec\/transelectric\/wp-json\/wp\/v2\/pages"}],"about":[{"href":"https:\/\/www.celec.gob.ec\/transelectric\/wp-json\/wp\/v2\/types\/page"}],"author":[{"embeddable":true,"href":"https:\/\/www.celec.gob.ec\/transelectric\/wp-json\/wp\/v2\/users\/3"}],"replies":[{"embeddable":true,"href":"https:\/\/www.celec.gob.ec\/transelectric\/wp-json\/wp\/v2\/comments?post=8192"}],"version-history":[{"count":1,"href":"https:\/\/www.celec.gob.ec\/transelectric\/wp-json\/wp\/v2\/pages\/8192\/revisions"}],"predecessor-version":[{"id":8193,"href":"https:\/\/www.celec.gob.ec\/transelectric\/wp-json\/wp\/v2\/pages\/8192\/revisions\/8193"}],"wp:attachment":[{"href":"https:\/\/www.celec.gob.ec\/transelectric\/wp-json\/wp\/v2\/media?parent=8192"}],"wp:term":[{"taxonomy":"category","embeddable":true,"href":"https:\/\/www.celec.gob.ec\/transelectric\/wp-json\/wp\/v2\/categories?post=8192"},{"taxonomy":"post_tag","embeddable":true,"href":"https:\/\/www.celec.gob.ec\/transelectric\/wp-json\/wp\/v2\/tags?post=8192"}],"curies":[{"name":"wp","href":"https:\/\/api.w.org\/{rel}","templated":true}]}}