{"id":8532,"date":"2024-08-27T08:40:23","date_gmt":"2024-08-27T13:40:23","guid":{"rendered":"https:\/\/www.celec.gob.ec\/transelectric\/?page_id=8532"},"modified":"2026-01-07T14:03:36","modified_gmt":"2026-01-07T19:03:36","slug":"bid-5653-rg-ec","status":"publish","type":"page","link":"https:\/\/www.celec.gob.ec\/transelectric\/bid-5653-rg-ec\/","title":{"rendered":"BID 5653\/RG-EC"},"content":{"rendered":"\n<div id=\"wp-block-themeisle-blocks-accordion-51139925\" class=\"wp-block-themeisle-blocks-accordion exclusive\">\n<details class=\"wp-block-themeisle-blocks-accordion-item\"><summary class=\"wp-block-themeisle-blocks-accordion-item__title\"><div>Programa de Interconexi\u00f3n El\u00e9ctrica Ecuador &#8211; Per\u00fa en 500 Kilovoltios, Tramo Ecuatoriano<\/div><\/summary><div class=\"wp-block-themeisle-blocks-accordion-item__content\">\n<p><\/p>\n<\/div><\/details>\n\n\n\n<details class=\"wp-block-themeisle-blocks-accordion-item\"><summary class=\"wp-block-themeisle-blocks-accordion-item__title\"><div>Procesos precontractuales 5653<\/div><\/summary><div class=\"wp-block-themeisle-blocks-accordion-item__content\">\n<ul class=\"wp-block-list\">\n<li><a href=\"https:\/\/www.celec.gob.ec\/transelectric\/lpi-no-bid7-trans-001-2024-construccion-de-obras-civiles-provision-de-materiales-equipamiento-montaje-electromecanico-pruebas-y-puesta-en-servicio-del-sistema-de-interconexion-electrica-ecuador\/\">LPI No. BID7-TRANS-001-2024 CONSTRUCCI\u00d3N DE OBRAS CIVILES, PROVISI\u00d3N DE MATERIALES, EQUIPAMIENTO, MONTAJE ELECTROMEC\u00c1NICO, PRUEBAS Y PUESTA EN SERVICIO DEL SISTEMA DE INTERCONEXI\u00d3N EL\u00c9CTRICA ECUADOR \u2013 PER\u00da A 500 kV \u2013 DOS (2) LOTES<\/a><\/li>\n<\/ul>\n\n\n\n<ul class=\"wp-block-list\">\n<li><a href=\"https:\/\/www.celec.gob.ec\/transelectric\/lc-no-bid7-trans-001-2024-consultoria-para-la-actualizacion-del-levantamiento-de-la-linea-base-y-complementacion-del-plan-de-reasentamiento-y-restitucion-de-activos-del-proyecto-interconexion-electri\/\">LC No. BID7-TRANS-001-2024 CONSULTOR\u00cdA PARA LA ACTUALIZACI\u00d3N DEL LEVANTAMIENTO DE LA L\u00cdNEA BASE Y COMPLEMENTACI\u00d3N DEL PLAN DE REASENTAMIENTO Y RESTITUCI\u00d3N DE ACTIVOS DEL PROYECTO INTERCONEXI\u00d3N EL\u00c9CTRICA ECUADOR &#8211; PER\u00da EN 500 KILOVOLTIOS, TRAMO ECUATORIANO<\/a><\/li>\n<\/ul>\n\n\n\n\n\n<ul class=\"wp-block-list\">\n<li><a href=\"https:\/\/www.celec.gob.ec\/transelectric\/lc-no-bid7-trans-001-2025-consultoria-para-la-actualizacion-del-levantamiento-de-la-linea-base-y-complementacion-del-plan-de-reasentamiento-y-restitucion-de-activos-del-proyecto-interconexion-el-2\/\" data-type=\"link\" data-id=\"https:\/\/www.celec.gob.ec\/transelectric\/lc-no-bid7-trans-001-2025-consultoria-para-la-actualizacion-del-levantamiento-de-la-linea-base-y-complementacion-del-plan-de-reasentamiento-y-restitucion-de-activos-del-proyecto-interconexion-el-2\/\">LC No. BID7-TRANS-001-2025&nbsp;CONSULTOR\u00cdA PARA LA ACTUALIZACI\u00d3N DEL LEVANTAMIENTO DE LA L\u00cdNEA BASE Y COMPLEMENTACI\u00d3N DEL PLAN DE REASENTAMIENTO Y RESTITUCI\u00d3N DE ACTIVOS DEL PROYECTO INTERCONEXI\u00d3N EL\u00c9CTRICA ECUADOR &#8211; PER\u00da EN 500 KILOVOLTIOS, TRAMO ECUATORIANO<\/a><\/li>\n<\/ul>\n\n\n\n<p><\/p>\n\n\n\n<ul>\n  <li>\n    <span id=\"textoPrincipal\"\n          onclick=\"mostrarTexto();\"\n          style=\"cursor:pointer; color:black; text-decoration:none; transition:color 0.3s;\">\n      SD No. BID7-TRANS-001-2025 AUDITOR\u00cdA A LOS ESTADOS FINANCIEROS CONSOLIDADOS \n      DE PROP\u00d3SITO ESPECIAL DEL PROYECTO INTERCONEXI\u00d3N ECUADOR \u2013 PER\u00da 500 kV, TRAMO ECUATORIANO\n    <\/span>\n  <\/li>\n<\/ul>\n\n<!-- Texto oculto que aparecer\u00e1 despu\u00e9s -->\n<p id=\"textoCarta\" style=\"display:none; margin-top:8px; margin-left:20px;\">\n  <a href=\"https:\/\/www.celec.gob.ec\/transelectric\/wp-content\/uploads\/2025\/10\/20251015-Carta-de-Invitacion.pdf\" \n     target=\"_blank\"\n     style=\"color:#003366; text-decoration:underline;\">\n     \ud83d\udcc4 CARTA DE INVITACI\u00d3N\n  <\/a>\n<\/p>\n\n<p id=\"textoEnmienda\" style=\"display:none; margin-top:8px; margin-left:20px;\">\n  <a href=\"https:\/\/www.celec.gob.ec\/transelectric\/wp-content\/uploads\/2025\/10\/20251023-Boletin-de-enmiendas-Nro.-1-1.pdf\" \n     target=\"_blank\"\n     style=\"color:#003366; text-decoration:underline;\">\n     \ud83d\udcc4 BOLET\u00cdN DE ENMIENDAS Nro. 1\n  <\/a>\n<\/p>\n\n<p id=\"textoEnmiendaN2\" style=\"display:none; margin-top:8px; margin-left:20px;\">\n  <a href=\"https:\/\/www.celec.gob.ec\/transelectric\/wp-content\/uploads\/2025\/10\/BOLETIN-DE-ENMIENDA-Nro.-2-signed-signed-signed-signed.pdf\" \n     target=\"_blank\"\n     style=\"color:#003366; text-decoration:underline;\">\n     \ud83d\udcc4 BOLET\u00cdN DE ENMIENDAS Nro. 2\n  <\/a>\n<\/p>\n\n<p id=\"textoResolucion1\" style=\"display:none; margin-top:8px; margin-left:20px;\">\n  <a href=\"https:\/\/www.celec.gob.ec\/transelectric\/wp-content\/uploads\/2025\/11\/Resolucion-Adjudicacion-Auditorias-Financieras-BID7-signed.pdf\" \n     target=\"_blank\"\n     style=\"color:#003366; text-decoration:underline;\">\n     \ud83d\udcc4 RESOLUCIO\u0301N ADJUDICACIO\u0301N AUDITORI\u0301AS FINANCIERAS\n  <\/a>\n<\/p>\n\n<script>\n\/\/ funci\u00f3n para mostrar el texto de la carta\nfunction mostrarTexto() {\n  document.getElementById(\"textoCarta\").style.display = \"block\";\n  document.getElementById(\"textoEnmienda\").style.display = \"block\";\ndocument.getElementById(\"textoEnmiendaN2\").style.display = \"block\";\ndocument.getElementById(\"textoResolucion1\").style.display = \"block\";\n;\n}\n\n\/\/ efecto hover: cambia color al pasar el cursor\nconst texto = document.getElementById(\"textoPrincipal\");\ntexto.addEventListener(\"mouseenter\", () => texto.style.color = \"gold\");\ntexto.addEventListener(\"mouseleave\", () => texto.style.color = \"black\");\n<\/script>\n\n\n\n\n<p><\/p>\n<ul>\n  <li>\n    <a id=\"textoPrincipal2\"\n       href=\"https:\/\/www.celec.gob.ec\/transelectric\/lpi-nro-bid7-trans-001-2025-construccion-de-obras-civiles-provision-de-materiales-equipamiento-montaje-electromecanico-pruebas-y-puesta-en-servicio-del-sistema-de-interconexion-electrica-ecuador\/\"\n       target=\"_blank\"\n       style=\"cursor:pointer; color:black; text-decoration:none; transition:color 0.3s;\">\n       \n      LPI Nro. BID7-TRANS-001-2025 CONSTRUCCI\u00d3N DE OBRAS CIVILES, PROVISI\u00d3N DE MATERIALES, EQUIPAMIENTO, MONTAJE ELECTROMEC\u00c1NICO, PRUEBAS Y PUESTA EN SERVICIO DEL SISTEMA DE INTERCONEXI\u00d3N EL\u00c9CTRICA ECUADOR \u2013 PER\u00da A 500 kV\n\n    <\/a>\n  <\/li>\n<\/ul>\n\n<script>\n\nconst texto2 = document.getElementById(\"textoPrincipal2\");\ntexto2.addEventListener(\"mouseenter\", () => texto2.style.color = \"gold\");\ntexto2.addEventListener(\"mouseleave\", () => texto2.style.color = \"black\");\n<\/script>\n\n\n\n<ul class=\"wp-block-list\">\n<li><a href=\"https:\/\/www.celec.gob.ec\/transelectric\/lc-no-bid7-trans-002-2025-servicio-de-fiscalizacion-ejerciendo-el-rol-de-el-ingeniero-fidic-libro-rojo-en-el-contrato-de-construccion-de-obras-civiles-provision-de-materiales-equipamiento-montaj\/\" data-type=\"link\" data-id=\"https:\/\/www.celec.gob.ec\/transelectric\/lc-no-bid7-trans-002-2025-servicio-de-fiscalizacion-ejerciendo-el-rol-de-el-ingeniero-fidic-libro-rojo-en-el-contrato-de-construccion-de-obras-civiles-provision-de-materiales-equipamiento-montaj\/\">LC No. BID7-TRANS-002-2025 SERVICIO DE FISCALIZACI\u00d3N EJERCIENDO EL ROL DE EL INGENIERO FIDIC (LIBRO ROJO) EN EL CONTRATO DE CONSTRUCCI\u00d3N DE OBRAS CIVILES, PROVISI\u00d3N DE MATERIALES, EQUIPAMIENTO, MONTAJE ELECTROMEC\u00c1NICO, PRUEBAS Y PUESTA EN SERVICIO DEL SISTEMA DE INTERCONEXI\u00d3N EL\u00c9CTRICA ECUADOR \u2013 PER\u00da A 500 KV<\/a><\/li>\n<\/ul>\n<\/div><\/details>\n<\/div>\n\n\n\n<p><\/p>\n","protected":false},"excerpt":{"rendered":"","protected":false},"author":3,"featured_media":0,"parent":0,"menu_order":0,"comment_status":"closed","ping_status":"closed","template":"","meta":{"_acf_changed":false,"inline_featured_image":false,"_themeisle_gutenberg_block_has_review":false,"footnotes":""},"categories":[],"tags":[],"class_list":["post-8532","page","type-page","status-publish","hentry"],"acf":[],"_links":{"self":[{"href":"https:\/\/www.celec.gob.ec\/transelectric\/wp-json\/wp\/v2\/pages\/8532","targetHints":{"allow":["GET"]}}],"collection":[{"href":"https:\/\/www.celec.gob.ec\/transelectric\/wp-json\/wp\/v2\/pages"}],"about":[{"href":"https:\/\/www.celec.gob.ec\/transelectric\/wp-json\/wp\/v2\/types\/page"}],"author":[{"embeddable":true,"href":"https:\/\/www.celec.gob.ec\/transelectric\/wp-json\/wp\/v2\/users\/3"}],"replies":[{"embeddable":true,"href":"https:\/\/www.celec.gob.ec\/transelectric\/wp-json\/wp\/v2\/comments?post=8532"}],"version-history":[{"count":71,"href":"https:\/\/www.celec.gob.ec\/transelectric\/wp-json\/wp\/v2\/pages\/8532\/revisions"}],"predecessor-version":[{"id":11510,"href":"https:\/\/www.celec.gob.ec\/transelectric\/wp-json\/wp\/v2\/pages\/8532\/revisions\/11510"}],"wp:attachment":[{"href":"https:\/\/www.celec.gob.ec\/transelectric\/wp-json\/wp\/v2\/media?parent=8532"}],"wp:term":[{"taxonomy":"category","embeddable":true,"href":"https:\/\/www.celec.gob.ec\/transelectric\/wp-json\/wp\/v2\/categories?post=8532"},{"taxonomy":"post_tag","embeddable":true,"href":"https:\/\/www.celec.gob.ec\/transelectric\/wp-json\/wp\/v2\/tags?post=8532"}],"curies":[{"name":"wp","href":"https:\/\/api.w.org\/{rel}","templated":true}]}}