{"id":8650,"date":"2024-09-09T16:58:10","date_gmt":"2024-09-09T21:58:10","guid":{"rendered":"https:\/\/www.celec.gob.ec\/transelectric\/?page_id=8650"},"modified":"2024-09-10T08:38:16","modified_gmt":"2024-09-10T13:38:16","slug":"proceso-de-seleccion-simple-especialistas-de-construcciones-de-montaje-electromecanico-circunscripcion-territorial-especial-amazonica-9-de-septiembre-2024","status":"publish","type":"page","link":"https:\/\/www.celec.gob.ec\/transelectric\/proceso-de-seleccion-simple-especialistas-de-construcciones-de-montaje-electromecanico-circunscripcion-territorial-especial-amazonica-9-de-septiembre-2024\/","title":{"rendered":"Procesos de selecci\u00f3n simple, circunscripci\u00f3n territorial especial Amaz\u00f3nica,10 de septiembre 2024"},"content":{"rendered":"\n<p>Al ser procesos que se realizaran en la Zona Oriente, y en la cual rige la Ley Org\u00e1nica para la planificaci\u00f3n integral de la circunscripci\u00f3n territorial especial Amaz\u00f3nica, en el cual en el Art. 41 dice: Derecho al empleo preferente.- Todas las personas naturales y jur\u00eddicas, las empresas p\u00fablicas, privadas, mixtas comunitarias, con capitales nacionales o extranjeros, que realizan sus actividades en la jurisdicci\u00f3n de la Circunscripci\u00f3n Territorial Especial Amaz\u00f3nica contratar\u00e1n a residentes de la misma, no menos del 70%, para ejecuci\u00f3n de actividades dentro de la Circunscripci\u00f3n, con excepci\u00f3n de aquellas para las que no exista la mano de obra calificada requerida, en la misma, si en los procesos que se est\u00e1n realizando no llega existir el personal necesario se llevara a cabo a nivel nacional. Los interesados podr\u00e1n postular en la agencia correspondiente a la oficina en la que se encuentra publicado el proceso (En el CAC Centro de Atenci\u00f3n Ciudadana de Lago Agrio, ubicado en la circunvalaci\u00f3n Gonzalo L\u00f3pez, en las fechas establecidas para cada proceso.<\/p>\n\n\n\n<p class=\"has-text-align-center\"><strong><a href=\"https:\/\/www.celec.gob.ec\/transelectric\/wp-content\/uploads\/2024\/09\/CONVOCATORIA.-2.pdf\">Para ver el requerimiento\u00a0hacer clic aqu\u00ed<\/a><\/strong><\/p>\n","protected":false},"excerpt":{"rendered":"<p>Al ser procesos que se realizaran en la Zona Oriente, y en la cual rige la Ley Org\u00e1nica para la planificaci\u00f3n integral de la circunscripci\u00f3n territorial especial Amaz\u00f3nica, en el cual en el Art. 41 dice: Derecho al empleo preferente.- Todas las personas naturales y jur\u00eddicas, las empresas p\u00fablicas, privadas, mixtas comunitarias, con capitales nacionales [&hellip;]<\/p>\n","protected":false},"author":4,"featured_media":0,"parent":0,"menu_order":0,"comment_status":"closed","ping_status":"closed","template":"","meta":{"_acf_changed":false,"inline_featured_image":false,"_themeisle_gutenberg_block_has_review":false,"footnotes":""},"categories":[],"tags":[],"class_list":["post-8650","page","type-page","status-publish","hentry"],"acf":[],"_links":{"self":[{"href":"https:\/\/www.celec.gob.ec\/transelectric\/wp-json\/wp\/v2\/pages\/8650","targetHints":{"allow":["GET"]}}],"collection":[{"href":"https:\/\/www.celec.gob.ec\/transelectric\/wp-json\/wp\/v2\/pages"}],"about":[{"href":"https:\/\/www.celec.gob.ec\/transelectric\/wp-json\/wp\/v2\/types\/page"}],"author":[{"embeddable":true,"href":"https:\/\/www.celec.gob.ec\/transelectric\/wp-json\/wp\/v2\/users\/4"}],"replies":[{"embeddable":true,"href":"https:\/\/www.celec.gob.ec\/transelectric\/wp-json\/wp\/v2\/comments?post=8650"}],"version-history":[{"count":3,"href":"https:\/\/www.celec.gob.ec\/transelectric\/wp-json\/wp\/v2\/pages\/8650\/revisions"}],"predecessor-version":[{"id":8660,"href":"https:\/\/www.celec.gob.ec\/transelectric\/wp-json\/wp\/v2\/pages\/8650\/revisions\/8660"}],"wp:attachment":[{"href":"https:\/\/www.celec.gob.ec\/transelectric\/wp-json\/wp\/v2\/media?parent=8650"}],"wp:term":[{"taxonomy":"category","embeddable":true,"href":"https:\/\/www.celec.gob.ec\/transelectric\/wp-json\/wp\/v2\/categories?post=8650"},{"taxonomy":"post_tag","embeddable":true,"href":"https:\/\/www.celec.gob.ec\/transelectric\/wp-json\/wp\/v2\/tags?post=8650"}],"curies":[{"name":"wp","href":"https:\/\/api.w.org\/{rel}","templated":true}]}}