{"id":8717,"date":"2024-09-16T15:49:51","date_gmt":"2024-09-16T20:49:51","guid":{"rendered":"https:\/\/www.celec.gob.ec\/transelectric\/?page_id=8717"},"modified":"2024-09-16T15:49:52","modified_gmt":"2024-09-16T20:49:52","slug":"proceso-de-seleccion-simple-especialista-de-trabajo-social-16-de-septiembre-2024","status":"publish","type":"page","link":"https:\/\/www.celec.gob.ec\/transelectric\/proceso-de-seleccion-simple-especialista-de-trabajo-social-16-de-septiembre-2024\/","title":{"rendered":"Proceso de selecci\u00f3n simple, Especialista de Trabajo Social, 16 de septiembre 2024"},"content":{"rendered":"\n<p>En cumplimiento al \u201cReglamento para el Reclutamiento, Preselecci\u00f3n, Selecci\u00f3n, Vinculaci\u00f3n, e Inducci\u00f3n del Talento Humano de la Empresa P\u00fablica Estrat\u00e9gica Corporaci\u00f3n El\u00e9ctrica del Ecuador CELEC EP\u201d, y RESOLUCI\u00d3N No. CEL-RES-0063-22, se pone en consideraci\u00f3n el inicio de la fase de reclutamiento del PROCESO DE SELECCI\u00d3N SIMPLE, para cubrir&nbsp;el cargo&nbsp;detallado en el archivo adjunto.<\/p>\n\n\n\n<p><em>\u201cArt.7.- Reclutamiento: El comit\u00e9 de selecci\u00f3n designado para el efecto tendr\u00e1 la responsabilidad de esta actividad, cuyo objetivo es recopilar todas las postulaciones de los aspirantes potencialmente calificados para ocupar los puestos ofertados por la CELEC EP, sean necesidades temporales o definitivas.<\/em><\/p>\n\n\n\n<p>Los aspirantes que cumplan con los requisitos deber\u00e1n remitir su hoja de vida actualizada junto a los documentos que certifiquen su instrucci\u00f3n formal y experiencia laboral para ser revisadas por los delegados; hasta las&nbsp;<strong>17:00, del 17 de septiembre de 2024&nbsp;<\/strong>al correo<br><strong>diego.tituana@celec.gob.ec,&nbsp;<\/strong>registrando como&nbsp;<strong>ASUNTO&nbsp;<\/strong>el n\u00famero del proceso asignado.<\/p>\n\n\n\n<p>Se considerar\u00e1n&nbsp;\u00fanicamente las&nbsp;postulaciones&nbsp;que apliquen dentro de este periodo de tiempo; NO&nbsp;se receptar\u00e1 documento alguno despu\u00e9s de la recepci\u00f3n de la postulaci\u00f3n.<\/p>\n\n\n\n<p class=\"has-text-align-center\"><strong><a href=\"https:\/\/www.celec.gob.ec\/transelectric\/wp-content\/uploads\/2024\/09\/CONVOCATORIA-ESP_TRAB_SOCIAL.pdf\">Para ver el requerimiento\u00a0hacer clic aqu\u00ed<\/a><\/strong><\/p>\n","protected":false},"excerpt":{"rendered":"<p>En cumplimiento al \u201cReglamento para el Reclutamiento, Preselecci\u00f3n, Selecci\u00f3n, Vinculaci\u00f3n, e Inducci\u00f3n del Talento Humano de la Empresa P\u00fablica Estrat\u00e9gica Corporaci\u00f3n El\u00e9ctrica del Ecuador CELEC EP\u201d, y RESOLUCI\u00d3N No. CEL-RES-0063-22, se pone en consideraci\u00f3n el inicio de la fase de reclutamiento del PROCESO DE SELECCI\u00d3N SIMPLE, para cubrir&nbsp;el cargo&nbsp;detallado en el archivo adjunto. \u201cArt.7.- Reclutamiento: [&hellip;]<\/p>\n","protected":false},"author":4,"featured_media":0,"parent":0,"menu_order":0,"comment_status":"closed","ping_status":"closed","template":"","meta":{"_acf_changed":false,"inline_featured_image":false,"_themeisle_gutenberg_block_has_review":false,"footnotes":""},"categories":[],"tags":[],"class_list":["post-8717","page","type-page","status-publish","hentry"],"acf":[],"_links":{"self":[{"href":"https:\/\/www.celec.gob.ec\/transelectric\/wp-json\/wp\/v2\/pages\/8717","targetHints":{"allow":["GET"]}}],"collection":[{"href":"https:\/\/www.celec.gob.ec\/transelectric\/wp-json\/wp\/v2\/pages"}],"about":[{"href":"https:\/\/www.celec.gob.ec\/transelectric\/wp-json\/wp\/v2\/types\/page"}],"author":[{"embeddable":true,"href":"https:\/\/www.celec.gob.ec\/transelectric\/wp-json\/wp\/v2\/users\/4"}],"replies":[{"embeddable":true,"href":"https:\/\/www.celec.gob.ec\/transelectric\/wp-json\/wp\/v2\/comments?post=8717"}],"version-history":[{"count":1,"href":"https:\/\/www.celec.gob.ec\/transelectric\/wp-json\/wp\/v2\/pages\/8717\/revisions"}],"predecessor-version":[{"id":8719,"href":"https:\/\/www.celec.gob.ec\/transelectric\/wp-json\/wp\/v2\/pages\/8717\/revisions\/8719"}],"wp:attachment":[{"href":"https:\/\/www.celec.gob.ec\/transelectric\/wp-json\/wp\/v2\/media?parent=8717"}],"wp:term":[{"taxonomy":"category","embeddable":true,"href":"https:\/\/www.celec.gob.ec\/transelectric\/wp-json\/wp\/v2\/categories?post=8717"},{"taxonomy":"post_tag","embeddable":true,"href":"https:\/\/www.celec.gob.ec\/transelectric\/wp-json\/wp\/v2\/tags?post=8717"}],"curies":[{"name":"wp","href":"https:\/\/api.w.org\/{rel}","templated":true}]}}