{"id":8827,"date":"2024-10-02T09:32:30","date_gmt":"2024-10-02T14:32:30","guid":{"rendered":"https:\/\/www.celec.gob.ec\/transelectric\/?page_id=8827"},"modified":"2024-10-02T16:48:30","modified_gmt":"2024-10-02T21:48:30","slug":"concurso-de-meritos-y-oposicion-operador-de-subestaciones-sede-molino-2-de-octubre-2024","status":"publish","type":"page","link":"https:\/\/www.celec.gob.ec\/transelectric\/concurso-de-meritos-y-oposicion-operador-de-subestaciones-sede-molino-2-de-octubre-2024\/","title":{"rendered":"Concurso de M\u00e9ritos y Oposici\u00f3n, Operador de Subestaciones, Sede Molino, 2 de octubre 2024"},"content":{"rendered":"\n<p>Los aspirantes que cumplan con los requisitos, deber\u00e1n remitir su hoja de vida actualizada en un solo archivo en formato PDF, los documentos que acrediten su formaci\u00f3n profesional (Tercer Nivel Tecnol\u00f3gico: Tecnol\u00f3gico Superior \u00f3 m\u00e1s de 2 a\u00f1os en t\u00edtulo de Tercer Nivel de Grado: El\u00e9ctrica, Mec\u00e1nica, Industrial; o carreras afines en funci\u00f3n de la formaci\u00f3n (Electricidad, Mec\u00e1nica, Industrial)), experiencia laboral (certificados de trabajo debidamente suscritos y documento de tiempo de servicio por empleador obtenido de la p\u00e1gina del IESS; en trabajos por servicios profesionales deber\u00e1 ser justificada con la presentaci\u00f3n de contratos por servicios profesionales y sus facturas para verificar el cumplimiento del contrato), en caso de existir acciones afirmativas se deber\u00e1 declarar en la postulaci\u00f3n debidamente respaldado con los documentos respectivos, cada postulante solamente podr\u00e1 declarar una acci\u00f3n afirmativa; postular hasta las\u00a0<strong>10:00<\/strong>\u00a0del\u00a0<strong>07 de octubre de 2024<\/strong>, al correo electr\u00f3nico\u00a0<strong>emilia.andrade@celec.gob.ec<\/strong>\u00a0indicando en el ASUNTO, Apellidos y Nombres, el c\u00f3digo al puesto que est\u00e1n postulando, de la siguiente manera: APELLIDO APELLIDO NOMBRE NOMBRE \/ CMO-012-2024.<\/p>\n\n\n\n<p>Solamente se considerar\u00e1 a los postulantes que cumplan con el formato establecido para el ASUNTO en el correo de postulaci\u00f3n.<br>De manera paralela y obligatoria se deber\u00e1 llenar el formulario en el siguiente link:\u00a0<a href=\"https:\/\/forms.office.com\/pages\/responsepage.aspx?id=YwZGADauo0GhNQj4oGAVsHRMFslWqvxKg8R5yVjj7y5URVdJOE8xVk42V1pKOTAwU0dGQ0swWFA1Vy4u&amp;origin=lprLinkToda&amp;route=shorturl\">https:\/\/forms.office.com\/r\/2s9mcknf2j?origin=lprLink<\/a><\/p>\n\n\n\n<p>Toda informaci\u00f3n generada en el concurso de m\u00e9ritos y oposici\u00f3n ser\u00e1 remitida \u00fanicamente mediante correo electr\u00f3nico. El postulante es el \u00fanico responsable de la veracidad y exactitud de la informaci\u00f3n y de sus declaraciones constantes en su hoja de vida; sin embargo, en caso de encontrar, que la misma no se encuentra apegada a la verdad, se descalificar\u00e1 al o los postulantes.<\/p>\n\n\n\n<p>Ser\u00e1n considerados en el proceso de selecci\u00f3n por concurso de m\u00e9ritos y oposici\u00f3n \u00fanicamente los candidatos que cumplan los requisitos e indicaciones anteriormente establecidos, env\u00edo de correo y haber llenado el formulario de hoja de vida anexo.<\/p>\n\n\n\n<p class=\"has-text-align-center\"><strong><a href=\"https:\/\/www.celec.gob.ec\/transelectric\/wp-content\/uploads\/2024\/10\/CONVOCATORIA-OPERADOR-SUBESTACIONES-CMO-012-2024.pdf\">Para ver el requerimiento&nbsp;hacer clic aqu\u00ed<\/a><\/strong><\/p>\n","protected":false},"excerpt":{"rendered":"<p>Los aspirantes que cumplan con los requisitos, deber\u00e1n remitir su hoja de vida actualizada en un solo archivo en formato PDF, los documentos que acrediten su formaci\u00f3n profesional (Tercer Nivel Tecnol\u00f3gico: Tecnol\u00f3gico Superior \u00f3 m\u00e1s de 2 a\u00f1os en t\u00edtulo de Tercer Nivel de Grado: El\u00e9ctrica, Mec\u00e1nica, Industrial; o carreras afines en funci\u00f3n de la [&hellip;]<\/p>\n","protected":false},"author":4,"featured_media":0,"parent":0,"menu_order":0,"comment_status":"closed","ping_status":"closed","template":"","meta":{"_acf_changed":false,"inline_featured_image":false,"_themeisle_gutenberg_block_has_review":false,"footnotes":""},"categories":[],"tags":[],"class_list":["post-8827","page","type-page","status-publish","hentry"],"acf":[],"_links":{"self":[{"href":"https:\/\/www.celec.gob.ec\/transelectric\/wp-json\/wp\/v2\/pages\/8827","targetHints":{"allow":["GET"]}}],"collection":[{"href":"https:\/\/www.celec.gob.ec\/transelectric\/wp-json\/wp\/v2\/pages"}],"about":[{"href":"https:\/\/www.celec.gob.ec\/transelectric\/wp-json\/wp\/v2\/types\/page"}],"author":[{"embeddable":true,"href":"https:\/\/www.celec.gob.ec\/transelectric\/wp-json\/wp\/v2\/users\/4"}],"replies":[{"embeddable":true,"href":"https:\/\/www.celec.gob.ec\/transelectric\/wp-json\/wp\/v2\/comments?post=8827"}],"version-history":[{"count":3,"href":"https:\/\/www.celec.gob.ec\/transelectric\/wp-json\/wp\/v2\/pages\/8827\/revisions"}],"predecessor-version":[{"id":8858,"href":"https:\/\/www.celec.gob.ec\/transelectric\/wp-json\/wp\/v2\/pages\/8827\/revisions\/8858"}],"wp:attachment":[{"href":"https:\/\/www.celec.gob.ec\/transelectric\/wp-json\/wp\/v2\/media?parent=8827"}],"wp:term":[{"taxonomy":"category","embeddable":true,"href":"https:\/\/www.celec.gob.ec\/transelectric\/wp-json\/wp\/v2\/categories?post=8827"},{"taxonomy":"post_tag","embeddable":true,"href":"https:\/\/www.celec.gob.ec\/transelectric\/wp-json\/wp\/v2\/tags?post=8827"}],"curies":[{"name":"wp","href":"https:\/\/api.w.org\/{rel}","templated":true}]}}