{"id":9068,"date":"2024-11-15T11:46:15","date_gmt":"2024-11-15T16:46:15","guid":{"rendered":"https:\/\/www.celec.gob.ec\/transelectric\/?page_id=9068"},"modified":"2024-11-15T11:46:16","modified_gmt":"2024-11-15T16:46:16","slug":"lc-no-bid7-trans-001-2024-consultoria-para-la-actualizacion-del-levantamiento-de-la-linea-base-y-complementacion-del-plan-de-reasentamiento-y-restitucion-de-activos-del-proyecto-interconexion-electri","status":"publish","type":"page","link":"https:\/\/www.celec.gob.ec\/transelectric\/lc-no-bid7-trans-001-2024-consultoria-para-la-actualizacion-del-levantamiento-de-la-linea-base-y-complementacion-del-plan-de-reasentamiento-y-restitucion-de-activos-del-proyecto-interconexion-electri\/","title":{"rendered":"LC No. BID7-TRANS-001-2024 CONSULTOR\u00cdA PARA LA ACTUALIZACI\u00d3N DEL LEVANTAMIENTO DE LA L\u00cdNEA BASE Y COMPLEMENTACI\u00d3N DEL PLAN DE REASENTAMIENTO Y RESTITUCI\u00d3N DE ACTIVOS DEL PROYECTO INTERCONEXI\u00d3N EL\u00c9CTRICA ECUADOR \u2013 PER\u00da EN 500 KILOVOLTIOS, TRAMO ECUATORIANO"},"content":{"rendered":"\n<ul class=\"wp-block-list\">\n<li><a href=\"https:\/\/www.celec.gob.ec\/transelectric\/wp-content\/uploads\/2024\/11\/20241115_Invitacion-a-Presentar-Expresiones-de-Interes_Consultoria-PRRA-signed.pdf\">Invitaci\u00f3n a presentar expresiones de inter\u00e9s <\/a><\/li>\n<\/ul>\n","protected":false},"excerpt":{"rendered":"","protected":false},"author":4,"featured_media":0,"parent":0,"menu_order":0,"comment_status":"closed","ping_status":"closed","template":"","meta":{"_acf_changed":false,"inline_featured_image":false,"_themeisle_gutenberg_block_has_review":false,"footnotes":""},"categories":[],"tags":[],"class_list":["post-9068","page","type-page","status-publish","hentry"],"acf":[],"_links":{"self":[{"href":"https:\/\/www.celec.gob.ec\/transelectric\/wp-json\/wp\/v2\/pages\/9068","targetHints":{"allow":["GET"]}}],"collection":[{"href":"https:\/\/www.celec.gob.ec\/transelectric\/wp-json\/wp\/v2\/pages"}],"about":[{"href":"https:\/\/www.celec.gob.ec\/transelectric\/wp-json\/wp\/v2\/types\/page"}],"author":[{"embeddable":true,"href":"https:\/\/www.celec.gob.ec\/transelectric\/wp-json\/wp\/v2\/users\/4"}],"replies":[{"embeddable":true,"href":"https:\/\/www.celec.gob.ec\/transelectric\/wp-json\/wp\/v2\/comments?post=9068"}],"version-history":[{"count":1,"href":"https:\/\/www.celec.gob.ec\/transelectric\/wp-json\/wp\/v2\/pages\/9068\/revisions"}],"predecessor-version":[{"id":9070,"href":"https:\/\/www.celec.gob.ec\/transelectric\/wp-json\/wp\/v2\/pages\/9068\/revisions\/9070"}],"wp:attachment":[{"href":"https:\/\/www.celec.gob.ec\/transelectric\/wp-json\/wp\/v2\/media?parent=9068"}],"wp:term":[{"taxonomy":"category","embeddable":true,"href":"https:\/\/www.celec.gob.ec\/transelectric\/wp-json\/wp\/v2\/categories?post=9068"},{"taxonomy":"post_tag","embeddable":true,"href":"https:\/\/www.celec.gob.ec\/transelectric\/wp-json\/wp\/v2\/tags?post=9068"}],"curies":[{"name":"wp","href":"https:\/\/api.w.org\/{rel}","templated":true}]}}