{"id":9267,"date":"2025-01-07T09:25:18","date_gmt":"2025-01-07T14:25:18","guid":{"rendered":"https:\/\/www.celec.gob.ec\/transelectric\/?page_id=9267"},"modified":"2025-01-07T09:32:05","modified_gmt":"2025-01-07T14:32:05","slug":"intervenciones-emergentes-de-la-red-de-telecomunicaciones-2024","status":"publish","type":"page","link":"https:\/\/www.celec.gob.ec\/transelectric\/intervenciones-emergentes-de-la-red-de-telecomunicaciones-2024\/","title":{"rendered":"Intervenciones emergentes de la red de telecomunicaciones 2024"},"content":{"rendered":"\n<p><strong>Agosto<\/strong><\/p>\n\n\n\n<p><a href=\"https:\/\/www.celec.gob.ec\/transelectric\/wp-content\/uploads\/2024\/08\/REPORTE-WEB-2024-08-21.pdf\" data-type=\"link\" data-id=\"https:\/\/www.celec.gob.ec\/transelectric\/wp-content\/uploads\/2024\/08\/REPORTE-WEB-2024-08-21.pdf\">Subestaciones Macas y M\u00e9ndez, 21 de agosto 2024<\/a><\/p>\n\n\n\n<p><strong>Septiembre<\/strong><\/p>\n\n\n\n<p><a href=\"https:\/\/www.celec.gob.ec\/transelectric\/wp-content\/uploads\/2024\/09\/REPORTE-WEB-07_08-SEPTIMEBRE-DE-2024.pdf\" data-type=\"link\" data-id=\"https:\/\/www.celec.gob.ec\/transelectric\/wp-content\/uploads\/2024\/09\/REPORTE-WEB-07_08-SEPTIMEBRE-DE-2024.pdf\">Subestaci\u00f3n Tena, 7 y 8 de septiembre de 2024<\/a><\/p>\n\n\n\n<p><a href=\"https:\/\/www.celec.gob.ec\/transelectric\/wp-content\/uploads\/2024\/09\/REPORTE-WEB-10_11-SEPTIMEBRE-DE-2024.pdf\" data-type=\"link\" data-id=\"https:\/\/www.celec.gob.ec\/transelectric\/wp-content\/uploads\/2024\/09\/REPORTE-WEB-10_11-SEPTIMEBRE-DE-2024.pdf\">Subestaci\u00f3n Puerto Napo, 10  y 11 de septiembre 2024<\/a><\/p>\n\n\n\n<p><a href=\"https:\/\/www.celec.gob.ec\/transelectric\/wp-content\/uploads\/2024\/09\/REPORTE-WEB-08_09-SEPTIMEBRE-DE-2024.pdf\" data-type=\"link\" data-id=\"https:\/\/www.celec.gob.ec\/transelectric\/wp-content\/uploads\/2024\/09\/REPORTE-WEB-08_09-SEPTIMEBRE-DE-2024.pdf\">Subestaci\u00f3n Loja, 8 y 9 de septiembre de 2024<\/a><\/p>\n\n\n\n<p><a href=\"https:\/\/www.celec.gob.ec\/transelectric\/wp-content\/uploads\/2024\/09\/REPORTE-WEB-20_11-SEPTIMEBRE-DE-2024.pdf\" data-type=\"link\" data-id=\"https:\/\/www.celec.gob.ec\/transelectric\/wp-content\/uploads\/2024\/09\/REPORTE-WEB-20_11-SEPTIMEBRE-DE-2024.pdf\">Subestaci\u00f3n Ibarra 20 y 21 de septiembre de 2024<\/a><\/p>\n\n\n\n<p><a href=\"https:\/\/www.celec.gob.ec\/transelectric\/wp-content\/uploads\/2024\/09\/REPORTE-WEB-26-27-SEPTIMEBRE-DE-2024.pdf\" data-type=\"link\" data-id=\"https:\/\/www.celec.gob.ec\/transelectric\/wp-content\/uploads\/2024\/09\/REPORTE-WEB-26-27-SEPTIMEBRE-DE-2024.pdf\">Subestaci\u00f3n Manta, 26 y 27 de septiembre de 2024<\/a><\/p>\n\n\n\n<p><strong>Octubre<\/strong><\/p>\n\n\n\n<p><a href=\"https:\/\/www.celec.gob.ec\/transelectric\/wp-content\/uploads\/2024\/09\/REPORTE-WEB-01-02-OCTUBRE-DE-2024.pdf\" data-type=\"link\" data-id=\"https:\/\/www.celec.gob.ec\/transelectric\/wp-content\/uploads\/2024\/09\/REPORTE-WEB-01-02-OCTUBRE-DE-2024.pdf\">Subestaci\u00f3n Bomboiza, 1 y 2 de octubre de 2024<\/a><\/p>\n","protected":false},"excerpt":{"rendered":"<p>Agosto Subestaciones Macas y M\u00e9ndez, 21 de agosto 2024 Septiembre Subestaci\u00f3n Tena, 7 y 8 de septiembre de 2024 Subestaci\u00f3n Puerto Napo, 10 y 11 de septiembre 2024 Subestaci\u00f3n Loja, 8 y 9 de septiembre de 2024 Subestaci\u00f3n Ibarra 20 y 21 de septiembre de 2024 Subestaci\u00f3n Manta, 26 y 27 de septiembre de 2024 [&hellip;]<\/p>\n","protected":false},"author":3,"featured_media":0,"parent":0,"menu_order":0,"comment_status":"closed","ping_status":"closed","template":"","meta":{"_acf_changed":false,"inline_featured_image":false,"_themeisle_gutenberg_block_has_review":false,"footnotes":""},"categories":[],"tags":[],"class_list":["post-9267","page","type-page","status-publish","hentry"],"acf":[],"_links":{"self":[{"href":"https:\/\/www.celec.gob.ec\/transelectric\/wp-json\/wp\/v2\/pages\/9267","targetHints":{"allow":["GET"]}}],"collection":[{"href":"https:\/\/www.celec.gob.ec\/transelectric\/wp-json\/wp\/v2\/pages"}],"about":[{"href":"https:\/\/www.celec.gob.ec\/transelectric\/wp-json\/wp\/v2\/types\/page"}],"author":[{"embeddable":true,"href":"https:\/\/www.celec.gob.ec\/transelectric\/wp-json\/wp\/v2\/users\/3"}],"replies":[{"embeddable":true,"href":"https:\/\/www.celec.gob.ec\/transelectric\/wp-json\/wp\/v2\/comments?post=9267"}],"version-history":[{"count":2,"href":"https:\/\/www.celec.gob.ec\/transelectric\/wp-json\/wp\/v2\/pages\/9267\/revisions"}],"predecessor-version":[{"id":9269,"href":"https:\/\/www.celec.gob.ec\/transelectric\/wp-json\/wp\/v2\/pages\/9267\/revisions\/9269"}],"wp:attachment":[{"href":"https:\/\/www.celec.gob.ec\/transelectric\/wp-json\/wp\/v2\/media?parent=9267"}],"wp:term":[{"taxonomy":"category","embeddable":true,"href":"https:\/\/www.celec.gob.ec\/transelectric\/wp-json\/wp\/v2\/categories?post=9267"},{"taxonomy":"post_tag","embeddable":true,"href":"https:\/\/www.celec.gob.ec\/transelectric\/wp-json\/wp\/v2\/tags?post=9267"}],"curies":[{"name":"wp","href":"https:\/\/api.w.org\/{rel}","templated":true}]}}