{"id":93,"date":"2023-02-18T22:16:35","date_gmt":"2023-02-18T22:16:35","guid":{"rendered":"https:\/\/www.celec.gob.ec\/transelectric\/?page_id=93"},"modified":"2026-01-09T11:06:10","modified_gmt":"2026-01-09T16:06:10","slug":"auditorias-ambientales","status":"publish","type":"page","link":"https:\/\/www.celec.gob.ec\/transelectric\/auditorias-ambientales\/","title":{"rendered":"Auditor\u00edas Ambientales"},"content":{"rendered":"\n<p>Vea las auditor\u00edas ambientales por partes<\/p>\n\n\n\n<ol class=\"indice-partes\">\n  <li>\n    <a href=\"https:\/\/www.celec.gob.ec\/transelectric\/auditorias-ambientales-parte-1\/\">\n      Auditor\u00edas Ambientales \u2013 Parte 1\n    <\/a>\n    <ul>\n      <li>\n        Contiene auditor\u00edas y matrices de cumplimiento ambiental de las l\u00edneas de transmisi\u00f3n\n        Caraguay \u2013 Las Esclusas, Cuenca \u2013 Loja, Las Esclusas \u2013 Trinitaria,\n        Machala \u2013 Frontera, Milagro \u2013 Babahoyo y Milagro \u2013 Las Esclusas.\n      <\/li>\n    <\/ul>\n  <\/li>\n\n  <li>\n    <a href=\"https:\/\/www.celec.gob.ec\/transelectric\/auditorias-ambientales-parte-2\/\">\n      Auditor\u00edas Ambientales \u2013 Parte 2\n    <\/a>\n    <ul>\n      <li>\n        Incluye auditor\u00edas y documentos ambientales de la l\u00ednea Milagro \u2013 Machala,\n        desde el Cap\u00edtulo 1 hasta el Cap\u00edtulo 13.\n      <\/li>\n    <\/ul>\n  <\/li>\n\n  <li>\n    <a href=\"https:\/\/www.celec.gob.ec\/transelectric\/auditorias-ambientales-parte-3\/\">\n      Auditor\u00edas Ambientales \u2013 Parte 3\n    <\/a>\n    <ul>\n      <li>\n        Presenta auditor\u00edas y matrices de cumplimiento ambiental de las l\u00edneas\n        Pasto \u2013 Quito II, Quevedo \u2013 Portoviejo.\n      <\/li>\n    <\/ul>\n  <\/li>\n\n  <li>\n    <a href=\"https:\/\/www.celec.gob.ec\/transelectric\/auditorias-ambientales-parte-4\/\">\n      Auditor\u00edas Ambientales \u2013 Parte 4\n    <\/a>\n    <ul>\n      <li>\n        Presenta auditor\u00edas y matrices de cumplimiento ambiental de las l\u00edneas\n        Trinitaria \u2013 Salitral, Zhoray \u2013 Cuenca y subestaciones del SNT.\n      <\/li>\n    <\/ul>\n  <\/li>\n<\/ol>\n\n\n\n\n<h2 class=\"wp-block-heading\"><\/h2>\n","protected":false},"excerpt":{"rendered":"<p>Vea las auditor\u00edas ambientales por partes Auditor\u00edas Ambientales \u2013 Parte 1 Contiene auditor\u00edas y matrices de cumplimiento ambiental de las l\u00edneas de transmisi\u00f3n Caraguay \u2013 Las Esclusas, Cuenca \u2013 Loja, Las Esclusas \u2013 Trinitaria, Machala \u2013 Frontera, Milagro \u2013 Babahoyo y Milagro \u2013 Las Esclusas. Auditor\u00edas Ambientales \u2013 Parte 2 Incluye auditor\u00edas y documentos ambientales [&hellip;]<\/p>\n","protected":false},"author":1,"featured_media":0,"parent":0,"menu_order":0,"comment_status":"closed","ping_status":"closed","template":"","meta":{"_acf_changed":false,"inline_featured_image":false,"_themeisle_gutenberg_block_has_review":false,"footnotes":""},"categories":[],"tags":[],"class_list":["post-93","page","type-page","status-publish","hentry"],"acf":[],"_links":{"self":[{"href":"https:\/\/www.celec.gob.ec\/transelectric\/wp-json\/wp\/v2\/pages\/93","targetHints":{"allow":["GET"]}}],"collection":[{"href":"https:\/\/www.celec.gob.ec\/transelectric\/wp-json\/wp\/v2\/pages"}],"about":[{"href":"https:\/\/www.celec.gob.ec\/transelectric\/wp-json\/wp\/v2\/types\/page"}],"author":[{"embeddable":true,"href":"https:\/\/www.celec.gob.ec\/transelectric\/wp-json\/wp\/v2\/users\/1"}],"replies":[{"embeddable":true,"href":"https:\/\/www.celec.gob.ec\/transelectric\/wp-json\/wp\/v2\/comments?post=93"}],"version-history":[{"count":166,"href":"https:\/\/www.celec.gob.ec\/transelectric\/wp-json\/wp\/v2\/pages\/93\/revisions"}],"predecessor-version":[{"id":11742,"href":"https:\/\/www.celec.gob.ec\/transelectric\/wp-json\/wp\/v2\/pages\/93\/revisions\/11742"}],"wp:attachment":[{"href":"https:\/\/www.celec.gob.ec\/transelectric\/wp-json\/wp\/v2\/media?parent=93"}],"wp:term":[{"taxonomy":"category","embeddable":true,"href":"https:\/\/www.celec.gob.ec\/transelectric\/wp-json\/wp\/v2\/categories?post=93"},{"taxonomy":"post_tag","embeddable":true,"href":"https:\/\/www.celec.gob.ec\/transelectric\/wp-json\/wp\/v2\/tags?post=93"}],"curies":[{"name":"wp","href":"https:\/\/api.w.org\/{rel}","templated":true}]}}