{"id":9566,"date":"2025-03-19T12:22:25","date_gmt":"2025-03-19T17:22:25","guid":{"rendered":"https:\/\/www.celec.gob.ec\/transelectric\/?page_id=9566"},"modified":"2025-03-19T15:03:27","modified_gmt":"2025-03-19T20:03:27","slug":"lc-no-bid7-trans-001-2025-consultoria-para-la-actualizacion-del-levantamiento-de-la-linea-base-y-complementacion-del-plan-de-reasentamiento-y-restitucion-de-activos-del-proyecto-interconexion-el","status":"publish","type":"page","link":"https:\/\/www.celec.gob.ec\/transelectric\/lc-no-bid7-trans-001-2025-consultoria-para-la-actualizacion-del-levantamiento-de-la-linea-base-y-complementacion-del-plan-de-reasentamiento-y-restitucion-de-activos-del-proyecto-interconexion-el\/","title":{"rendered":"LC No. BID7-TRANS-001-2025\u00a0CONSULTOR\u00cdA PARA LA ACTUALIZACI\u00d3N DEL LEVANTAMIENTO DE LA L\u00cdNEA BASE Y COMPLEMENTACI\u00d3N DEL PLAN DE REASENTAMIENTO Y RESTITUCI\u00d3N DE ACTIVOS DEL PROYECTO INTERCONEXI\u00d3N EL\u00c9CTRICA ECUADOR &#8211; PER\u00da EN 500 KILOVOLTIOS, TRAMO ECUATORIANO"},"content":{"rendered":"\n<ul class=\"wp-block-list\">\n<li><a href=\"https:\/\/www.celec.gob.ec\/transelectric\/wp-content\/uploads\/2025\/03\/1.1.-ANEXO-1A-ARTE-PARA-LA-PUBLICACION-INVITACION-A-PRESENTAR-EXPRESIONES-DE-INTERES-signed.pdf\">Invitaci\u00f3n a presentar expresiones de inter\u00e9s<\/a><\/li>\n<\/ul>\n","protected":false},"excerpt":{"rendered":"","protected":false},"author":3,"featured_media":0,"parent":0,"menu_order":0,"comment_status":"closed","ping_status":"closed","template":"","meta":{"_acf_changed":false,"inline_featured_image":false,"_themeisle_gutenberg_block_has_review":false,"footnotes":""},"categories":[],"tags":[],"class_list":["post-9566","page","type-page","status-publish","hentry"],"acf":[],"_links":{"self":[{"href":"https:\/\/www.celec.gob.ec\/transelectric\/wp-json\/wp\/v2\/pages\/9566","targetHints":{"allow":["GET"]}}],"collection":[{"href":"https:\/\/www.celec.gob.ec\/transelectric\/wp-json\/wp\/v2\/pages"}],"about":[{"href":"https:\/\/www.celec.gob.ec\/transelectric\/wp-json\/wp\/v2\/types\/page"}],"author":[{"embeddable":true,"href":"https:\/\/www.celec.gob.ec\/transelectric\/wp-json\/wp\/v2\/users\/3"}],"replies":[{"embeddable":true,"href":"https:\/\/www.celec.gob.ec\/transelectric\/wp-json\/wp\/v2\/comments?post=9566"}],"version-history":[{"count":2,"href":"https:\/\/www.celec.gob.ec\/transelectric\/wp-json\/wp\/v2\/pages\/9566\/revisions"}],"predecessor-version":[{"id":9570,"href":"https:\/\/www.celec.gob.ec\/transelectric\/wp-json\/wp\/v2\/pages\/9566\/revisions\/9570"}],"wp:attachment":[{"href":"https:\/\/www.celec.gob.ec\/transelectric\/wp-json\/wp\/v2\/media?parent=9566"}],"wp:term":[{"taxonomy":"category","embeddable":true,"href":"https:\/\/www.celec.gob.ec\/transelectric\/wp-json\/wp\/v2\/categories?post=9566"},{"taxonomy":"post_tag","embeddable":true,"href":"https:\/\/www.celec.gob.ec\/transelectric\/wp-json\/wp\/v2\/tags?post=9566"}],"curies":[{"name":"wp","href":"https:\/\/api.w.org\/{rel}","templated":true}]}}