{"id":9627,"date":"2025-04-03T11:08:51","date_gmt":"2025-04-03T16:08:51","guid":{"rendered":"https:\/\/www.celec.gob.ec\/transelectric\/?page_id=9627"},"modified":"2025-04-03T11:08:51","modified_gmt":"2025-04-03T16:08:51","slug":"proceso-de-seleccion-simple-especialista-de-diseno-electromecanico-de-lineas-transmision-3-de-abril-2025","status":"publish","type":"page","link":"https:\/\/www.celec.gob.ec\/transelectric\/proceso-de-seleccion-simple-especialista-de-diseno-electromecanico-de-lineas-transmision-3-de-abril-2025\/","title":{"rendered":"Proceso de selecci\u00f3n simple, Especialista de Dise\u00f1o Electromec\u00e1nico de L\u00edneas Transmisi\u00f3n, 3 de abril 2025"},"content":{"rendered":"\n<p>En cumplimiento a la&nbsp;<em>\u00abCodificaci\u00f3n del Reglamento para el Reclutamiento, Preselecci\u00f3n, Selecci\u00f3n, Vinculaci\u00f3n, e Inducci\u00f3n del Talento Humano de la Empresa P\u00fablica Estrat\u00e9gica Corporaci\u00f3n El\u00e9ctrica del Ecuador CELEC EP.\u00bb<\/em>, y la Resoluci\u00f3n Nro. CEL-RES-0320-24, se pone en consideraci\u00f3n el inicio de la fase de reclutamiento del PROCESO DE SELECCI\u00d3N SIMPLE, para cubrir el cargo detallado en el archivo adjunto.<\/p>\n\n\n\n<p><em>\u00ab14.1.- Reclutamiento \/ Preselecci\u00f3n: Los delegados del \u00e1rea de Talento Humano y del&nbsp; \u00e1rea requirente designados para el proceso de selecci\u00f3n simple tendr\u00e1n la responsabilidad de esta actividad, cuyo objetivo es recopilar todas las postulaciones de los aspirantes potencialmente calificados para ocupar los puestos temporales ofertados por la CELEC EP.<\/em><\/p>\n\n\n\n<p>Los aspirantes que cumplan con los requisitos deber\u00e1n remitir su hoja de vida actualizada junto a los documentos que certifiquen su instrucci\u00f3n formal y experiencia laboral para ser revisadas por los delegados; hasta las\u00a0<strong>11:30, del 4 de abril de 2025 al correo alexandra.sarabia@celec.gob.ec,\u00a0<\/strong>registrando como\u00a0<strong>ASUNTO\u00a0<\/strong>el n\u00famero del proceso asignado.<\/p>\n\n\n\n<p><em>Este reclutamiento se lo realizar\u00e1 a trav\u00e9s de una convocatoria abierta, a trav\u00e9s del uso medios de comunicaci\u00f3n tecnol\u00f3gicos corporativos, cuya duraci\u00f3n m\u00ednima de 24 horas h\u00e1biles.\u00bb<\/em><\/p>\n\n\n\n<p>Se considerar\u00e1n&nbsp;\u00fanicamente las&nbsp;postulaciones&nbsp;que apliquen dentro de este periodo de tiempo; NO&nbsp;se receptar\u00e1 documento alguno despu\u00e9s de la recepci\u00f3n de la postulaci\u00f3n.<\/p>\n\n\n\n<p class=\"has-text-align-center\"><strong><a href=\"https:\/\/www.celec.gob.ec\/transelectric\/wp-content\/uploads\/2025\/04\/Convocatoria-Especialista-de-Diseno-Electromecanico-Lineas-de-Transmision.pdf\">Para ver el requerimiento\u00a0hacer clic aqu\u00ed<\/a><\/strong><\/p>\n","protected":false},"excerpt":{"rendered":"<p>En cumplimiento a la&nbsp;\u00abCodificaci\u00f3n del Reglamento para el Reclutamiento, Preselecci\u00f3n, Selecci\u00f3n, Vinculaci\u00f3n, e Inducci\u00f3n del Talento Humano de la Empresa P\u00fablica Estrat\u00e9gica Corporaci\u00f3n El\u00e9ctrica del Ecuador CELEC EP.\u00bb, y la Resoluci\u00f3n Nro. CEL-RES-0320-24, se pone en consideraci\u00f3n el inicio de la fase de reclutamiento del PROCESO DE SELECCI\u00d3N SIMPLE, para cubrir el cargo detallado en [&hellip;]<\/p>\n","protected":false},"author":4,"featured_media":0,"parent":0,"menu_order":0,"comment_status":"closed","ping_status":"closed","template":"","meta":{"_acf_changed":false,"inline_featured_image":false,"_themeisle_gutenberg_block_has_review":false,"footnotes":""},"categories":[],"tags":[],"class_list":["post-9627","page","type-page","status-publish","hentry"],"acf":[],"_links":{"self":[{"href":"https:\/\/www.celec.gob.ec\/transelectric\/wp-json\/wp\/v2\/pages\/9627","targetHints":{"allow":["GET"]}}],"collection":[{"href":"https:\/\/www.celec.gob.ec\/transelectric\/wp-json\/wp\/v2\/pages"}],"about":[{"href":"https:\/\/www.celec.gob.ec\/transelectric\/wp-json\/wp\/v2\/types\/page"}],"author":[{"embeddable":true,"href":"https:\/\/www.celec.gob.ec\/transelectric\/wp-json\/wp\/v2\/users\/4"}],"replies":[{"embeddable":true,"href":"https:\/\/www.celec.gob.ec\/transelectric\/wp-json\/wp\/v2\/comments?post=9627"}],"version-history":[{"count":1,"href":"https:\/\/www.celec.gob.ec\/transelectric\/wp-json\/wp\/v2\/pages\/9627\/revisions"}],"predecessor-version":[{"id":9629,"href":"https:\/\/www.celec.gob.ec\/transelectric\/wp-json\/wp\/v2\/pages\/9627\/revisions\/9629"}],"wp:attachment":[{"href":"https:\/\/www.celec.gob.ec\/transelectric\/wp-json\/wp\/v2\/media?parent=9627"}],"wp:term":[{"taxonomy":"category","embeddable":true,"href":"https:\/\/www.celec.gob.ec\/transelectric\/wp-json\/wp\/v2\/categories?post=9627"},{"taxonomy":"post_tag","embeddable":true,"href":"https:\/\/www.celec.gob.ec\/transelectric\/wp-json\/wp\/v2\/tags?post=9627"}],"curies":[{"name":"wp","href":"https:\/\/api.w.org\/{rel}","templated":true}]}}