{"id":97,"date":"2023-02-18T22:21:38","date_gmt":"2023-02-18T22:21:38","guid":{"rendered":"https:\/\/www.celec.gob.ec\/transelectric\/?page_id=97"},"modified":"2026-01-12T11:18:03","modified_gmt":"2026-01-12T16:18:03","slug":"estudio-de-impacto-ambiental","status":"publish","type":"page","link":"https:\/\/www.celec.gob.ec\/transelectric\/estudio-de-impacto-ambiental\/","title":{"rendered":"Estudio de Impacto Ambiental"},"content":{"rendered":"\n<h2 class=\"wp-block-heading\"><\/h2>\n\n\n\n<ol class=\"indice-partes\">\n  <li>\n    <a href=\"https:\/\/www.celec.gob.ec\/transelectric\/estudio-de-impacto-ambiental-parte-1\/\">\n       Estudio De Impacto Ambiental \u2013 Parte 1\n    <\/a>\n    <ul>\n      <li>\n        Contiene:\n            Ficha ambiental subestaci\u00f3n Dur\u00e1n , Estudio de Impacto Ambiental  L\u00ednea de Transmisi\u00f3n Milagro \u2013 Babahoyo , Ficha Ambiental Subestaci\u00f3n Loreto , L\u00ednea de Transmisi\u00f3n Chong\u00f3n \u2013 Santa Elena , L\u00ednea de trasmisi\u00f3n Motupe \u2013 Yanacocha , L\u00ednea de transmisi\u00f3n Santa Rosa \u2013 Pomasqui II , L\u00ednea de transmisi\u00f3n  Sto. Domingo \u2013 Esmeraldas \n\n      <\/li>\n    <\/ul>\n  <\/li>\n\n  <li>\n    <a href=\"https:\/\/www.celec.gob.ec\/transelectric\/estudio-de-impacto-ambiental-parte-2\/\">\n       Estudio De Impacto Ambiental \u2013 Parte 2\n    <\/a>\n    <ul>\n      <li>\n        Contiene:\n        Subestaci\u00f3n Chong\u00f3n , Subestaci\u00f3n Cumbaratza , Subestaci\u00f3n El Inga , Subestaci\u00f3n Quinind\u00e9 ,        Subestaci\u00f3n Yanacocha\n\n      <\/li>\n    <\/ul>\n  <\/li>\n\n  <li>\n    <a href=\"https:\/\/www.celec.gob.ec\/transelectric\/estudio-de-impacto-ambiental-parte-3\/\">\n       Estudio De Impacto Ambiental \u2013 Parte 3\n    <\/a>\n    <ul>\n      <li>\n         Contiene:\n        L\u00edneas de Transmisi\u00f3n SNT\n        L\/T Sarapullo \u2013 Alluriqu\u00edn\n\n      <\/li>\n    <\/ul>\n  <\/li>\n\n  <li>\n    <a href=\"https:\/\/www.celec.gob.ec\/transelectric\/estudio-de-impacto-ambiental-parte-4\/\">\n      Estudio De Impacto Ambiental \u2013 Parte 4\n    <\/a>\n    <ul>\n      <li>\n       Contiene:\n       Sistema de Transmisi\u00f3n de Extra Alta Tensi\u00f3n, a 500 kV\n      <\/li>\n    <\/ul>\n  <\/li>\n<\/ol>\n\n\n\n<p><\/p>\n","protected":false},"excerpt":{"rendered":"<p>Estudio De Impacto Ambiental \u2013 Parte 1 Contiene: Ficha ambiental subestaci\u00f3n Dur\u00e1n , Estudio de Impacto Ambiental L\u00ednea de Transmisi\u00f3n Milagro \u2013 Babahoyo , Ficha Ambiental Subestaci\u00f3n Loreto , L\u00ednea de Transmisi\u00f3n Chong\u00f3n \u2013 Santa Elena , L\u00ednea de trasmisi\u00f3n Motupe \u2013 Yanacocha , L\u00ednea de transmisi\u00f3n Santa Rosa \u2013 Pomasqui II , L\u00ednea de [&hellip;]<\/p>\n","protected":false},"author":1,"featured_media":0,"parent":0,"menu_order":0,"comment_status":"closed","ping_status":"closed","template":"","meta":{"_acf_changed":false,"inline_featured_image":false,"_themeisle_gutenberg_block_has_review":false,"footnotes":""},"categories":[],"tags":[],"class_list":["post-97","page","type-page","status-publish","hentry"],"acf":[],"_links":{"self":[{"href":"https:\/\/www.celec.gob.ec\/transelectric\/wp-json\/wp\/v2\/pages\/97","targetHints":{"allow":["GET"]}}],"collection":[{"href":"https:\/\/www.celec.gob.ec\/transelectric\/wp-json\/wp\/v2\/pages"}],"about":[{"href":"https:\/\/www.celec.gob.ec\/transelectric\/wp-json\/wp\/v2\/types\/page"}],"author":[{"embeddable":true,"href":"https:\/\/www.celec.gob.ec\/transelectric\/wp-json\/wp\/v2\/users\/1"}],"replies":[{"embeddable":true,"href":"https:\/\/www.celec.gob.ec\/transelectric\/wp-json\/wp\/v2\/comments?post=97"}],"version-history":[{"count":14,"href":"https:\/\/www.celec.gob.ec\/transelectric\/wp-json\/wp\/v2\/pages\/97\/revisions"}],"predecessor-version":[{"id":11833,"href":"https:\/\/www.celec.gob.ec\/transelectric\/wp-json\/wp\/v2\/pages\/97\/revisions\/11833"}],"wp:attachment":[{"href":"https:\/\/www.celec.gob.ec\/transelectric\/wp-json\/wp\/v2\/media?parent=97"}],"wp:term":[{"taxonomy":"category","embeddable":true,"href":"https:\/\/www.celec.gob.ec\/transelectric\/wp-json\/wp\/v2\/categories?post=97"},{"taxonomy":"post_tag","embeddable":true,"href":"https:\/\/www.celec.gob.ec\/transelectric\/wp-json\/wp\/v2\/tags?post=97"}],"curies":[{"name":"wp","href":"https:\/\/api.w.org\/{rel}","templated":true}]}}